{"id":10,"date":"2022-08-30T08:18:24","date_gmt":"2022-08-30T06:18:24","guid":{"rendered":"https:\/\/norsapharma.com\/sklep\/?page_id=10"},"modified":"2023-02-13T16:08:04","modified_gmt":"2023-02-13T15:08:04","slug":"zwroty","status":"publish","type":"page","link":"https:\/\/norsapharma.com\/sklep\/zwroty\/","title":{"rendered":"Zwroty i reklamacje"},"content":{"rendered":"\t\t<div data-elementor-type=\"wp-page\" data-elementor-id=\"10\" class=\"elementor elementor-10\">\n\t\t\t\t\t\t<section class=\"elementor-section elementor-top-section elementor-element elementor-element-42cba46 elementor-section-boxed elementor-section-height-default elementor-section-height-default\" data-id=\"42cba46\" data-element_type=\"section\" data-e-type=\"section\">\n\t\t\t\t\t\t<div class=\"elementor-container elementor-column-gap-default\">\n\t\t\t\t\t<div class=\"elementor-column elementor-col-100 elementor-top-column elementor-element elementor-element-9f54065\" data-id=\"9f54065\" data-element_type=\"column\" data-e-type=\"column\">\n\t\t\t<div class=\"elementor-widget-wrap elementor-element-populated\">\n\t\t\t\t\t\t<div class=\"elementor-element elementor-element-081e2ca elementor-widget elementor-widget-heading\" data-id=\"081e2ca\" data-element_type=\"widget\" data-e-type=\"widget\" data-widget_type=\"heading.default\">\n\t\t\t\t<div class=\"elementor-widget-container\">\n\t\t\t\t\t<h1 class=\"elementor-heading-title elementor-size-default\">Zwroty i reklamacje<\/h1>\t\t\t\t<\/div>\n\t\t\t\t<\/div>\n\t\t\t\t\t<\/div>\n\t\t<\/div>\n\t\t\t\t\t<\/div>\n\t\t<\/section>\n\t\t\t\t<section class=\"elementor-section elementor-top-section elementor-element elementor-element-2a65534 elementor-section-boxed elementor-section-height-default elementor-section-height-default\" data-id=\"2a65534\" data-element_type=\"section\" data-e-type=\"section\">\n\t\t\t\t\t\t<div class=\"elementor-container elementor-column-gap-default\">\n\t\t\t\t\t<div class=\"elementor-column elementor-col-100 elementor-top-column elementor-element elementor-element-0f711bb\" data-id=\"0f711bb\" data-element_type=\"column\" data-e-type=\"column\">\n\t\t\t<div class=\"elementor-widget-wrap elementor-element-populated\">\n\t\t\t\t\t\t<div class=\"elementor-element elementor-element-da75647 elementor-widget elementor-widget-text-editor\" data-id=\"da75647\" data-element_type=\"widget\" data-e-type=\"widget\" data-widget_type=\"text-editor.default\">\n\t\t\t\t<div class=\"elementor-widget-container\">\n\t\t\t\t\t\t\t\t\t<h3>Zwroty<\/h3><p><span style=\"font-family: Roboto, sans-serif;\">Mo\u017cesz zwr\u00f3ci\u0107 zakupione produkty bez podania przyczyny w ci\u0105gu 14 dni od dnia odbioru towaru. Do\u0142\u0105czenie wype\u0142nionego <span style=\"color: #000000;\"><a style=\"color: #000000;\" href=\"https:\/\/norsapharma.com\/sklep\/wp-content\/uploads\/2022\/09\/NORSA-PHARMA-Formularz-reklamacyjny.doc.pdf\"><strong><span style=\"text-decoration: underline;\">FORMULARZA ZWROTU<\/span><\/strong><\/a> do przesy\u0142ki przyspieszy weryfikacj\u0119 zam\u00f3wienia.<\/span><\/span><\/p><p><span style=\"font-family: Roboto, sans-serif;\">\u015arodki zostan\u0105 zwr\u00f3cone w ten sam spos\u00f3b, w jaki dokonano p\u0142atno\u015bci. W wypadku zwrot\u00f3w produkt\u00f3w op\u0142aconych kart\u0105, pieni\u0105dze s\u0105 zwracane na rachunek tej samej karty. Je\u015bli podczas zam\u00f3wienia wybra\u0142e\u015b p\u0142atno\u015b\u0107 got\u00f3wk\u0105 przy odbiorze, przy zwrocie musisz nam poda\u0107 numer swojego konta bankowego, na kt\u00f3re zrobimy zwrot \u015brodk\u00f3w.<\/span><\/p><h3>Adres do zwrotu<\/h3><p><span style=\"font-family: Roboto, sans-serif;\">Zwracane produkty zapakuj bezpiecznie, tak aby nie ucierpia\u0142y w transporcie (najlepiej u\u017cyj do tego opakowania, w kt\u00f3rym otrzyma\u0142e\u015b przesy\u0142k\u0119) i wy\u015blij na adres:<\/span><\/p><p><strong>Norsa Pharma sp. z o.o.<\/strong><br \/><strong>ul. prof. Micha\u0142a \u017byczkowskiego 14<\/strong><br \/><strong>31-864 Krak\u00f3w<\/strong><\/p><p>Tel:\u00a0+48 534 859 072<br \/>Mail:\u00a0sklep@norsapharma.eu<\/p><p><em>Uwaga! Koszt wysy\u0142ki zwrotnej ponosi nadawca. Nie przyjmujemy przesy\u0142ek pobraniowych, ani przesy\u0142ek wys\u0142anych do paczkomat\u00f3w InPost.<\/em><\/p><h3>Warunki zwrotu<\/h3><p><span style=\"font-family: Roboto, sans-serif;\">Prawo do odst\u0105pienia od Umowy przez Konsumenta jest wy\u0142\u0105czone w przypadku:<br \/>a. Umowy, w kt\u00f3rej przedmiotem \u015bwiadczenia jest Towar ulegaj\u0105cy szybkiemu zepsuciu lub maj\u0105cy kr\u00f3tki termin przydatno\u015bci do u\u017cycia;<br \/>b. Umowy, w kt\u00f3rej przedmiotem \u015bwiadczenia jest Towar dostarczany w zapiecz\u0119towanym opakowaniu, kt\u00f3rego po otwarciu opakowania nie mo\u017cna zwr\u00f3ci\u0107 ze wzgl\u0119du na ochron\u0119 zdrowia lub ze wzgl\u0119d\u00f3w higienicznych, je\u017celi opakowanie zosta\u0142o otwarte po dostarczeniu.<\/span><\/p><p>Sprzedawca niezw\u0142ocznie, jednak nie p\u00f3\u017aniej ni\u017c w terminie 14 dni od dnia otrzymania o\u015bwiadczenia Konsumenta o odst\u0105pieniu od Umowy zwr\u00f3ci Konsumentowi \u015brodki, w tym koszty dostarczenia Towaru. Sprzedawca dokonuje zwrotu p\u0142atno\u015bci przy u\u017cyciu takiego samego sposobu zap\u0142aty, jakiego u\u017cy\u0142 Konsument.<\/p><h3>Reklamacje<\/h3><p><span style=\"font-family: Roboto, sans-serif;\">Dok\u0142adamy wszelkich stara\u0144, aby oferowany przez nas towar by\u0142 pe\u0142nowarto\u015bciowy i zgodny z umow\u0105. Jednak, gdyby pomimo stara\u0144, towar wykazuje cechy niezgodno\u015bci z umow\u0105, mo\u017cesz go reklamowa\u0107. Reklamowany produkt zapakuj bezpiecznie, tak aby nie ucierpia\u0142 w transporcie (najlepiej u\u017cyj do tego opakowania, w kt\u00f3rym otrzyma\u0142e\u015b przesy\u0142k\u0119), wype\u0142nij <a href=\"https:\/\/norsapharma.com\/sklep\/wp-content\/uploads\/2023\/02\/2023-01-24-NORSA-PHARMA-Formularz-reklamacyjny.doc\"><span style=\"text-decoration: underline; color: #000000;\"><strong>FORMULARZ REKLAMACJI TOWARU.<\/strong><\/span><\/a><\/span><\/p><p><em>Uwaga! Koszt wysy\u0142ki zwrotnej ponosi nadawca. Nie przyjmujemy przesy\u0142ek pobraniowych, ani przesy\u0142ek wys\u0142anych do paczkomat\u00f3w InPost.<\/em><\/p><p>Reklamacje nale\u017cy kierowa\u0107 na adres:<\/p><p><strong>Norsa Pharma sp. z o.o.<\/strong><br \/><strong>ul. prof. Micha\u0142a \u017byczkowskiego 14<\/strong><br \/><strong>31-864 Krak\u00f3w<\/strong><\/p><p>Tel:\u00a0+48 534 859 072<br \/>Mail:\u00a0sklep@norsapharma.eu<\/p><p>Reklamacje zwia\u0328zane ze s\u0301wiadczeniem us\u0142ug droga\u0328 elektroniczna\u0328 moz\u0307esz sk\u0142adac\u0301, wysy\u0142aja\u0328c wiadomos\u0301c\u0301 na adres <a href=\"mailto:sklep@norsapharma.eu\">sklep@norsapharma.eu<\/a>. W reklamacji okres\u0301l rodzaj i date\u0328 wysta\u0328pienia nieprawid\u0142owos\u0301ci\u00a0 sklepu oraz swoje roszczenia z tym zwia\u0328zane. Rozpatrujemy reklamacje w terminie do 14 dni od otrzymania reklamacji, odpowiadaja\u0328c na przes\u0142ana\u0328 wiadomos\u0301c\u0301.<\/p><h3>Masz pytania? Skontaktuj si\u0119 z nami!<\/h3><p><span style=\"font-family: Roboto, sans-serif;\">Tel:\u00a0+48 534 859 072<br \/>Mail:\u00a0sklep@norsapharma.eu<\/span><\/p>\t\t\t\t\t\t\t\t<\/div>\n\t\t\t\t<\/div>\n\t\t\t\t<div class=\"elementor-element elementor-element-d5da421 elementor-widget elementor-widget-spacer\" data-id=\"d5da421\" data-element_type=\"widget\" data-e-type=\"widget\" data-widget_type=\"spacer.default\">\n\t\t\t\t<div class=\"elementor-widget-container\">\n\t\t\t\t\t\t\t<div class=\"elementor-spacer\">\n\t\t\t<div class=\"elementor-spacer-inner\"><\/div>\n\t\t<\/div>\n\t\t\t\t\t\t<\/div>\n\t\t\t\t<\/div>\n\t\t\t\t\t<\/div>\n\t\t<\/div>\n\t\t\t\t\t<\/div>\n\t\t<\/section>\n\t\t\t\t<\/div>\n\t\t","protected":false},"excerpt":{"rendered":"<p>Zwroty i reklamacje Zwroty Mo\u017cesz zwr\u00f3ci\u0107 zakupione produkty bez podania przyczyny w ci\u0105gu 14 dni od dnia odbioru towaru. Do\u0142\u0105czenie wype\u0142nionego FORMULARZA ZWROTU do przesy\u0142ki przyspieszy weryfikacj\u0119 zam\u00f3wienia. \u015arodki zostan\u0105 zwr\u00f3cone w ten sam spos\u00f3b, w jaki dokonano p\u0142atno\u015bci. W wypadku zwrot\u00f3w produkt\u00f3w op\u0142aconych kart\u0105, pieni\u0105dze s\u0105 zwracane na rachunek tej samej karty. Je\u015bli podczas &hellip;<\/p>\n","protected":false},"author":1,"featured_media":0,"parent":0,"menu_order":0,"comment_status":"closed","ping_status":"closed","template":"","meta":{"om_disable_all_campaigns":false,"inline_featured_image":false,"_monsterinsights_skip_tracking":false,"_monsterinsights_sitenote_active":false,"_monsterinsights_sitenote_note":"","_monsterinsights_sitenote_category":0,"footnotes":""},"class_list":["post-10","page","type-page","status-publish","hentry"],"acf":[],"_links":{"self":[{"href":"https:\/\/norsapharma.com\/sklep\/wp-json\/wp\/v2\/pages\/10","targetHints":{"allow":["GET"]}}],"collection":[{"href":"https:\/\/norsapharma.com\/sklep\/wp-json\/wp\/v2\/pages"}],"about":[{"href":"https:\/\/norsapharma.com\/sklep\/wp-json\/wp\/v2\/types\/page"}],"author":[{"embeddable":true,"href":"https:\/\/norsapharma.com\/sklep\/wp-json\/wp\/v2\/users\/1"}],"replies":[{"embeddable":true,"href":"https:\/\/norsapharma.com\/sklep\/wp-json\/wp\/v2\/comments?post=10"}],"version-history":[{"count":68,"href":"https:\/\/norsapharma.com\/sklep\/wp-json\/wp\/v2\/pages\/10\/revisions"}],"predecessor-version":[{"id":3454,"href":"https:\/\/norsapharma.com\/sklep\/wp-json\/wp\/v2\/pages\/10\/revisions\/3454"}],"wp:attachment":[{"href":"https:\/\/norsapharma.com\/sklep\/wp-json\/wp\/v2\/media?parent=10"}],"curies":[{"name":"wp","href":"https:\/\/api.w.org\/{rel}","templated":true}]}}