{"id":2728,"date":"2022-08-24T12:00:00","date_gmt":"2022-08-24T10:00:00","guid":{"rendered":"https:\/\/norsapharma.com\/sklep\/?page_id=2728"},"modified":"2025-09-12T11:46:35","modified_gmt":"2025-09-12T09:46:35","slug":"nasze-marki","status":"publish","type":"page","link":"https:\/\/norsapharma.com\/sklep\/nasze-marki\/","title":{"rendered":"Nasze marki"},"content":{"rendered":"\t\t<div data-elementor-type=\"wp-page\" data-elementor-id=\"2728\" class=\"elementor elementor-2728\">\n\t\t\t\t\t\t<section class=\"elementor-section elementor-top-section elementor-element elementor-element-9549ea2 elementor-section-boxed elementor-section-height-default elementor-section-height-default\" data-id=\"9549ea2\" data-element_type=\"section\" data-e-type=\"section\">\n\t\t\t\t\t\t<div class=\"elementor-container elementor-column-gap-default\">\n\t\t\t\t\t<div class=\"elementor-column elementor-col-100 elementor-top-column elementor-element elementor-element-5e4c9fd\" data-id=\"5e4c9fd\" data-element_type=\"column\" data-e-type=\"column\">\n\t\t\t<div class=\"elementor-widget-wrap elementor-element-populated\">\n\t\t\t\t\t\t<div class=\"elementor-element elementor-element-16e01e0 elementor-widget elementor-widget-heading\" data-id=\"16e01e0\" data-element_type=\"widget\" data-e-type=\"widget\" data-widget_type=\"heading.default\">\n\t\t\t\t<div class=\"elementor-widget-container\">\n\t\t\t\t\t<h1 class=\"elementor-heading-title elementor-size-default\">Nasze marki<\/h1>\t\t\t\t<\/div>\n\t\t\t\t<\/div>\n\t\t\t\t\t<\/div>\n\t\t<\/div>\n\t\t\t\t\t<\/div>\n\t\t<\/section>\n\t\t\t\t<section class=\"elementor-section elementor-top-section elementor-element elementor-element-55cf780 elementor-section-boxed elementor-section-height-default elementor-section-height-default\" data-id=\"55cf780\" data-element_type=\"section\" data-e-type=\"section\">\n\t\t\t\t\t\t<div class=\"elementor-container elementor-column-gap-default\">\n\t\t\t\t\t<div class=\"elementor-column elementor-col-50 elementor-top-column elementor-element elementor-element-1a76fbb\" data-id=\"1a76fbb\" data-element_type=\"column\" data-e-type=\"column\">\n\t\t\t<div class=\"elementor-widget-wrap elementor-element-populated\">\n\t\t\t\t\t\t<div class=\"elementor-element elementor-element-4d4eba0 elementor-widget elementor-widget-image\" data-id=\"4d4eba0\" data-element_type=\"widget\" data-e-type=\"widget\" data-widget_type=\"image.default\">\n\t\t\t\t<div class=\"elementor-widget-container\">\n\t\t\t\t\t\t\t\t\t\t\t\t\t\t\t<img decoding=\"async\" width=\"300\" height=\"38\" src=\"https:\/\/norsapharma.com\/sklep\/wp-content\/uploads\/2023\/04\/NucleoCare_logo-RBG-1-300x38.png\" class=\"attachment-medium size-medium wp-image-3650\" alt=\"\" srcset=\"https:\/\/norsapharma.com\/sklep\/wp-content\/uploads\/2023\/04\/NucleoCare_logo-RBG-1-300x38.png 300w, https:\/\/norsapharma.com\/sklep\/wp-content\/uploads\/2023\/04\/NucleoCare_logo-RBG-1-1024x130.png 1024w, https:\/\/norsapharma.com\/sklep\/wp-content\/uploads\/2023\/04\/NucleoCare_logo-RBG-1-768x97.png 768w, https:\/\/norsapharma.com\/sklep\/wp-content\/uploads\/2023\/04\/NucleoCare_logo-RBG-1-1536x195.png 1536w, https:\/\/norsapharma.com\/sklep\/wp-content\/uploads\/2023\/04\/NucleoCare_logo-RBG-1-2048x260.png 2048w, https:\/\/norsapharma.com\/sklep\/wp-content\/uploads\/2023\/04\/NucleoCare_logo-RBG-1-350x44.png 350w, https:\/\/norsapharma.com\/sklep\/wp-content\/uploads\/2023\/04\/NucleoCare_logo-RBG-1-680x86.png 680w\" sizes=\"(max-width: 300px) 100vw, 300px\" \/>\t\t\t\t\t\t\t\t\t\t\t\t\t\t\t<\/div>\n\t\t\t\t<\/div>\n\t\t\t\t\t<\/div>\n\t\t<\/div>\n\t\t\t\t<div class=\"elementor-column elementor-col-50 elementor-top-column elementor-element elementor-element-cb31823\" data-id=\"cb31823\" data-element_type=\"column\" data-e-type=\"column\">\n\t\t\t<div class=\"elementor-widget-wrap elementor-element-populated\">\n\t\t\t\t\t\t<div class=\"elementor-element elementor-element-c8f2990 elementor-widget elementor-widget-heading\" data-id=\"c8f2990\" data-element_type=\"widget\" data-e-type=\"widget\" data-widget_type=\"heading.default\">\n\t\t\t\t<div class=\"elementor-widget-container\">\n\t\t\t\t\t<h2 class=\"elementor-heading-title elementor-size-default\">NucleoCare \u2013 nukleotydy dietetyczne<\/h2>\t\t\t\t<\/div>\n\t\t\t\t<\/div>\n\t\t\t\t<div class=\"elementor-element elementor-element-383b7a7 elementor-widget elementor-widget-text-editor\" data-id=\"383b7a7\" data-element_type=\"widget\" data-e-type=\"widget\" data-widget_type=\"text-editor.default\">\n\t\t\t\t<div class=\"elementor-widget-container\">\n\t\t\t\t\t\t\t\t\t<p>Linia innowacyjnych preparat\u00f3w nukleotydowych z kompleksami czystych nukleotyd\u00f3w dietetycznych.\u00a0<\/p><p>Nukleotydy s\u0105\u00a0nazywane cegie\u0142kami \u017cycia. Ka\u017cdego dnia ludzkie cia\u0142o podlega licznym procesom metabolicznym, rozk\u0142adaj\u0105c oko\u0142o 330 miliard\u00f3w kom\u00f3rek i\u00a0zast\u0119puj\u0105c je\u00a0nowymi. Zwi\u0119kszone zapotrzebowanie na\u00a0nukleotydy pojawia si\u0119 w\u00a0szczeg\u00f3lno\u015bci,\u00a0<strong>gdy\u00a0organizm potrzebuje szybkiej odbudowy.<\/strong><\/p>\t\t\t\t\t\t\t\t<\/div>\n\t\t\t\t<\/div>\n\t\t\t\t<div class=\"elementor-element elementor-element-3966209 elementor-widget elementor-widget-button\" data-id=\"3966209\" data-element_type=\"widget\" data-e-type=\"widget\" data-widget_type=\"button.default\">\n\t\t\t\t<div class=\"elementor-widget-container\">\n\t\t\t\t\t\t\t\t\t<div class=\"elementor-button-wrapper\">\n\t\t\t\t\t<a class=\"elementor-button elementor-button-link elementor-size-sm elementor-animation-shrink\" href=\"https:\/\/nukleotydydietetyczne.pl\/\" target=\"_blank\" rel=\"noopener\">\n\t\t\t\t\t\t<span class=\"elementor-button-content-wrapper\">\n\t\t\t\t\t\t\t\t\t<span class=\"elementor-button-text\">Przejd\u017a do strony<\/span>\n\t\t\t\t\t<\/span>\n\t\t\t\t\t<\/a>\n\t\t\t\t<\/div>\n\t\t\t\t\t\t\t\t<\/div>\n\t\t\t\t<\/div>\n\t\t\t\t\t<\/div>\n\t\t<\/div>\n\t\t\t\t\t<\/div>\n\t\t<\/section>\n\t\t\t\t<section class=\"elementor-section elementor-top-section elementor-element elementor-element-395bd92 elementor-section-boxed elementor-section-height-default elementor-section-height-default\" data-id=\"395bd92\" data-element_type=\"section\" data-e-type=\"section\">\n\t\t\t\t\t\t<div class=\"elementor-container elementor-column-gap-default\">\n\t\t\t\t\t<div class=\"elementor-column elementor-col-50 elementor-top-column elementor-element elementor-element-6199257\" data-id=\"6199257\" data-element_type=\"column\" data-e-type=\"column\">\n\t\t\t<div class=\"elementor-widget-wrap elementor-element-populated\">\n\t\t\t\t\t\t<div class=\"elementor-element elementor-element-3f60045 elementor-widget elementor-widget-image\" data-id=\"3f60045\" data-element_type=\"widget\" data-e-type=\"widget\" data-widget_type=\"image.default\">\n\t\t\t\t<div class=\"elementor-widget-container\">\n\t\t\t\t\t\t\t\t\t\t\t\t\t\t\t<img decoding=\"async\" width=\"249\" height=\"65\" src=\"https:\/\/norsapharma.com\/sklep\/wp-content\/uploads\/2022\/08\/logo.png\" class=\"attachment-medium size-medium wp-image-2757\" alt=\"\" \/>\t\t\t\t\t\t\t\t\t\t\t\t\t\t\t<\/div>\n\t\t\t\t<\/div>\n\t\t\t\t\t<\/div>\n\t\t<\/div>\n\t\t\t\t<div class=\"elementor-column elementor-col-50 elementor-top-column elementor-element elementor-element-9310150\" data-id=\"9310150\" data-element_type=\"column\" data-e-type=\"column\">\n\t\t\t<div class=\"elementor-widget-wrap elementor-element-populated\">\n\t\t\t\t\t\t<div class=\"elementor-element elementor-element-ecd0c11 elementor-widget elementor-widget-heading\" data-id=\"ecd0c11\" data-element_type=\"widget\" data-e-type=\"widget\" data-widget_type=\"heading.default\">\n\t\t\t\t<div class=\"elementor-widget-container\">\n\t\t\t\t\t<h2 class=\"elementor-heading-title elementor-size-default\">Thyroset \u2013 wsparcie tarczycy<\/h2>\t\t\t\t<\/div>\n\t\t\t\t<\/div>\n\t\t\t\t<div class=\"elementor-element elementor-element-020c67d elementor-widget elementor-widget-text-editor\" data-id=\"020c67d\" data-element_type=\"widget\" data-e-type=\"widget\" data-widget_type=\"text-editor.default\">\n\t\t\t\t<div class=\"elementor-widget-container\">\n\t\t\t\t\t\t\t\t\t<p>Thyroset to specjalnie opracowany, 3-stopniowy zestaw suplementacyjny zawieraj\u0105cy najwy\u017cszej jako\u015bci witaminy, sk\u0142adniki mineralne i\u00a0kwasy t\u0142uszczowe omega-3. Starannie dobrane i\u00a0odpowiednio po\u0142\u0105czone sk\u0142adniki Thyroset zosta\u0142y stworzone w celu uzupe\u0142niania diety u\u00a0os\u00f3b wymagaj\u0105cych szczeg\u00f3lnej dba\u0142o\u015bci o\u00a0zdrowie tarczycy i\u00a0prawid\u0142owe funkcjonowanie uk\u0142adu immunologicznego.<\/p>\t\t\t\t\t\t\t\t<\/div>\n\t\t\t\t<\/div>\n\t\t\t\t\t<\/div>\n\t\t<\/div>\n\t\t\t\t\t<\/div>\n\t\t<\/section>\n\t\t\t\t<section class=\"elementor-section elementor-top-section elementor-element elementor-element-2bb4d7a elementor-section-boxed elementor-section-height-default elementor-section-height-default\" data-id=\"2bb4d7a\" data-element_type=\"section\" data-e-type=\"section\">\n\t\t\t\t\t\t<div class=\"elementor-container elementor-column-gap-default\">\n\t\t\t\t\t<div class=\"elementor-column elementor-col-50 elementor-top-column elementor-element elementor-element-eeb4807\" data-id=\"eeb4807\" data-element_type=\"column\" data-e-type=\"column\">\n\t\t\t<div class=\"elementor-widget-wrap elementor-element-populated\">\n\t\t\t\t\t\t<div class=\"elementor-element elementor-element-71de7d6 elementor-widget elementor-widget-image\" data-id=\"71de7d6\" data-element_type=\"widget\" data-e-type=\"widget\" data-widget_type=\"image.default\">\n\t\t\t\t<div class=\"elementor-widget-container\">\n\t\t\t\t\t\t\t\t\t\t\t\t\t\t\t<img decoding=\"async\" width=\"300\" height=\"79\" src=\"https:\/\/norsapharma.com\/sklep\/wp-content\/uploads\/2022\/08\/hepaset-logo-300x79.png\" class=\"attachment-medium size-medium wp-image-2755\" alt=\"\" srcset=\"https:\/\/norsapharma.com\/sklep\/wp-content\/uploads\/2022\/08\/hepaset-logo-300x79.png 300w, https:\/\/norsapharma.com\/sklep\/wp-content\/uploads\/2022\/08\/hepaset-logo-1024x271.png 1024w, https:\/\/norsapharma.com\/sklep\/wp-content\/uploads\/2022\/08\/hepaset-logo-768x203.png 768w, https:\/\/norsapharma.com\/sklep\/wp-content\/uploads\/2022\/08\/hepaset-logo-1536x407.png 1536w, https:\/\/norsapharma.com\/sklep\/wp-content\/uploads\/2022\/08\/hepaset-logo-350x93.png 350w, https:\/\/norsapharma.com\/sklep\/wp-content\/uploads\/2022\/08\/hepaset-logo-680x180.png 680w, https:\/\/norsapharma.com\/sklep\/wp-content\/uploads\/2022\/08\/hepaset-logo.png 1715w\" sizes=\"(max-width: 300px) 100vw, 300px\" \/>\t\t\t\t\t\t\t\t\t\t\t\t\t\t\t<\/div>\n\t\t\t\t<\/div>\n\t\t\t\t\t<\/div>\n\t\t<\/div>\n\t\t\t\t<div class=\"elementor-column elementor-col-50 elementor-top-column elementor-element elementor-element-f64ad4d\" data-id=\"f64ad4d\" data-element_type=\"column\" data-e-type=\"column\">\n\t\t\t<div class=\"elementor-widget-wrap elementor-element-populated\">\n\t\t\t\t\t\t<div class=\"elementor-element elementor-element-5dee4db elementor-widget elementor-widget-heading\" data-id=\"5dee4db\" data-element_type=\"widget\" data-e-type=\"widget\" data-widget_type=\"heading.default\">\n\t\t\t\t<div class=\"elementor-widget-container\">\n\t\t\t\t\t<h2 class=\"elementor-heading-title elementor-size-default\">Hepaset PRO \u2013 wsparcie w\u0105troby<\/h2>\t\t\t\t<\/div>\n\t\t\t\t<\/div>\n\t\t\t\t<div class=\"elementor-element elementor-element-9d64ec6 elementor-widget elementor-widget-text-editor\" data-id=\"9d64ec6\" data-element_type=\"widget\" data-e-type=\"widget\" data-widget_type=\"text-editor.default\">\n\t\t\t\t<div class=\"elementor-widget-container\">\n\t\t\t\t\t\t\t\t\t<p>Hepaset PRO to profesjonalnie opracowana formu\u0142a 14 sk\u0142adnik\u00f3w dla os\u00f3b wymagaj\u0105cych szczeg\u00f3lnej dba\u0142o\u015bci o zdrowie i prawid\u0142owe funkcjonowanie w\u0105troby. Sk\u0142ad Hepaset PRO zosta\u0142 stworzony przez multidyscyplinarny zesp\u00f3\u0142 specjalist\u00f3w i dietetyk\u00f3w w oparciu o uznane dane naukowe.<\/p>\t\t\t\t\t\t\t\t<\/div>\n\t\t\t\t<\/div>\n\t\t\t\t\t<\/div>\n\t\t<\/div>\n\t\t\t\t\t<\/div>\n\t\t<\/section>\n\t\t\t\t<section class=\"elementor-section elementor-top-section elementor-element elementor-element-b5ca6d3 elementor-section-boxed elementor-section-height-default elementor-section-height-default\" data-id=\"b5ca6d3\" data-element_type=\"section\" data-e-type=\"section\">\n\t\t\t\t\t\t<div class=\"elementor-container elementor-column-gap-default\">\n\t\t\t\t\t<div class=\"elementor-column elementor-col-50 elementor-top-column elementor-element elementor-element-5c6861b\" data-id=\"5c6861b\" data-element_type=\"column\" data-e-type=\"column\">\n\t\t\t<div class=\"elementor-widget-wrap elementor-element-populated\">\n\t\t\t\t\t\t<div class=\"elementor-element elementor-element-aecc168 elementor-widget elementor-widget-image\" data-id=\"aecc168\" data-element_type=\"widget\" data-e-type=\"widget\" data-widget_type=\"image.default\">\n\t\t\t\t<div class=\"elementor-widget-container\">\n\t\t\t\t\t\t\t\t\t\t\t\t\t\t\t<img loading=\"lazy\" decoding=\"async\" width=\"300\" height=\"94\" src=\"https:\/\/norsapharma.com\/sklep\/wp-content\/uploads\/2022\/08\/logo_CS_2-300x94.png\" class=\"attachment-medium size-medium wp-image-2754\" alt=\"\" srcset=\"https:\/\/norsapharma.com\/sklep\/wp-content\/uploads\/2022\/08\/logo_CS_2-300x94.png 300w, https:\/\/norsapharma.com\/sklep\/wp-content\/uploads\/2022\/08\/logo_CS_2-768x240.png 768w, https:\/\/norsapharma.com\/sklep\/wp-content\/uploads\/2022\/08\/logo_CS_2-350x109.png 350w, https:\/\/norsapharma.com\/sklep\/wp-content\/uploads\/2022\/08\/logo_CS_2-680x213.png 680w, https:\/\/norsapharma.com\/sklep\/wp-content\/uploads\/2022\/08\/logo_CS_2.png 960w\" sizes=\"(max-width: 300px) 100vw, 300px\" \/>\t\t\t\t\t\t\t\t\t\t\t\t\t\t\t<\/div>\n\t\t\t\t<\/div>\n\t\t\t\t\t<\/div>\n\t\t<\/div>\n\t\t\t\t<div class=\"elementor-column elementor-col-50 elementor-top-column elementor-element elementor-element-32a0478\" data-id=\"32a0478\" data-element_type=\"column\" data-e-type=\"column\">\n\t\t\t<div class=\"elementor-widget-wrap elementor-element-populated\">\n\t\t\t\t\t\t<div class=\"elementor-element elementor-element-71c83dd elementor-widget elementor-widget-heading\" data-id=\"71c83dd\" data-element_type=\"widget\" data-e-type=\"widget\" data-widget_type=\"heading.default\">\n\t\t\t\t<div class=\"elementor-widget-container\">\n\t\t\t\t\t<h2 class=\"elementor-heading-title elementor-size-default\">Cystisorb \u2013 wsparcie w zaburzeniach wch\u0142aniania<\/h2>\t\t\t\t<\/div>\n\t\t\t\t<\/div>\n\t\t\t\t<div class=\"elementor-element elementor-element-91cfcba elementor-widget elementor-widget-text-editor\" data-id=\"91cfcba\" data-element_type=\"widget\" data-e-type=\"widget\" data-widget_type=\"text-editor.default\">\n\t\t\t\t<div class=\"elementor-widget-container\">\n\t\t\t\t\t\t\t\t\t<p>Cystisorb to dedykowane rozwi\u0105zanie dla os\u00f3b z mukowiscydoz\u0105 i cholestaz\u0105, opracowane w oparciu o najnowsze dowody naukowe. Cystisorb wspiera suplementacj\u0119 okre\u015blonych niedobor\u00f3w witamin i pierwiastk\u00f3w \u015bladowych, w szczeg\u00f3lno\u015bci witamin rozpuszczalnych w t\u0142uszczach: A, D, E i K.<\/p>\t\t\t\t\t\t\t\t<\/div>\n\t\t\t\t<\/div>\n\t\t\t\t\t<\/div>\n\t\t<\/div>\n\t\t\t\t\t<\/div>\n\t\t<\/section>\n\t\t\t\t<section class=\"elementor-section elementor-top-section elementor-element elementor-element-027abee elementor-section-boxed elementor-section-height-default elementor-section-height-default\" data-id=\"027abee\" data-element_type=\"section\" data-e-type=\"section\">\n\t\t\t\t\t\t<div class=\"elementor-container elementor-column-gap-default\">\n\t\t\t\t\t<div class=\"elementor-column elementor-col-100 elementor-top-column elementor-element elementor-element-19eac88\" data-id=\"19eac88\" data-element_type=\"column\" data-e-type=\"column\">\n\t\t\t<div class=\"elementor-widget-wrap elementor-element-populated\">\n\t\t\t\t\t\t<div class=\"elementor-element elementor-element-9079711 elementor-widget elementor-widget-spacer\" data-id=\"9079711\" data-element_type=\"widget\" data-e-type=\"widget\" data-widget_type=\"spacer.default\">\n\t\t\t\t<div class=\"elementor-widget-container\">\n\t\t\t\t\t\t\t<div class=\"elementor-spacer\">\n\t\t\t<div class=\"elementor-spacer-inner\"><\/div>\n\t\t<\/div>\n\t\t\t\t\t\t<\/div>\n\t\t\t\t<\/div>\n\t\t\t\t\t<\/div>\n\t\t<\/div>\n\t\t\t\t\t<\/div>\n\t\t<\/section>\n\t\t\t\t<\/div>\n\t\t","protected":false},"excerpt":{"rendered":"<p>Nasze marki NucleoCare \u2013 nukleotydy dietetyczne Linia innowacyjnych preparat\u00f3w nukleotydowych z kompleksami czystych nukleotyd\u00f3w dietetycznych.\u00a0 Nukleotydy s\u0105\u00a0nazywane cegie\u0142kami \u017cycia. Ka\u017cdego dnia ludzkie cia\u0142o podlega licznym procesom metabolicznym, rozk\u0142adaj\u0105c oko\u0142o 330 miliard\u00f3w kom\u00f3rek i\u00a0zast\u0119puj\u0105c je\u00a0nowymi. Zwi\u0119kszone zapotrzebowanie na\u00a0nukleotydy pojawia si\u0119 w\u00a0szczeg\u00f3lno\u015bci,\u00a0gdy\u00a0organizm potrzebuje szybkiej odbudowy. Przejd\u017a do strony Thyroset \u2013 wsparcie tarczycy Thyroset to specjalnie opracowany, 3-stopniowy &hellip;<\/p>\n","protected":false},"author":1,"featured_media":0,"parent":0,"menu_order":0,"comment_status":"closed","ping_status":"closed","template":"","meta":{"om_disable_all_campaigns":false,"inline_featured_image":false,"_monsterinsights_skip_tracking":false,"_monsterinsights_sitenote_active":false,"_monsterinsights_sitenote_note":"","_monsterinsights_sitenote_category":0,"footnotes":""},"class_list":["post-2728","page","type-page","status-publish","hentry"],"acf":[],"_links":{"self":[{"href":"https:\/\/norsapharma.com\/sklep\/wp-json\/wp\/v2\/pages\/2728","targetHints":{"allow":["GET"]}}],"collection":[{"href":"https:\/\/norsapharma.com\/sklep\/wp-json\/wp\/v2\/pages"}],"about":[{"href":"https:\/\/norsapharma.com\/sklep\/wp-json\/wp\/v2\/types\/page"}],"author":[{"embeddable":true,"href":"https:\/\/norsapharma.com\/sklep\/wp-json\/wp\/v2\/users\/1"}],"replies":[{"embeddable":true,"href":"https:\/\/norsapharma.com\/sklep\/wp-json\/wp\/v2\/comments?post=2728"}],"version-history":[{"count":49,"href":"https:\/\/norsapharma.com\/sklep\/wp-json\/wp\/v2\/pages\/2728\/revisions"}],"predecessor-version":[{"id":118517,"href":"https:\/\/norsapharma.com\/sklep\/wp-json\/wp\/v2\/pages\/2728\/revisions\/118517"}],"wp:attachment":[{"href":"https:\/\/norsapharma.com\/sklep\/wp-json\/wp\/v2\/media?parent=2728"}],"curies":[{"name":"wp","href":"https:\/\/api.w.org\/{rel}","templated":true}]}}