{"id":100994,"date":"2025-07-15T08:50:46","date_gmt":"2025-07-15T06:50:46","guid":{"rendered":"https:\/\/norsapharma.com\/sklep\/?post_type=product&#038;p=100994"},"modified":"2026-04-14T08:59:28","modified_gmt":"2026-04-14T06:59:28","slug":"biotacell-bifido-complex","status":"publish","type":"product","link":"https:\/\/norsapharma.com\/sklep\/produkt\/biotacell-bifido-complex\/","title":{"rendered":"Biotacell Bifido Complex (30 kapsu\u0142ek)"},"content":{"rendered":"<p><b>Biotacell Bifido Complex <\/b><span style=\"font-weight: 400;\">to suplement diety zawieraj\u0105cy 6 wyselekcjonowanych szczep\u00f3w <\/span><i><span style=\"font-weight: 400;\">Bifidobacterium<\/span><\/i><span style=\"font-weight: 400;\"> w ilo\u015bci 12 miliard\u00f3w w 1 kapsu\u0142ce. Produkt zosta\u0142 wzbogacony o b\u0142onnik akacjowy.<\/span><\/p>\n<p><strong>Biotacell Bifido Complex<\/strong> to produkt przeznaczony jako uzupe\u0142nienie codziennej diety w \u017cywe kultury bakterii z rodzaju Bifidobacterium, szczeg\u00f3lnie przy zwi\u0119kszonym zapotrzebowaniu, np. w okresach os\u0142abionej odporno\u015bci, w trakcie i po antybiotykoterapii czy podczas zmian diety.<\/p>\n<h3><b>Biotacell Bifido Complex<\/b> &#8211; dlaczego warto?<\/h3>\n<p><strong>Biotacell Bifido Complex<\/strong> to wysokiej jako\u015bci suplement diety zawieraj\u0105cy 6 starannie wyselekcjonowanych, oznaczonych i policzonych szczep\u00f3w bakterii kwasu mlekowego z rodzaju Bifidobacterium, w ilo\u015bci 12 miliard\u00f3w aktywnych jednostek (AFU) w jednej kapsu\u0142ce. Formu\u0142a zosta\u0142a wzbogacona o naturalny b\u0142onnik akacjowy.<\/p>\n<p><strong>Produkt wyr\u00f3\u017cnia si\u0119 zastosowaniem potr\u00f3jnej ochrony kultur bakteryjnych::<\/strong><br \/>\n&#8211; szczepy bakteryjne s\u0105 mikrokapsu\u0142kowane, co zwi\u0119ksza ich stabilno\u015b\u0107 i odporno\u015b\u0107 na dzia\u0142anie czynnik\u00f3w zewn\u0119trznych;<br \/>\n&#8211; nast\u0119pnie s\u0105 umieszczane w kapsu\u0142kach dojelitowych, kt\u00f3re chroni\u0105 je przed kwasem \u017co\u0142\u0105dkowym i umo\u017cliwiaj\u0105 ich uwolnienie dok\u0142adnie tam, gdzie nale\u017cy \u2013 w jelitach;<br \/>\n&#8211; kapsu\u0142ki s\u0105 blistrowane i pakowane w atmosferze ochronnej azotu, co zabezpiecza je przed wilgoci\u0105, tlenem oraz kontaktem z innymi kapsu\u0142kami \u2013 dzi\u0119ki temu ka\u017cda zachowuje pe\u0142n\u0105 skuteczno\u015b\u0107 i \u015bwie\u017co\u015b\u0107 a\u017c do momentu u\u017cycia.<\/p>\n<h3>Najwa\u017cniejsze zalety <b>Biotacell Bifido Complex<\/b>:<\/h3>\n<ul>\n<li>6 wyselekcjonowanych, dok\u0142adnie oznaczanych i policzonych szczep\u00f3w bakteryjnych z rodzaju <em>Bifidobacterium<\/em>,<\/li>\n<li><span style=\"font-weight: 400;\">12 miliard\u00f3w kom\u00f3rek w 1 kapsu\u0142ce,<\/span><\/li>\n<li><span style=\"font-weight: 400;\">probiotyk mikrokapsu\u0142kowany,<\/span><\/li>\n<li>dojelitowe kapsu\u0142ki,<\/li>\n<li><span style=\"font-weight: 400;\">produkt bezglutenowy, bez laktozy, bez bia\u0142ek mlecznych,<\/span><\/li>\n<li><span style=\"font-weight: 400;\">odpowiedni dla wegan,<\/span><\/li>\n<li>bez zb\u0119dnych dodatk\u00f3w, konserwant\u00f3w i wype\u0142niaczy,<\/li>\n<li>pakowany w atmosferze ochronnej azotu i blistrowany.<\/li>\n<\/ul>\n<p>Najwi\u0119ksz\u0105 si\u0142\u0105 <strong>Biotacell Bifido Complex<\/strong> jest jego pe\u0142na identyfikowalno\u015b\u0107 szczep\u00f3w \u2013 ka\u017cda bakteria w sk\u0142adzie jest konkretnie nazwana, policzona i przebadana. Tylko taka transparentno\u015b\u0107 pozwala m\u00f3wi\u0107 o realnym, ukierunkowanym dzia\u0142aniu.<\/p>\n<p><strong>Biotacell Bifido Complex<\/strong> to wynik d\u0142ugiego procesu selekcji, w kt\u00f3rym analizowano nie tylko skuteczno\u015b\u0107 poszczeg\u00f3lnych szczep\u00f3w, badania naukowe, ale te\u017c to, jak wsp\u00f3\u0142pracuj\u0105 ze sob\u0105 w \u017cywym organizmie. Dzi\u0119ki temu uzyskali\u015bmy formu\u0142\u0119, kt\u00f3ra kompleksowo wspiera zdrowie jelit.<\/p>\n<p><strong>Biotacell Bifido Complex<\/strong> <strong>to co\u015b wi\u0119cej ni\u017c probiotyk. To naukowo zaprojektowane narz\u0119dzie wsparcia mikrobiomu.<\/strong><\/p>\n","protected":false},"excerpt":{"rendered":"<p><b>Biotacell Bifido Complex <\/b><span style=\"font-weight: 400;\">to suplement diety zawieraj\u0105cy 6 wyselekcjonowanych szczep\u00f3w <\/span><i><span style=\"font-weight: 400;\">Bifidobacterium<\/span><\/i><span style=\"font-weight: 400;\"> w ilo\u015bci 12 miliard\u00f3w w 1 kapsu\u0142ce. Produkt zosta\u0142 wzbogacony o b\u0142onnik akacjowy.<\/span><\/p>\n","protected":false},"featured_media":97238,"template":"","meta":{"om_disable_all_campaigns":false,"inline_featured_image":false,"_monsterinsights_skip_tracking":false,"_monsterinsights_sitenote_active":false,"_monsterinsights_sitenote_note":"","_monsterinsights_sitenote_category":0},"product_brand":[],"product_cat":[78,84],"product_tag":[],"class_list":{"0":"post-100994","1":"product","2":"type-product","3":"status-publish","4":"has-post-thumbnail","6":"product_cat-odpornosc","7":"product_cat-uklad-pokarmowy","9":"first","10":"instock","11":"taxable","12":"shipping-taxable","13":"purchasable","14":"product-type-simple"},"acf":[],"_links":{"self":[{"href":"https:\/\/norsapharma.com\/sklep\/wp-json\/wp\/v2\/product\/100994","targetHints":{"allow":["GET"]}}],"collection":[{"href":"https:\/\/norsapharma.com\/sklep\/wp-json\/wp\/v2\/product"}],"about":[{"href":"https:\/\/norsapharma.com\/sklep\/wp-json\/wp\/v2\/types\/product"}],"wp:featuredmedia":[{"embeddable":true,"href":"https:\/\/norsapharma.com\/sklep\/wp-json\/wp\/v2\/media\/97238"}],"wp:attachment":[{"href":"https:\/\/norsapharma.com\/sklep\/wp-json\/wp\/v2\/media?parent=100994"}],"wp:term":[{"taxonomy":"product_brand","embeddable":true,"href":"https:\/\/norsapharma.com\/sklep\/wp-json\/wp\/v2\/product_brand?post=100994"},{"taxonomy":"product_cat","embeddable":true,"href":"https:\/\/norsapharma.com\/sklep\/wp-json\/wp\/v2\/product_cat?post=100994"},{"taxonomy":"product_tag","embeddable":true,"href":"https:\/\/norsapharma.com\/sklep\/wp-json\/wp\/v2\/product_tag?post=100994"}],"curies":[{"name":"wp","href":"https:\/\/api.w.org\/{rel}","templated":true}]}}