{"id":107901,"date":"2025-08-14T13:24:54","date_gmt":"2025-08-14T11:24:54","guid":{"rendered":"https:\/\/norsapharma.com\/sklep\/?post_type=product&#038;p=107901"},"modified":"2026-03-05T00:16:01","modified_gmt":"2026-03-04T23:16:01","slug":"b6-duo","status":"publish","type":"product","link":"https:\/\/norsapharma.com\/sklep\/produkt\/b6-duo\/","title":{"rendered":"B6 Duo (120 kapsu\u0142ek)"},"content":{"rendered":"<p class=\"p1\"><b>B6 Duo<\/b> to po\u0142\u0105czenie witaminy B6 w formie chlorowodorku pirydoksyny oraz w jej postaci koenzymatycznej, tj. 5\u2032-fosforanu pirydoksalu (P5P).<\/p>\n<h3><span style=\"font-weight: 400;\">B6 Duo \u2013 <\/span><span style=\"font-weight: 400;\">dlaczego warto?<\/span><\/h3>\n<p class=\"p1\"><b>Witamina B6 zawarta w B6 Duo przyczynia si\u0119 do <sup>1<\/sup>:<\/b><\/p>\n<ul class=\"ul1\">\n<li class=\"li1\">regulacji aktywno\u015bci hormonalnej<\/li>\n<li class=\"li1\">prawid\u0142owego funkcjonowania uk\u0142adu nerwowego<\/li>\n<li class=\"li1\">prawid\u0142owych funkcji psychologicznych<\/li>\n<li class=\"li1\">prawid\u0142owego metabolizmu homocysteiny<\/li>\n<li class=\"li1\">zmniejszenia uczucia zm\u0119czenia i znu\u017cenia<\/li>\n<li class=\"li1\">prawid\u0142owego funkcjonowania uk\u0142adu odporno\u015bciowego<\/li>\n<li class=\"li1\">prawid\u0142owego metabolizmu energetycznego<\/li>\n<li class=\"li1\">prawid\u0142owego tworzenia czerwonych krwinek<\/li>\n<li class=\"li1\">prawid\u0142owego metabolizmu bia\u0142ka i glikogenu<\/li>\n<li class=\"li1\">prawid\u0142owej syntezy cysteiny.<\/li>\n<\/ul>\n<p><span style=\"font-size: 11px;\">1. Scientific Opinion on the substantiation of health claims related to vitamin B6. EFSA Journal 2010;8(10):1759.<\/span><\/p>\n<h3><span style=\"font-weight: 400;\">Najwa\u017cniejsze zalety B6 Duo to:<\/span><\/h3>\n<p class=\"p1\">&#8211; dwie uzupe\u0142niaj\u0105ce si\u0119 formy witaminy B6 w aktywnej postaci koenzmatycznej 5\u2019-fosforanu pirydoksalu (P5P) i chlorowodorku pirydoksyny;<\/p>\n<p class=\"p1\">&#8211; wyd\u0142u\u017cenie czasu efektywnej poda\u017cy witaminy B6, dzi\u0119ki zastosowaniu dw\u00f3ch form o r\u00f3\u017cnych okresach przyswajania;<\/p>\n<p class=\"p1\">&#8211; ochrona przed zbyt szybk\u0105 utrat\u0105 witaminy,<\/p>\n<p class=\"p1\">&#8211; brak dodatk\u00f3w smakowych, barwnik\u00f3w, aromat\u00f3w i substancji s\u0142odz\u0105cych;<\/p>\n<p class=\"p1\">&#8211; czysto\u015b\u0107 i bezpiecze\u0144stwo sk\u0142adu potwierdzone w niezale\u017cnych i akredytowanych badaniach.<\/p>\n<p>&nbsp;<\/p>\n<h3><span style=\"font-weight: 400;\">W sk\u0142ad produktu B6 Duo wchodz\u0105:<\/span><\/h3>\n<p class=\"p1\"><b>Chlorowodorek pirydoksyny<\/b> (pirydoksyna) \u2013 stabilna, szeroko stosowana forma witaminy B6, wykorzystywana w skutecznej<span class=\"Apple-converted-space\">\u00a0 <\/span>suplementacji.<\/p>\n<p class=\"p1\"><b>5\u2019fosforan pirydoksalu<\/b> (P-5-P) \u2013 metabolicznie aktywna, koenzymatyczna forma witaminy B6.<\/p>\n<p>&nbsp;<\/p>\n<h3><span style=\"font-weight: 400;\">Dlaczego w jednej kapsu\u0142ce B6 Duo wyst\u0119puj\u0105 dwie formy witaminy B6?<\/span><\/h3>\n<p class=\"p2\">Po\u0142\u0105czyli\u015bmy <b>dwie formy witaminy B6<\/b> \u2013 aktywny 5\u2019fosforan pirydoksalu (<b>P-5-P)<\/b> i stabiln\u0105 <b>pirydoksyn\u0119<\/b> \u2013 aby wykorzysta\u0107 efekt synergii i zabezpieczy\u0107 poda\u017c w d\u0142u\u017cszym okresie czasu.<\/p>\n<p class=\"p2\">P-5-P to forma, kt\u00f3r\u0105 organizm mo\u017ce wykorzysta\u0107 <b>natychmiast<\/b>, dzi\u0119ki czemu szybko wspiera kluczowe procesy metaboliczne i neurologiczne. Pirydoksyna wch\u0142ania si\u0119 r\u00f3wnie szybko, ale zanim zacznie dzia\u0142a\u0107, musi zosta\u0107 przekszta\u0142cona w P-5-P. Ten etap sprawia, \u017ce aktywna witamina jest dostarczana stabilnie w spos\u00f3b bardziej <b>roz\u0142o\u017cony w czasie<\/b>.<\/p>\n<p class=\"p2\">Witamina B6 jest <b>rozpuszczalna w wodzie<\/b> i szybko wydalana z moczem, co sprawia, \u017ce jej zasoby mog\u0105 opu\u015bci\u0107 organizm, zanim zostan\u0105 w pe\u0142ni wykorzystane w kluczowych procesach. Po\u0142\u0105czenie dw\u00f3ch form zmniejsza to ryzyko \u2013 aktywna P-5-P dzia\u0142a od razu, a pirydoksyna, po przekszta\u0142ceniu w P-5-P, stopniowo uzupe\u0142nia jej poziom, pozwalaj\u0105c organizmowi efektywniej kierowa\u0107 witamin\u0119 tam, gdzie jest w danym momencie najbardziej potrzebna.<\/p>\n<p class=\"p2\">Takie po\u0142\u0105czenie \u0142\u0105czy zalety obu form, zapewniaj\u0105c <b>optymalne wykorzystanie przez organizm<\/b>.<\/p>\n<p><span style=\"font-size: 11px;\">Zagubnaya O.A., Nartsissov Y.R. Molecular mechanisms underlying therapeutic action of vitamin B6 \/\/ Pharmacy &amp; Pharmacology. &#8211; 2022. &#8211; Vol. 10. &#8211; N. 6. &#8211; P. 500-514.<\/span><\/p>\n<p><span style=\"font-size: 11px;\">Opinion on Pyridoxal 5\u2019-phosphate as a source for vitamin B6 added for nutritional purposes in food supplements 1 Scientific Panel on Food Additives, Flavourings, Processing Aids and Materials in Contact with Food (Question No EFSA-Q-2006-228 and EFSA-Q-2008-026). The EFSA Journal (2008) 760, 1-13.<\/span><\/p>\n","protected":false},"excerpt":{"rendered":"<p><b>B6 Duo<\/b> to po\u0142\u0105czenie witaminy B6 w formie chlorowodorku pirydoksyny oraz w jej postaci koenzymatycznej, tj. 5\u2032-fosforanu pirydoksalu (P5P).<\/p>\n","protected":false},"featured_media":107999,"template":"","meta":{"om_disable_all_campaigns":false,"inline_featured_image":false,"_monsterinsights_skip_tracking":false,"_monsterinsights_sitenote_active":false,"_monsterinsights_sitenote_note":"","_monsterinsights_sitenote_category":0},"product_brand":[],"product_cat":[78,70,83],"product_tag":[],"class_list":{"0":"post-107901","1":"product","2":"type-product","3":"status-publish","4":"has-post-thumbnail","6":"product_cat-odpornosc","7":"product_cat-tarczyca-i-uklad-hormonalny","8":"product_cat-uklad-nerwowy","10":"first","11":"instock","12":"taxable","13":"shipping-taxable","14":"purchasable","15":"product-type-simple"},"acf":[],"_links":{"self":[{"href":"https:\/\/norsapharma.com\/sklep\/wp-json\/wp\/v2\/product\/107901","targetHints":{"allow":["GET"]}}],"collection":[{"href":"https:\/\/norsapharma.com\/sklep\/wp-json\/wp\/v2\/product"}],"about":[{"href":"https:\/\/norsapharma.com\/sklep\/wp-json\/wp\/v2\/types\/product"}],"wp:featuredmedia":[{"embeddable":true,"href":"https:\/\/norsapharma.com\/sklep\/wp-json\/wp\/v2\/media\/107999"}],"wp:attachment":[{"href":"https:\/\/norsapharma.com\/sklep\/wp-json\/wp\/v2\/media?parent=107901"}],"wp:term":[{"taxonomy":"product_brand","embeddable":true,"href":"https:\/\/norsapharma.com\/sklep\/wp-json\/wp\/v2\/product_brand?post=107901"},{"taxonomy":"product_cat","embeddable":true,"href":"https:\/\/norsapharma.com\/sklep\/wp-json\/wp\/v2\/product_cat?post=107901"},{"taxonomy":"product_tag","embeddable":true,"href":"https:\/\/norsapharma.com\/sklep\/wp-json\/wp\/v2\/product_tag?post=107901"}],"curies":[{"name":"wp","href":"https:\/\/api.w.org\/{rel}","templated":true}]}}