{"id":117910,"date":"2022-05-10T10:41:57","date_gmt":"2022-05-10T08:41:57","guid":{"rendered":"https:\/\/norsapharma.com\/sklep\/?post_type=product&#038;p=117910"},"modified":"2026-04-14T09:00:07","modified_gmt":"2026-04-14T07:00:07","slug":"nac-complex","status":"publish","type":"product","link":"https:\/\/norsapharma.com\/sklep\/produkt\/nac-complex\/","title":{"rendered":"NAC Complex (90 kapsu\u0142ek)"},"content":{"rendered":"<p><strong>NAC Complex<\/strong> zawiera acetylowan\u0105 form\u0119 aminokwasu cysteiny w postaci N-acetylo L-cysteiny oraz kofaktory selen i molibden.<\/p>\n<h3>NAC complex \u2013 dlaczego warto?<\/h3>\n<p>Sk\u0142adniki zawarte w<strong> NAC Complex<\/strong> przyczyniaj\u0105 si\u0119 do <sup>1,2,3,4<\/sup>:<br \/>\n&#8211; utrzymania prawid\u0142owego metabolizmu aminokwas\u00f3w siarkowych (molibden)<br \/>\n&#8211; ochrony kom\u00f3rek przed stresem oksydacyjnym (selen)<br \/>\n&#8211; utrzymania zdrowia w\u0142os\u00f3w i paznokci (selen)<br \/>\n&#8211; prawid\u0142owego funkcjonowania tarczycy (selen)<br \/>\n&#8211; prawid\u0142owej spermatogenezy (selen)<\/p>\n<p><strong>NAC Complex to po\u0142\u0105czenie 3 aktywnych sk\u0142adnik\u00f3w w starannie dobranych, biodost\u0119pnych formach:<\/strong><\/p>\n<p>1. <strong>N-acetylo L-cysteina (NAC)<\/strong> to \u0142atwo przyswajalna forma cysteiny.<br \/>\n2. <strong>Selen<\/strong> w postaci L-selenometioniny Selenium SeLECT\u00ae &#8211; to dobrze przyswajalna forma, uwa\u017cana za jedn\u0105 z najbezpieczniejszych opcji w suplementacji. Selen jest niezb\u0119dnym mikroelementem, pierwiastkiem \u015bladowym, kt\u00f3ry chroni kom\u00f3rki przed uszkodzeniami, wspomaga funkcjonowanie tarczycy oraz wzmacnia uk\u0142ad odporno\u015bciowy <sup>5<\/sup>.<br \/>\n3. <strong>Molibden<\/strong> \u2013 w postaci molibdenianu sodu, wa\u017cny dla organizmu pierwiastek \u015bladowy<sup>6<\/sup>, kt\u00f3ry pomaga w utrzymaniu prawid\u0142owego metabolizmu aminokwas\u00f3w siarkowych <sup>1<\/sup>.<\/p>\n<p>&nbsp;<\/p>\n<p style=\"font-weight: 400;\"><strong>Bibliografia:<\/strong><\/p>\n<p><sup>1. Scientific Opinion on the substantiation of health claims related to molybdenum and contribution to normal amino acid metabolism (ID 313) and protection of DNA, proteins and lipids from oxidative damage (ID 341) pursuant to Article 13(1) of Regulation (EC) No 1924\/20061. EFSA Journal 2010;8(10):1745. Available online: www.efsa.europa.eu<br \/>\n2. EFSA Panel on Dietetic Products, Nutrition and Allergies (NDA); Scientific Opinion on the substantiation of a health claim related to selenium and protection of DNA, proteins and lipids from oxidative damage pursuant to Article 14 of Regulation (EC) No 1924\/2006. EFSA Journal 2014;12(11):3890. Available online: www.efsa.europa.eu<br \/>\n3. Scientific Opinion on the substantiation of health claims related to selenium and maintenance of normal hair (ID 281), maintenance of normal nails (ID 281), maintenance of normal thyroid function (ID 410, 1292), protection of DNA, proteins and lipids from oxidative damage (ID 410, 1292), and maintenance of the normal function of the immune system (ID 1750) pursuant to Article 13(1) of Regulation (EC) No 1924\/2006 Available online: www.efsa.europa.eu<br \/>\n4. Scientific Opinion on the substantiation of health claims related to selenium and spermatogenesis (ID396) pursuant to Article 13(1) of Regulation (EC) No 1924\/2006 Available online: www.efsa.europa.eu<br \/>\n5. Rayman MP. The importance of selenium to human health. Lancet. 2000 Jul 15;356(9225):233-41. doi: 10.1016\/S0140-6736(00)02490-9. PMID: 10963212.<br \/>\n6. Schwarz G, Belaidi AA. Molybdenum in human health and disease. Met Ions Life Sci. 2013;13:415-50. doi: 10.1007\/978-94-007-7500-8_13. PMID: 24470099.<\/sup><\/p>\n","protected":false},"excerpt":{"rendered":"<p><strong>Suplement diety<\/strong><\/p>\n<p><strong>NAC Complex<\/strong> zawiera acetylowan\u0105 form\u0119 aminokwasu cysteiny w postaci N-acetylo L-cysteiny oraz kofaktory selen i molibden.<\/p>\n","protected":false},"featured_media":117917,"template":"","meta":{"om_disable_all_campaigns":false,"inline_featured_image":false,"_monsterinsights_skip_tracking":false,"_monsterinsights_sitenote_active":false,"_monsterinsights_sitenote_note":"","_monsterinsights_sitenote_category":0},"product_brand":[],"product_cat":[71],"product_tag":[],"class_list":{"0":"post-117910","1":"product","2":"type-product","3":"status-publish","4":"has-post-thumbnail","6":"product_cat-watroba-i-metabolizm","8":"first","9":"instock","10":"taxable","11":"shipping-taxable","12":"purchasable","13":"product-type-simple"},"acf":[],"_links":{"self":[{"href":"https:\/\/norsapharma.com\/sklep\/wp-json\/wp\/v2\/product\/117910","targetHints":{"allow":["GET"]}}],"collection":[{"href":"https:\/\/norsapharma.com\/sklep\/wp-json\/wp\/v2\/product"}],"about":[{"href":"https:\/\/norsapharma.com\/sklep\/wp-json\/wp\/v2\/types\/product"}],"wp:featuredmedia":[{"embeddable":true,"href":"https:\/\/norsapharma.com\/sklep\/wp-json\/wp\/v2\/media\/117917"}],"wp:attachment":[{"href":"https:\/\/norsapharma.com\/sklep\/wp-json\/wp\/v2\/media?parent=117910"}],"wp:term":[{"taxonomy":"product_brand","embeddable":true,"href":"https:\/\/norsapharma.com\/sklep\/wp-json\/wp\/v2\/product_brand?post=117910"},{"taxonomy":"product_cat","embeddable":true,"href":"https:\/\/norsapharma.com\/sklep\/wp-json\/wp\/v2\/product_cat?post=117910"},{"taxonomy":"product_tag","embeddable":true,"href":"https:\/\/norsapharma.com\/sklep\/wp-json\/wp\/v2\/product_tag?post=117910"}],"curies":[{"name":"wp","href":"https:\/\/api.w.org\/{rel}","templated":true}]}}