{"id":158024,"date":"2026-01-14T23:29:42","date_gmt":"2026-01-14T22:29:42","guid":{"rendered":"https:\/\/norsapharma.com\/sklep\/?post_type=product&#038;p=158024"},"modified":"2026-03-05T00:18:56","modified_gmt":"2026-03-04T23:18:56","slug":"omegasense-gold","status":"publish","type":"product","link":"https:\/\/norsapharma.com\/sklep\/produkt\/omegasense-gold\/","title":{"rendered":"Omegasense Gold (120 kapsu\u0142ek)"},"content":{"rendered":"<p><strong>Omegasense Gold<\/strong> to suplement diety zawieraj\u0105cy wysokiej jako\u015bci omega-3 w wyj\u0105tkowo wygodnej do po\u0142ykania kapsu\u0142ce.<br \/>\nDzienna porcja zawiera a\u017c <strong>1500 mg czystego oleju omega-3<\/strong>, a jej kszta\u0142t i wielko\u015b\u0107 zapewnia \u0142atwe i komfortowe codzienne stosowanie. Wystarcz\u0105 <strong>2 kapsu\u0142ki dziennie<\/strong>, aby dostarczy\u0107 organizmowi skoncentrowan\u0105 porcj\u0119 kwas\u00f3w EPA i DHA \u2013 <strong>bez rybiego posmaku i bez efektu odbijania<\/strong>.<\/p>\n<p>System certyfikacji zapewnia, \u017ce jako\u015b\u0107 oleju z sardeli, wykorzystanego do produkcji <strong>Omegasense Gold<\/strong>, jest nie tylko deklarowana, ale realnie sprawdzana i potwierdzona na ka\u017cdym etapie \u2013 od \u017ar\u00f3d\u0142a oleju po gotowy produkt dla ka\u017cdej serii produktu. <strong>Olej<\/strong> wykorzystywany do produkcji Omegasense Gold <strong>posiada nast\u0119puj\u0105ce certyfikaty<\/strong>: IFOS (International Fish Oil Standards), GOED (Global Organization for EPA and DHA Omega-3s), ORIVO, Friend of the Sea (FOS), Green-e.<\/p>\n<p>Olej charakteryzuje si\u0119 <strong>wyj\u0105tkow\u0105 \u015bwie\u017co\u015bci\u0105 i czysto\u015bci\u0105<\/strong>, potwierdzon\u0105 bardzo niskim wska\u017anikiem <strong>TOTOX (poni\u017cej 5,5)<\/strong>. Aby zachowa\u0107 jego jako\u015b\u0107, olej jest starannie chroniony przed dost\u0119pem powietrza i zamykany w kapsu\u0142kach w atmosferze ochronnej azotu, co pomaga utrzyma\u0107 jego \u015bwie\u017co\u015b\u0107 na d\u0142u\u017cej.<\/p>\n<p>Naturalne kwasy omega-3 w <strong>formie tr\u00f3jgliceryd\u00f3w<\/strong> s\u0105 wysoko przyswajalne i wspieraj\u0105 prawid\u0142owe funkcjonowanie <strong>serca, m\u00f3zgu i wzroku<\/strong>.<sup>1, 2<\/sup><\/p>\n<p>Omegasense Gold to <strong>wygodna kapsu\u0142ka, a w niej ogromne wsparcie<\/strong> \u2013 codzienna dawka zdrowia.<\/p>\n<h3><b>Omegasense Gold \u2013 dlaczego warto?<\/b><\/h3>\n<h3><b style=\"font-size: 16px;\">1. *Omegasense Gold zawiera EPA i DHA, kt\u00f3re przyczyniaj\u0105 si\u0119 do: <\/b><b style=\"font-size: 16px;\"><sup>1, 2<\/sup><\/b><\/h3>\n<p><b>&#8211; utrzymania prawid\u0142owego funkcjonowania m\u00f3zgu (DHA)<\/b><sup>1<\/sup><\/p>\n<p><b>&#8211; utrzymania prawid\u0142owego widzenia (DHA)<\/b><sup>1<\/sup><\/p>\n<p><b>&#8211; prawid\u0142owego funkcjonowania serca (EPA, DHA)<\/b><sup>2<\/sup><\/p>\n<p><b>2. Wysoka zawarto\u015b\u0107 EPA i DHA<\/b><\/p>\n<p><span style=\"font-weight: 400;\">W dziennej porcji (2 kapsu\u0142ki) Omegasense Gold dostarcza <\/span><b>1500 mg czystych kwas\u00f3w omega-3<\/b><span style=\"font-weight: 400;\">, w tym:<\/span><\/p>\n<ul>\n<li style=\"font-weight: 400;\" aria-level=\"1\"><b>EPA \u2013 750 mg<\/b><\/li>\n<li style=\"font-weight: 400;\" aria-level=\"1\"><b>DHA \u2013 300 mg<\/b><\/li>\n<\/ul>\n<p><span style=\"font-weight: 400;\">To ilo\u015b\u0107 odpowiadaj\u0105ca realnym potrzebom organizmu, bez konieczno\u015bci przyjmowania wielu kapsu\u0142ek dziennie.<\/span><\/p>\n<h3><b>Najwa\u017cniejsze zalety Omegasense Gold:<\/b><\/h3>\n<ul>\n<li><span style=\"font-weight: 400;\">Specjalnie opracowany kszta\u0142t i rozmiar kapsu\u0142ki podnosz\u0105cy komfort prze\u0142ykania<sup>2<\/sup><\/span><\/li>\n<li><b>Wysoka zawarto\u015b\u0107 EPA i DHA w naturalnej formie tr\u00f3jgliceryd\u00f3w<\/b><sup>1<\/sup><\/li>\n<li><b>Olej pozyskiwany wy\u0142\u0105cznie z sardeli<\/b>, po\u0142awianej w spos\u00f3b <b>zr\u00f3wnowa\u017cony i certyfikowany<\/b>, o udokumentowanym pochodzeniu geograficznym. Sardela, jako ryba o <b>kr\u00f3tkim \u0142a\u0144cuchu pokarmowym<\/b>, stanowi idealny surowiec do pozyskiwania czystego oleju bogatego w kwasy omega-3<\/li>\n<li><b>Bardzo niski poziom TOTOX<\/b><span style=\"font-weight: 400;\"> \u2013 wska\u017anik poni\u017cej <\/span><b>5,5<\/b><span style=\"font-weight: 400;\"> potwierdza wysok\u0105 \u015bwie\u017co\u015b\u0107 i jako\u015b\u0107 oleju<\/span><\/li>\n<li><b>Brak nieprzyjemnego efektu odbijania si\u0119 ryb\u0105<\/b><\/li>\n<li><b>Kapsu\u0142kowanie w atmosferze ochronnej azotu<\/b><span style=\"font-weight: 400;\">, zapewniaj\u0105ce lepsze zabezpieczenie wra\u017cliwych kwas\u00f3w omega-3 przed utlenianiem<\/span><\/li>\n<li><b>Brak sztucznych barwnik\u00f3w i konserwant\u00f3w<\/b><\/li>\n<li aria-level=\"1\"><b>Liczne, niezale\u017cne certyfikaty jako\u015bci i pochodzenia<\/b><span style=\"font-weight: 400;\">, potwierdzaj\u0105ce standard produktu na ka\u017cdym etapie<\/span><\/li>\n<li aria-level=\"1\"><b>Odpowiedni dla doros\u0142ych oraz dzieci powy\u017cej 3. roku \u017cycia<\/b><span style=\"font-weight: 400;\"> (pod warunkiem posiadania umiej\u0119tno\u015bci bezpiecznego po\u0142ykania kapsu\u0142ek)<\/span><\/li>\n<li aria-level=\"1\"><b>Niezale\u017cne badania w akredytowanych laboratoriach<\/b><span style=\"font-weight: 400;\"> \u2013 ka\u017cda partia produktu jest poddawana kontroli jako\u015bci<\/span><\/li>\n<li aria-level=\"1\"><b>Kapsu\u0142ki pochodzenia rybiego &#8211; zar\u00f3wno olej, jak i otoczka kapsu\u0142ki (\u017celatyna rybia)<\/b><\/li>\n<\/ul>\n<h2><b>Potwierdzona jako\u015b\u0107<\/b><\/h2>\n<p><b>Olej, <\/b><span style=\"font-weight: 400;\">kt\u00f3ry wykorzystujemy w produkcji <\/span><b>Omegasense Gold, <\/b><span style=\"font-weight: 400;\">to<\/span><b> certyfikowany surowiec, <\/b><span style=\"font-weight: 400;\">kt\u00f3ry podlega wielopoziomowej, niezale\u017cnej kontroli jako\u015bci. <\/span><span style=\"font-weight: 400;\">Produkt opiera si\u0119 na sp\u00f3jnym systemie weryfikacji, obejmuj\u0105cym zar\u00f3wno surowiec wej\u015bciowy, jak i gotowy olej, a tak\u017ce spos\u00f3b jego pozyskania i produkcji.<\/span><\/p>\n<p><b>Olej wykorzystany do produkcji Omegasense Gold<\/b><span style=\"font-weight: 400;\"> poddawany jest wielopoziomowej<\/span><b> kontroli jako\u015bci<\/b><span style=\"font-weight: 400;\">, potwierdzonej przez presti\u017cowe, mi\u0119dzynarodowe programy certyfikacyjne:<\/span><\/p>\n<ul>\n<li style=\"font-weight: 400;\" aria-level=\"1\"><b>IFOS (International Fish Oil Standards)<\/b><span style=\"font-weight: 400;\"><br \/>\n<\/span><span style=\"font-weight: 400;\">\u2013 niezale\u017cnie potwierdzona czysto\u015b\u0107 oleju,<\/span><span style=\"font-weight: 400;\"><br \/>\n<\/span><span style=\"font-weight: 400;\">\u2013 bardzo niski poziom utlenienia (TOTOX),<\/span><span style=\"font-weight: 400;\"><br \/>\n<\/span><span style=\"font-weight: 400;\">\u2013 potwierdzona zgodno\u015b\u0107 deklarowanych zawarto\u015bci EPA i DHA.<\/span><\/li>\n<li style=\"font-weight: 400;\" aria-level=\"1\"><b>GOED (Global Organization for EPA and DHA Omega-3s)<\/b><span style=\"font-weight: 400;\"><br \/>\n<\/span><span style=\"font-weight: 400;\">\u2013 wysoki presti\u017c bran\u017cowy,<\/span><span style=\"font-weight: 400;\"><br \/>\n<\/span><span style=\"font-weight: 400;\">\u2013 spe\u0142nienie najbardziej restrykcyjnych standard\u00f3w jako\u015bci i bezpiecze\u0144stwa dla kwas\u00f3w EPA i DHA.<\/span><\/li>\n<li style=\"font-weight: 400;\" aria-level=\"1\"><b>ORIVO<\/b><span style=\"font-weight: 400;\"><br \/>\n<\/span><span style=\"font-weight: 400;\">\u2013 laboratoryjnie potwierdzona autentyczno\u015b\u0107 surowca,<\/span><span style=\"font-weight: 400;\"><br \/>\n<\/span><span style=\"font-weight: 400;\">\u2013 weryfikacja gatunku ryby (sardela) oraz pochodzenia geograficznego oleju.<\/span><\/li>\n<li style=\"font-weight: 400;\" aria-level=\"1\"><b>Friend of the Sea (FOS)<\/b><span style=\"font-weight: 400;\"><br \/>\n<\/span><span style=\"font-weight: 400;\">\u2013 dziki, zr\u00f3wnowa\u017cony i kontrolowany po\u0142\u00f3w,<\/span><span style=\"font-weight: 400;\"><br \/>\n<\/span><span style=\"font-weight: 400;\">\u2013 odpowiedzialne zarz\u0105dzanie zasobami morskimi i ochrona ekosystem\u00f3w.<\/span><\/li>\n<li style=\"font-weight: 400;\" aria-level=\"1\"><b>Green-e<\/b><span style=\"font-weight: 400;\"><br \/>\n<\/span><span style=\"font-weight: 400;\">\u2013 wykorzystanie energii odnawialnej w procesach operacyjnych i produkcyjnych,<\/span><span style=\"font-weight: 400;\"><br \/>\n<\/span><span style=\"font-weight: 400;\">\u2013 potwierdzenie odpowiedzialnego podej\u015bcia \u015brodowiskowego na poziomie organizacyjnym.<\/span><\/li>\n<\/ul>\n<p><span style=\"font-weight: 400;\">Ten system certyfikacji zapewnia, \u017ce <\/span><b>jako\u015b\u0107 oleju wykorzystanego do produkcji Omegasense Gold jest nie tylko deklarowana, ale realnie sprawdzana i potwierdzona dla ka\u017cdej serii produktu. <\/b><\/p>\n<h3><strong>W sk\u0142ad produktu Omegasense Gold wchodz\u0105:<\/strong><\/h3>\n<p>Olej uzyskany ze <strong>\u015bwie\u017cego surowca sardeli<\/strong> o wysokiej zawarto\u015bci d\u0142ugo\u0142a\u0144cuchowych, wielonienasyconych kwas\u00f3w t\u0142uszczowych omega-3, z kt\u00f3rych najwa\u017cniejsze s\u0105 <strong>EPA<\/strong> i <strong>DHA<\/strong>.<br \/>\nW dziennej porcji \u2013 2 kapsu\u0142kach suplementu diety Omegasense Gold znajduje si\u0119:<br \/>\n<strong>750 mg EPA<\/strong><br \/>\n<strong>300 mg DHA<\/strong><\/p>\n<p>&nbsp;<\/p>\n<p style=\"font-weight: 400;\"><strong>Bibliografia:<\/strong><\/p>\n<p><sup>1 Korzystne dzia\u0142anie wyst\u0119puje przy dziennym spo\u017cyciu 250 mg DHA dziennie.*<br \/>\n2 Korzystne dzia\u0142anie wyst\u0119puje przy dziennym spo\u017cyciu 250 mg DHA i EPA dziennie.*<\/sup><\/p>\n<p><sup>* Nr dziennika EFSA 2010;8(10):1734, 2011;9(4):2078<\/sup><\/p>\n<p>&nbsp;<\/p>\n","protected":false},"excerpt":{"rendered":"<p><strong>Suplement diety<\/strong><\/p>\n<p><b>Omegasense Gold<\/b> to suplement diety zawieraj\u0105cy wysokiej jako\u015bci omega-3 w wyj\u0105tkowo wygodnej do po\u0142ykania kapsu\u0142ce. Dzienna porcja zawiera a\u017c <b>1500 mg czystego oleju omega-3<\/b>, a jej kszta\u0142t i wielko\u015b\u0107 zapewnia \u0142atwe i komfortowe codzienne stosowanie. Wystarcz\u0105 <b>2 kapsu\u0142ki dziennie<\/b>, aby dostarczy\u0107 organizmowi skoncentrowan\u0105 porcj\u0119 kwas\u00f3w EPA i DHA \u2013 <b>bez rybiego posmaku i bez efektu odbijania<\/b><\/p>\n","protected":false},"featured_media":158028,"template":"","meta":{"om_disable_all_campaigns":false,"inline_featured_image":false,"_monsterinsights_skip_tracking":false,"_monsterinsights_sitenote_active":false,"_monsterinsights_sitenote_note":"","_monsterinsights_sitenote_category":0},"product_brand":[],"product_cat":[78,70,83,71,86],"product_tag":[],"class_list":{"0":"post-158024","1":"product","2":"type-product","3":"status-publish","4":"has-post-thumbnail","6":"product_cat-odpornosc","7":"product_cat-tarczyca-i-uklad-hormonalny","8":"product_cat-uklad-nerwowy","9":"product_cat-watroba-i-metabolizm","10":"product_cat-skora-i-paznokcie","12":"first","13":"instock","14":"taxable","15":"shipping-taxable","16":"purchasable","17":"product-type-simple"},"acf":[],"_links":{"self":[{"href":"https:\/\/norsapharma.com\/sklep\/wp-json\/wp\/v2\/product\/158024","targetHints":{"allow":["GET"]}}],"collection":[{"href":"https:\/\/norsapharma.com\/sklep\/wp-json\/wp\/v2\/product"}],"about":[{"href":"https:\/\/norsapharma.com\/sklep\/wp-json\/wp\/v2\/types\/product"}],"wp:featuredmedia":[{"embeddable":true,"href":"https:\/\/norsapharma.com\/sklep\/wp-json\/wp\/v2\/media\/158028"}],"wp:attachment":[{"href":"https:\/\/norsapharma.com\/sklep\/wp-json\/wp\/v2\/media?parent=158024"}],"wp:term":[{"taxonomy":"product_brand","embeddable":true,"href":"https:\/\/norsapharma.com\/sklep\/wp-json\/wp\/v2\/product_brand?post=158024"},{"taxonomy":"product_cat","embeddable":true,"href":"https:\/\/norsapharma.com\/sklep\/wp-json\/wp\/v2\/product_cat?post=158024"},{"taxonomy":"product_tag","embeddable":true,"href":"https:\/\/norsapharma.com\/sklep\/wp-json\/wp\/v2\/product_tag?post=158024"}],"curies":[{"name":"wp","href":"https:\/\/api.w.org\/{rel}","templated":true}]}}