{"id":16561,"date":"2024-03-22T15:14:10","date_gmt":"2024-03-22T14:14:10","guid":{"rendered":"https:\/\/norsapharma.com\/sklep\/?post_type=product&#038;p=16561"},"modified":"2026-03-05T00:17:47","modified_gmt":"2026-03-04T23:17:47","slug":"neuroset-b-complex","status":"publish","type":"product","link":"https:\/\/norsapharma.com\/sklep\/produkt\/neuroset-b-complex\/","title":{"rendered":"Neuroset B-Complex (45 kapsu\u0142ek)"},"content":{"rendered":"<p><strong>Neuroset B-Complex\u00a0<\/strong><span style=\"font-weight: 400;\">to specjalnie opracowane po\u0142\u0105czenie cytykoliny, nukleotyd\u00f3w dietetycznych, wszystkich witamin z grupy B oraz \u0142agodnej dla przewodu pokarmowego witaminy C. Nie zawiera dodatk\u00f3w smakowych, barwnik\u00f3w, aromat\u00f3w i substancji s\u0142odz\u0105cych.<\/span><\/p>\n<p><span style=\"font-weight: 400;\">Neuroset B-Complex<\/span> <span style=\"font-weight: 400;\">wspomaga funkcjonowanie uk\u0142adu nerwowego, utrzymanie prawid\u0142owych funkcji psychologicznych<\/span> <span style=\"font-weight: 400;\">\u00a0oraz utrzymanie odpowiedniego metabolizmu homocysteiny.<\/span><\/p>\n<p>&nbsp;<\/p>\n<h3>Neuroset B-Complex &#8211; dlaczego warto?<\/h3>\n<p>Sk\u0142adniki zawarte w Neuroset B-Complex przyczyniaj\u0105 si\u0119 do<sup>1,2,3,4,5,6,7,8<\/sup>:<\/p>\n<ul>\n<li><b>prawid\u0142owego funkcjonowania uk\u0142adu nerwowego<\/b><span style=\"font-weight: 400;\"> (witamina C, tiamina, ryboflawina, niacyna, witamina B6, witamina B12),<\/span><\/li>\n<li><span style=\"font-weight: 400;\">utrzymania <strong>prawid\u0142owego metabolizmu energetycznego<\/strong> (witamina C, tiamina, ryboflawina, niacyna, kwas pantotenowy, witamina B6, witamina B12),<\/span><\/li>\n<li><span style=\"font-weight: 400;\">utrzymania <\/span><b>prawid\u0142owych funkcji psychologicznych<\/b><span style=\"font-weight: 400;\"> (witamina C, tiamina, niacyna, witamina B6, witamina B12, foliany) oraz utrzymania <\/span><b>sprawno\u015bci umys\u0142owej<\/b><span style=\"font-weight: 400;\"> na prawid\u0142owym poziomie (kwas pantotenowy),<\/span><\/li>\n<li><span style=\"font-weight: 400;\">utrzymania <\/span><b>prawid\u0142owego metabolizmu homocysteiny<\/b><span style=\"font-weight: 400;\"> (witamina B6, witamina B12, foliany),<\/span><\/li>\n<li><span style=\"font-weight: 400;\"><strong>prawid\u0142owej syntezy i metabolizmu hormon\u00f3w steroidowych<\/strong>, witaminy D i niekt\u00f3rych neuroprzeka\u017anik\u00f3w (kwas pantotenowy) oraz regulacji aktywno\u015bci hormonalnej (witamina B6),<\/span><\/li>\n<li><b>zmniejszenia uczucia zm\u0119czenia i znu\u017cenia<\/b><span style=\"font-weight: 400;\"> (witamina C, ryboflawina, niacyna, kwas pantotenowy, witamina B6, witamina B12, foliany),\u00a0<\/span><\/li>\n<li><span style=\"font-weight: 400;\"><strong>prawid\u0142owej produkcji czerwonych krwinek<\/strong> (witamina B6, witamina B12) oraz utrzymania prawid\u0142owego stanu czerwonych krwinek (ryboflawina),<\/span><\/li>\n<li><span style=\"font-weight: 400;\"><strong>prawid\u0142owego funkcjonowania uk\u0142adu odporno\u015bciowego<\/strong> (witamina C, witamina B6, witamina B12, foliany),<\/span><\/li>\n<li><span style=\"font-weight: 400;\"><strong>utrzymania prawid\u0142owego metabolizmu \u017celaza<\/strong> (ryboflawina)<\/span><\/li>\n<\/ul>\n<p>&nbsp;<\/p>\n<h3>Najwa\u017cniejsze zalety Neuroset B-Complex:<\/h3>\n<ul style=\"line-height: 2;\">\n<li style=\"font-weight: 400;\" aria-level=\"1\">Neuroset B-Complex to innowacyjne po\u0142\u0105czenie<strong> 13 sk\u0142adnik\u00f3w aktywnych<\/strong> w starannie dobranych i wysoko biodost\u0119pnych formach. Produkt charakteryzuje si\u0119 wysok\u0105 zawarto\u015bci\u0105 wszystkich witamin z grupy B, cytykoliny oraz dw\u00f3ch kluczowych nukleotyd\u00f3w \u2013 urydyny i cytydyny.<\/li>\n<li style=\"font-weight: 400;\" aria-level=\"1\">Neuroset B-Complex to inteligentne i holistyczne rozwi\u0105zanie dla <strong>wsparcia funkcjonowania uk\u0142adu nerwowego, utrzymania prawid\u0142owych funkcji psychologicznych i poznawczych oraz utrzymania odpowiedniego metabolizmu homocysteiny.<\/strong><\/li>\n<li style=\"font-weight: 400;\" aria-level=\"1\">Neuroset B-Complex to przede wszystkim <strong>doskona\u0142y kompleks witamin z grupy B<\/strong>. W celu osi\u0105gni\u0119cia lepszego wsp\u00f3\u0142dzia\u0142ania sk\u0142adnik\u00f3w, w produkcie zastosowano <strong>dwie wysoce biodost\u0119pne formy witaminy B1<\/strong> (chlorek pirofosforanu tiaminy i chlorowodorek tiaminy) oraz witamin\u0119 B6 w postaci koenzymatycznej, tj. 5\u2032-fosforanu pirydoksalu oraz chlorowodorku pirydoksyny. Sk\u0142ad obejmuje witaminy B9 i B12 w aktywnych, metylowanych formach.<\/li>\n<li style=\"font-weight: 400;\" aria-level=\"1\">Neuroset B-Complex ma <strong>czysty sk\u0142ad<\/strong> &#8211; nie zawiera glutenu, skrobi, pszenicy, soi i bia\u0142ek mlecznych. Nie znajdziesz w nim dodatk\u00f3w smakowych, barwnik\u00f3w, aromat\u00f3w i substancji s\u0142odz\u0105cych. <strong>Produkt jest odpowiedni dla wegan<\/strong>.<\/li>\n<\/ul>\n<p>&nbsp;<\/p>\n<h3>W sk\u0142ad produktu Neuroset B-Complex wchodz\u0105:<\/h3>\n<p><b>Nukleotydy dietetyczne<\/b><\/p>\n<p><span style=\"font-weight: 400;\">Nukleotydy s\u0105 zwi\u0105zkami wewn\u0105trzkom\u00f3rkowymi o ma\u0142ej masie cz\u0105steczkowej, kt\u00f3re odgrywaj\u0105 kluczow\u0105 rol\u0119 w prawie wszystkich biochemicznych procesach w organizmie cz\u0142owieka.<sup>9\u00a0 <\/sup><\/span><span style=\"font-weight: 400;\">Pozytywnie wp\u0142ywaj\u0105 na gospodark\u0119 lipidow\u0105, odporno\u015b\u0107 oraz wzrost, rozw\u00f3j i napraw\u0119 tkanek.<sup>10,11<\/sup><\/span><\/p>\n<p><span style=\"font-weight: 400;\">W produkcie wykorzystano\u00a0synergi\u0119 dw\u00f3ch kluczowych nukleotyd\u00f3w.\u00a0Poza monofosforanem urydyny formu\u0142a Neuroset B- Complex zosta\u0142a wzbogacona o monofosforan cytydyny, kt\u00f3ry jest jej prekursorem.<\/span><\/p>\n<p><b>Cytykolina \u2013 CDP cholina<\/b><\/p>\n<p><span style=\"font-weight: 400;\">CDP-cholina ulega hydrolizie do cytydyny i choliny, kt\u00f3re maj\u0105 zdolno\u015b\u0107 \u0142atwego przenikania przez barier\u0119 krew-m\u00f3zg i odgrywaj\u0105 wa\u017cn\u0105 rol\u0119 w syntezie i odbudowie b\u0142on kom\u00f3rek nerwowych.<\/span><span style=\"font-weight: 400;\"><sup>12<\/sup><\/span><\/p>\n<p><span style=\"font-weight: 400;\">CDP-cholina i produkty jej rozpadu poza rol\u0105 w biosyntezie i procesach odnowy b\u0142on kom\u00f3rkowych, bior\u0105 udzia\u0142 r\u00f3wnie\u017c w biosyntezie kwas\u00f3w nukleinowych, bia\u0142ek i acetylocholiny.<\/span><span style=\"font-weight: 400;\"><sup>13<\/sup><\/span><\/p>\n<p><b>Kompleks witamin z grupy B<\/b><\/p>\n<p><span style=\"font-weight: 400;\">Neuroset B-Complex zawiera kompleks siedmiu witamin z grupy B: <\/span><b>tiamina<\/b><span style=\"font-weight: 400;\"> (witamina B1), <\/span><b>ryboflawina<\/b><span style=\"font-weight: 400;\"> (witamina B2), <\/span><b>niacyna<\/b><span style=\"font-weight: 400;\"> (witamina B3), <\/span><b>kwas<\/b> <b>pantotenowy<\/b><span style=\"font-weight: 400;\"> (witamina B5), <\/span><b>witamina B6<\/b><span style=\"font-weight: 400;\">, <\/span><b>foliany<\/b><span style=\"font-weight: 400;\"> (witamina B9) i <\/span><b>witamina B12<\/b><span style=\"font-weight: 400;\">, kt\u00f3re s\u0105 istotne dla prawid\u0142owego przebiegu kluczowych proces\u00f3w ludzkiego organizmu, w szczeg\u00f3lno\u015bci w obszarze neurologicznym. W celu uzyskania dodatkowych synergii, w preparacie zastosowano po dwie, organiczne formy chemiczne witamin B1 i B6. Formu\u0142a Neuroset B-Complex uwzgl\u0119dnia dodatkowo formy metylowane witaminy B12 i kwasu foliowego, co jest bardzo istotne z uwagi na poziom biodost\u0119pno\u015bci tych sk\u0142adnik\u00f3w.<\/span><\/p>\n<p><b>Witamina C<\/b><\/p>\n<p><span style=\"font-weight: 400;\">\u0141agodna dla przewodu pokarmowego witamina C w formie askorbinianu sodu, kt\u00f3ra ma neutralny odczyn i nie podra\u017cnia przewodu pokarmowego. Przyczynia si\u0119 do odpowiedniego dzia\u0142ania uk\u0142adu nerwowego, prawid\u0142owego funkcjonowania psychicznego oraz zmniejszenia uczucia zm\u0119czenia i\u00a0znu\u017cenia.<\/span><\/p>\n<p>&nbsp;<\/p>\n<p><span style=\"font-size: 12px;\">1.Scientific Opinion on substantiation of health claims related to thiamine. EFSA Journal 2009; 7(9):1222.<br \/>\n2.Scientific Opinion on the substantiation of health claims related to riboflavin (vitamin B2). EFSA Journal 2010;8(10):1814.<br \/>\n3. Scientific Opinion on the substantiation of health claims related to niacin. EFSA Journal 2009; 7(9):1224.<br \/>\n4. Scientific Opinion on the substantiation of health claims related to vitamin B6. EFSA Journal 2010;8(10):1759.<br \/>\n5. Scientific Opinion on the substantiation of health claims related to vitamin B12. EFSA Journal 2010;8(10):1756.<br \/>\n6. Scientific Opinion on the substantiation of health claims related to vitamin C. EFSA Journal 2010;8(10):1815.<br \/>\n7. Scientific Opinion on the substantiation of health claims related to pantothenic acid. EFSA Journal 2009; 7(9):1218.<br \/>\n8. Scientific Opinion on the substantiation of health claims related to folate.<br \/>\n9. Hess J.R., Greenberg N.A.: The Role of Nucleotides in the Immune and Gastrointestinal Systems: Potential Clinical Applications, Nutrition in Clinical Practice 2012; 27 (2): 281-294. doi: 10.1177\/0884533611434933.<br \/>\n10. Carver J.D., Walker W.A., The role of nucleotides in human nutrition. J. Nutr. Biochem 1995; 6(2): 58\u2013 72.<br \/>\n11. Gil A., Modulation of the immune response mediated by dietary nucleotides, European Journal of Clinical Nutrition 2002; 56 (3):S1-4. doi: 10.1038\/sj.ejcn.1601475.<br \/>\n12. Ewa Mayzner-Zawadzka i wsp\u00f3\u0142. Kliniczna ocena skuteczno\u015bci CDP-choliny jako neuroprotektora w izolowanych urazach m\u00f3zgu*. Borgis &#8211; Anestezjologia Intensywna Terapia 2005; 4: 246-250.<br \/>\n13. Weiss GB: Metabolism and actions of CDP-choline as an endogenous compound and administered exogenously as citicoline. Life Sci 1995; 56: 637-660.<br \/>\n<\/span><\/p>\n","protected":false},"excerpt":{"rendered":"<p>Neuroset B-Complex to specjalnie opracowane po\u0142\u0105czenie cytykoliny, nukleotyd\u00f3w dietetycznych, wszystkich witamin z grupy B oraz \u0142agodnej dla przewodu pokarmowego witaminy C. Nie zawiera dodatk\u00f3w smakowych, barwnik\u00f3w, aromat\u00f3w i substancji s\u0142odz\u0105cych.<\/p>\n","protected":false},"featured_media":37702,"template":"","meta":{"om_disable_all_campaigns":false,"inline_featured_image":false,"_monsterinsights_skip_tracking":false,"_monsterinsights_sitenote_active":false,"_monsterinsights_sitenote_note":"","_monsterinsights_sitenote_category":0},"product_brand":[],"product_cat":[83,78],"product_tag":[],"class_list":{"0":"post-16561","1":"product","2":"type-product","3":"status-publish","4":"has-post-thumbnail","6":"product_cat-uklad-nerwowy","7":"product_cat-odpornosc","9":"first","10":"instock","11":"taxable","12":"shipping-taxable","13":"purchasable","14":"product-type-simple"},"acf":[],"_links":{"self":[{"href":"https:\/\/norsapharma.com\/sklep\/wp-json\/wp\/v2\/product\/16561","targetHints":{"allow":["GET"]}}],"collection":[{"href":"https:\/\/norsapharma.com\/sklep\/wp-json\/wp\/v2\/product"}],"about":[{"href":"https:\/\/norsapharma.com\/sklep\/wp-json\/wp\/v2\/types\/product"}],"wp:featuredmedia":[{"embeddable":true,"href":"https:\/\/norsapharma.com\/sklep\/wp-json\/wp\/v2\/media\/37702"}],"wp:attachment":[{"href":"https:\/\/norsapharma.com\/sklep\/wp-json\/wp\/v2\/media?parent=16561"}],"wp:term":[{"taxonomy":"product_brand","embeddable":true,"href":"https:\/\/norsapharma.com\/sklep\/wp-json\/wp\/v2\/product_brand?post=16561"},{"taxonomy":"product_cat","embeddable":true,"href":"https:\/\/norsapharma.com\/sklep\/wp-json\/wp\/v2\/product_cat?post=16561"},{"taxonomy":"product_tag","embeddable":true,"href":"https:\/\/norsapharma.com\/sklep\/wp-json\/wp\/v2\/product_tag?post=16561"}],"curies":[{"name":"wp","href":"https:\/\/api.w.org\/{rel}","templated":true}]}}