{"id":18148,"date":"2024-04-15T19:42:57","date_gmt":"2024-04-15T17:42:57","guid":{"rendered":"https:\/\/norsapharma.com\/sklep\/?post_type=product&#038;p=18148"},"modified":"2026-03-05T00:18:00","modified_gmt":"2026-03-04T23:18:00","slug":"anpyrol-kpu-hpu","status":"publish","type":"product","link":"https:\/\/norsapharma.com\/sklep\/produkt\/anpyrol-kpu-hpu\/","title":{"rendered":"Anpyrol KPU\/HPU (60 kapsu\u0142ek)"},"content":{"rendered":"<p><span style=\"font-weight: 400;\"><strong>Anpyrol KPU\/HPU<\/strong> to specjalnie opracowane po\u0142\u0105czenie wybranych witamin z grupy B, manganu, cynku, kwercetyny, inozytolu i biotyny oraz \u0142agodnej dla przewodu pokarmowego witaminy C. Nie zawiera dodatk\u00f3w smakowych, barwnik\u00f3w, aromat\u00f3w i substancji s\u0142odz\u0105cych.\u00a0<\/span><\/p>\n<p><strong>Anpyrol KPU\/HPU zosta\u0142 opracowany dla wsparcia metabolizmu hemu, \u017celaza, homocysteiny, prawid\u0142owej regulacji aktywno\u015bci hormonalnej oraz wsparcia zdrowia ko\u015bci, w\u0142os\u00f3w, paznokci, tkanek \u0142\u0105cznych i b\u0142on \u015bluzowych.\u00a0<\/strong><\/p>\n<p>&nbsp;<\/p>\n<h3><span style=\"font-weight: 400;\">Anpyrol KPU\/HPU \u2013 <\/span><span style=\"font-weight: 400;\">dlaczego warto?<\/span><\/h3>\n<p><span style=\"font-weight: 400;\">Sk\u0142adniki zawarte w Anpyrol KPU\/HPU przyczyniaj\u0105 si\u0119 do<sup>1,2,3,4,5,6,7,8,9,10,11<\/sup><\/span><span style=\"font-weight: 400;\">:<\/span><\/p>\n<ul>\n<li><span style=\"font-weight: 400;\">utrzymania prawid\u0142owego metabolizmu homocysteiny (witamina B6)\u00a0<\/span><\/li>\n<li><span style=\"font-weight: 400;\">utrzymania prawid\u0142owego metabolizmu \u017celaza (ryboflawina)<\/span><\/li>\n<li><span style=\"font-weight: 400;\">prawid\u0142owej produkcji czerwonych krwinek (witamina B6) oraz utrzymania prawid\u0142owego stanu czerwonych krwinek (ryboflawina)<\/span><\/li>\n<li><span style=\"font-weight: 400;\">utrzymania zdrowych ko\u015bci i prawid\u0142owego tworzenia tkanek \u0142\u0105cznych (mangan)<\/span><\/li>\n<li><span style=\"font-weight: 400;\">utrzymania zdrowych ko\u015bci, w\u0142os\u00f3w, paznokci, sk\u00f3ry (cynk)<\/span><\/li>\n<li><span style=\"font-weight: 400;\">utrzymania prawid\u0142owego stanu b\u0142on \u015bluzowych (niacyna, biotyna, ryboflawina)<\/span><\/li>\n<li><span style=\"font-weight: 400;\">utrzymania prawid\u0142owej p\u0142odno\u015bci i prawid\u0142owych funkcji rozrodczych (cynk) oraz do regulacji aktywno\u015bci hormonalnej (witamina B6)<\/span><\/li>\n<li><span style=\"font-weight: 400;\">prawid\u0142owej syntezy i metabolizmu hormon\u00f3w steroidowych, witaminy D i niekt\u00f3rych neuroprzeka\u017anik\u00f3w (kwas pantotenowy)<\/span><\/li>\n<li><span style=\"font-weight: 400;\">utrzymania prawid\u0142owych funkcji psychologicznych (tiamina, niacyna, witamina B6, biotyna), oraz utrzymania prawid\u0142owych funkcji poznawczych (cynk)<\/span><\/li>\n<li><span style=\"font-weight: 400;\">utrzymania prawid\u0142owego metabolizmu energetycznego (tiamina, ryboflawina, niacyna, kwas pantotenowy, witamina B6, biotyna, mangan)<\/span><\/li>\n<li><span style=\"font-weight: 400;\">prawid\u0142owego funkcjonowania uk\u0142adu nerwowego (tiamina, ryboflawina, niacyna, witamina B6, biotyna)<\/span><\/li>\n<li><span style=\"font-weight: 400;\">utrzymania sprawno\u015bci umys\u0142owej na prawid\u0142owym poziomie (kwas pantotenowy)<\/span><\/li>\n<\/ul>\n<p>&nbsp;<\/p>\n<h3><span style=\"font-weight: 400;\">Najwa\u017cniejsze zalety Anpyrol KPU\/HPU:<\/span><\/h3>\n<ul>\n<li style=\"font-weight: 400;\" aria-level=\"1\"><span style=\"font-weight: 400;\"><strong>Anpyrol KPU\/HPU\u00a0 to innowacyjna formu\u0142a 14 sk\u0142adnik\u00f3w aktywnych<\/strong> w starannie dobranych i wysoko biodost\u0119pnych formach. To inteligentne i holistyczne rozwi\u0105zanie dla wsparcia<strong> prawid\u0142owego funkcjonowania metabolizmu hemu, \u017celaza i homocysteiny.<\/strong>\u00a0 Wybrane sk\u0142adniki b\u0119d\u0105 przyczynia\u0107 si\u0119 r\u00f3wnie\u017c do <strong>prawid\u0142owego funkcjonowania uk\u0142adu nerwowego<\/strong>, oraz utrzymania <strong>prawid\u0142owej regulacji aktywno\u015bci hormonalnej<\/strong>.\u00a0<\/span><\/li>\n<li style=\"font-weight: 400;\" aria-level=\"1\"><span style=\"font-weight: 400;\">Anpyrol KPU\/HPU charakteryzuje si\u0119 specjaln\u0105 <strong>kompozycj\u0105 wybranych witamin z grupy B, cynku, manganu, kwercetyny, biotyny, inozytolu oraz \u0142agodnej dla przewodu pokarmowego formy witaminy C<\/strong>.\u00a0<\/span><\/li>\n<li style=\"font-weight: 400;\" aria-level=\"1\"><span style=\"font-weight: 400;\">W celu osi\u0105gni\u0119cia lepszego wsp\u00f3\u0142dzia\u0142ania sk\u0142adnik\u00f3w zastosowano <strong>wysoce biodost\u0119pne formy witaminy B1<\/strong> &#8211; chlorek pirofosforanu tiaminy i chlorowodorek tiaminy \u2014 oraz <strong>witamin\u0119 B6 w postaci koenzymatycznej<\/strong>, tj. 5&#8242;-fosforanu pirydoksalu oraz chlorowodorku pirydoksyny.<\/span><\/li>\n<li style=\"font-weight: 400;\" aria-level=\"1\"><span style=\"font-weight: 400;\">Zawarty w produkcie cynk w dw\u00f3ch organicznych formach dzi\u0119ki bardzo wysokiej biodost\u0119pno\u015bci przyczynia si\u0119 do poprawy funkcjonowania wielu proces\u00f3w i uk\u0142ad\u00f3w w organizmie.<\/span><\/li>\n<li style=\"font-weight: 400;\" aria-level=\"1\"><span style=\"font-weight: 400;\">W Anpyrol KPU\/HPU wykorzystano <strong>biochemiczn\u0105 relacj\u0119 kwercetyny do cynku<\/strong>, gdzie kwercetyna jako jonofor \u2013 mo\u017ce by\u0107 no\u015bnikiem jon\u00f3w cynku do kom\u00f3rek<\/span><span style=\"font-weight: 400;\"><sup>12<\/sup><\/span><span style=\"font-weight: 400;\">.\u00a0<\/span><\/li>\n<li style=\"font-weight: 400;\" aria-level=\"1\"><strong>Nie zawiera glutenu, skrobi, pszenicy, soi, bia\u0142ek mlecznych. Nie zawiera dodatk\u00f3w smakowych, barwnik\u00f3w, aromat\u00f3w i substancji s\u0142odz\u0105cych. Produkt jest odpowiedni dla wegan.<\/strong><\/li>\n<\/ul>\n<p>&nbsp;<\/p>\n<h3><span style=\"font-weight: 400;\">W sk\u0142ad produktu Anpyrol KPU\/HPU wchodz\u0105:<\/span><\/h3>\n<p><b>Kwercetyna <\/b>(standaryzowany na kwercetyn\u0119 ekstrakt z kwiat\u00f3w pere\u0142kowca japo\u0144skiego)<\/p>\n<p><span style=\"font-weight: 400;\">Jest naturalnym bioflawonoidem o szeregu korzy\u015bci zdrowotnych, w tym w\u0142a\u015bciwo\u015bciach przeciwutleniaj\u0105cych, przeciwzapalnych i wspomagaj\u0105cych uk\u0142ad odporno\u015bciowy<\/span><span style=\"font-weight: 400;\"><sup>13<\/sup><\/span><span style=\"font-weight: 400;\">.<\/span><\/p>\n<p><b>Inozytol\u00a0<\/b><\/p>\n<p><span style=\"font-weight: 400;\">W postaci<\/span> <span style=\"font-weight: 400;\">mio-inozytolu.\u00a0<\/span><\/p>\n<p><b>Wybrane witaminy z grupy B<\/b><\/p>\n<p><span style=\"font-weight: 400;\">Aprytol KPU\/HPU zawiera wybrane witaminy z grupy B: <\/span><b>tiamina<\/b><span style=\"font-weight: 400;\"> (witamina B1), <\/span><b>ryboflawina<\/b><span style=\"font-weight: 400;\"> (witamina B2), <\/span><b>niacyna<\/b><span style=\"font-weight: 400;\"> (witamina B3), <\/span><b>kwas<\/b> <b>pantotenowy<\/b><span style=\"font-weight: 400;\"> (witamina B5), <\/span><b>witamina B6<\/b><span style=\"font-weight: 400;\">, <\/span><b>biotyna <\/b><span style=\"font-weight: 400;\">(witamina B7), kt\u00f3re s\u0105 istotne dla prawid\u0142owego funkcjonowania wielu proces\u00f3w ludzkiego organizmu. Ponadto zar\u00f3wno witamina B1 jak i B6 wyst\u0119puj\u0105 w dw\u00f3ch organicznych formach chemicznych.\u00a0<\/span><\/p>\n<p><b>Witamina C<\/b><\/p>\n<p><span style=\"font-weight: 400;\">\u0141agodna dla przewodu pokarmowego witamina C w formie askorbinianu sodu, kt\u00f3ra ma neutralny odczyn i nie podra\u017cnia przewodu pokarmowego poniewa\u017c w przeciwie\u0144stwie do kwasu askorbinowego jest mniej kwasowa.<\/span><\/p>\n<p><b>Cynk\u00a0<\/b><\/p>\n<p>W postaci <span style=\"font-weight: 400;\">dw\u00f3ch organicznych form:<strong> cytrynianu cynku i glukonianu cynku<\/strong>, wspomaga prawid\u0142owy metabolizm kwasowo-zasadowy, metabolizm w\u0119glowodan\u00f3w, kwas\u00f3w t\u0142uszczowych, makrosk\u0142adnik\u00f3w od\u017cywczych. Odgrywa istotn\u0105 rol\u0119 w procesie podzia\u0142u kom\u00f3rek i przyczynia si\u0119 do prawid\u0142owej syntezy DNA i bia\u0142ek, wspomaga prawid\u0142owe funkcje poznawcze. Pomaga w utrzymaniu zdrowych ko\u015bci, zdrowych w\u0142os\u00f3w, zdrowych paznokci i sk\u00f3ry. Wspomaga prawid\u0142owe funkcjonowanie uk\u0142adu odporno\u015bciowego oraz pomaga w ochronie kom\u00f3rek przed stresem oksydacyjnym<\/span><span style=\"font-weight: 400;\"><sup>14<\/sup><\/span><span style=\"font-weight: 400;\">.<\/span><\/p>\n<p><b>Mangan<\/b><\/p>\n<p><span style=\"font-weight: 400;\">W postaci glukonianu manganu, przyczynia si\u0119 do prawid\u0142owego metabolizmu energetycznego, pomaga w utrzymaniu zdrowych ko\u015bci, przyczynia si\u0119 do prawid\u0142owego tworzenia tkanki \u0142\u0105cznej i do ochrony kom\u00f3rek przed stresem oksydacyjnym<\/span><span style=\"font-weight: 400;\"><sup>10<\/sup><\/span><span style=\"font-weight: 400;\">.<\/span><\/p>\n<p>&nbsp;<\/p>\n<p><span style=\"font-size: 12px;\">Bibliografia:<br \/>\n1. Scientific Opinion on substantiation of health claims related to thiamine. EFSA Journal 2009; 7(9):1222.<br \/>\n2. Scientific Opinion on the substantiation of health claims related to riboflavin (vitamin B2). EFSA Journal 2010;8(10):1814.<br \/>\n3. Scientific Opinion on the substantiation of health claims related to niacin. EFSA Journal 2009; 7(9):1224.<br \/>\n4. Scientific Opinion on the substantiation of health claims related to vitamin B6. EFSA Journal 2010;8(10):1759.<br \/>\n5. Scientific Opinion on the substantiation of health claims related to vitamin B12. EFSA Journal 2010;8(10):1756.<br \/>\n6. Scientific Opinion on the substantiation of health claims related to vitamin C. EFSA Journal 2010;8(10):1815.<br \/>\n7. Scientific Opinion on the substantiation of health claims related to pantothenic acid. EFSA Journal 2009; 7(9):1218.<br \/>\n8. Scientific Opinion on the substantiation of health claims related to folate. EFSA Journal 2009; 7(9):1213.<br \/>\n9. Scientific Opinion on the substantiation of health claims related to zinc. EFSA Journal 2009; 7(9):1229.<br \/>\n10. Scientific Opinion on the substantiation of health claims related to manganese. EFSA Journal 2009;7(9):1217.<br \/>\n11. Scientific Opinion on the substantiation of health claims related to biotin. EFSA Journal 2010;8(10):1728.<br \/>\n12. Dabbagh-Bazarbachi H., Clergeaud G., Quesada I.M. i wsp., Zinc Ionophore Activity of Quercetin and Epigallocatechin-gallate: From Hepa 1\u20116 Cells to a Liposome Model, J. Agric. Food Chem. 2014, 62, 32, 8085\u20138093.<br \/>\n13. Mlcek J., Jurikova T., Skrovankova S. i wsp., Quercetin and Its Anti-Allergic Immune Response, Molecules. 2016 May 12;21(5):623.<br \/>\nEFSA Panel on Dietetic Products, Nutrition and Allergies (NDA); Scientific opinion on the substantiation of health claims related to zinc. Zinc contributes to normal DNA synthesis, contributes to normal cognitive function, contributes to normal protein synthesis, contributes to the maintenance of normal bones, normal hair, normal nails and normal skin, contributes to normal metabolism of fatty acids, contributes to normal metabolism of vitamin A, contributes to the normal function of the immune system, contributes to the protection of cells from oxidative stress, has a role in the process of cell division. Source: www.efsa.europa.eu<\/span><\/p>\n","protected":false},"excerpt":{"rendered":"<p><span style=\"font-weight: 400;\">Anpyrol KPU\/HPU to zestaw 14 sk\u0142adnik\u00f3w aktywnych, kt\u00f3ry zosta\u0142 opracowany dla wsparcia metabolizmu hemu, \u017celaza, homocysteiny, prawid\u0142owej regulacji aktywno\u015bci hormonalnej oraz wsparcia zdrowia ko\u015bci, w\u0142os\u00f3w, paznokci, tkanek \u0142\u0105cznych i b\u0142on \u015bluzowych.\u00a0<\/span><\/p>\n","protected":false},"featured_media":18188,"template":"","meta":{"om_disable_all_campaigns":false,"inline_featured_image":false,"_monsterinsights_skip_tracking":false,"_monsterinsights_sitenote_active":false,"_monsterinsights_sitenote_note":"","_monsterinsights_sitenote_category":0},"product_brand":[],"product_cat":[70,87,78,83,71,86],"product_tag":[],"class_list":{"0":"post-18148","1":"product","2":"type-product","3":"status-publish","4":"has-post-thumbnail","6":"product_cat-tarczyca-i-uklad-hormonalny","7":"product_cat-gospodarka-zelazowa","8":"product_cat-odpornosc","9":"product_cat-uklad-nerwowy","10":"product_cat-watroba-i-metabolizm","11":"product_cat-skora-i-paznokcie","13":"first","14":"instock","15":"taxable","16":"shipping-taxable","17":"purchasable","18":"product-type-simple"},"acf":[],"_links":{"self":[{"href":"https:\/\/norsapharma.com\/sklep\/wp-json\/wp\/v2\/product\/18148","targetHints":{"allow":["GET"]}}],"collection":[{"href":"https:\/\/norsapharma.com\/sklep\/wp-json\/wp\/v2\/product"}],"about":[{"href":"https:\/\/norsapharma.com\/sklep\/wp-json\/wp\/v2\/types\/product"}],"wp:featuredmedia":[{"embeddable":true,"href":"https:\/\/norsapharma.com\/sklep\/wp-json\/wp\/v2\/media\/18188"}],"wp:attachment":[{"href":"https:\/\/norsapharma.com\/sklep\/wp-json\/wp\/v2\/media?parent=18148"}],"wp:term":[{"taxonomy":"product_brand","embeddable":true,"href":"https:\/\/norsapharma.com\/sklep\/wp-json\/wp\/v2\/product_brand?post=18148"},{"taxonomy":"product_cat","embeddable":true,"href":"https:\/\/norsapharma.com\/sklep\/wp-json\/wp\/v2\/product_cat?post=18148"},{"taxonomy":"product_tag","embeddable":true,"href":"https:\/\/norsapharma.com\/sklep\/wp-json\/wp\/v2\/product_tag?post=18148"}],"curies":[{"name":"wp","href":"https:\/\/api.w.org\/{rel}","templated":true}]}}