{"id":19419,"date":"2024-04-30T12:59:59","date_gmt":"2024-04-30T10:59:59","guid":{"rendered":"https:\/\/norsapharma.com\/sklep\/?post_type=product&#038;p=19419"},"modified":"2026-04-14T08:59:18","modified_gmt":"2026-04-14T06:59:18","slug":"enzygluten","status":"publish","type":"product","link":"https:\/\/norsapharma.com\/sklep\/produkt\/enzygluten\/","title":{"rendered":"Enzygluten (60 kapsu\u0142ek)"},"content":{"rendered":"<p><span style=\"font-weight: 400;\"><strong>Enzygluten<\/strong> to kompleks enzym\u00f3w trawiennych, w sk\u0142ad kt\u00f3rego wchodz\u0105: oligopeptydaza prolilowa (Toleraza\u00ae G), amylaza, proteazy oraz lipaza. Produkt zosta\u0142 wzbogacony o aminokwas betain\u0119.<\/span><\/p>\n<p><strong>Produkt przeznaczony jest do wspomagania rozk\u0142adu glutenu resztkowego pozostaj\u0105cego w diecie bezglutenowej. <\/strong><\/p>\n<h3><span style=\"font-weight: 400;\">Enzygluten \u2013 <\/span><span style=\"font-weight: 400;\">dlaczego warto?<\/span><\/h3>\n<p><strong>Enzygluten to starannie dobrana kompozycja pi\u0119ciu enzym\u00f3w trawiennych<\/strong>: opatentowanej oligopeptydazy prolilowej (Toleraza\u00aeG), amylazy, proteazy 3.0, proteazy 4.5 oraz lipazy &#8211; <strong>powsta\u0142a w celu wsparcia przewodu pokarmowego<\/strong> w trawieniu bia\u0142ek, w\u0119glowodan\u00f3w i t\u0142uszczy.<\/p>\n<p><strong>Enzygluten<\/strong> to innowacyjny kompleks enzym\u00f3w trawiennych zawieraj\u0105cy jako g\u0142\u00f3wny sk\u0142adnik opatentowan\u0105 oligopeptydaz\u0119 prolilow\u0105 <strong>Toleraza\u00aeG<\/strong>, kt\u00f3rej dzia\u0142anie polega na rozk\u0142adzie glutenu resztkowego pozostaj\u0105cego w diecie bezglutenowej. Nawet w przypadku diety bezglutenowej istnieje ryzyko niezamierzonego spo\u017cycia glutenu. <strong>Dlatego opracowano enzym Toleraza\u00aeG.<\/strong><\/p>\n<p><strong>Produkt jest bezglutenowy, bez laktozy, bez bia\u0142ek mlecznych.<\/strong><\/p>\n<p>&nbsp;<\/p>\n<h3><span style=\"font-weight: 400;\">Dlaczego gluten mo\u017ce by\u0107 ci\u0119\u017cki do strawienia?<\/span><\/h3>\n<p>Bia\u0142ko glutenowe zawiera wiele aminokwas\u00f3w proliny, kt\u00f3re wymagaj\u0105 zaawansowanego procesu trawienia.<br \/>\n\u0179le strawione fragmenty glutenu mog\u0105 u niekt\u00f3rych os\u00f3b powodowa\u0107 niekorzystne reakcje.<\/p>\n<p><img fetchpriority=\"high\" decoding=\"async\" class=\"alignnone wp-image-19978\" src=\"https:\/\/norsapharma.com\/sklep\/wp-content\/uploads\/2024\/04\/Enzygulten-ilustracje_Obszar-roboczy-1-1.jpg\" alt=\"\" width=\"549\" height=\"300\" srcset=\"https:\/\/norsapharma.com\/sklep\/wp-content\/uploads\/2024\/04\/Enzygulten-ilustracje_Obszar-roboczy-1-1.jpg 800w, https:\/\/norsapharma.com\/sklep\/wp-content\/uploads\/2024\/04\/Enzygulten-ilustracje_Obszar-roboczy-1-1-300x164.jpg 300w, https:\/\/norsapharma.com\/sklep\/wp-content\/uploads\/2024\/04\/Enzygulten-ilustracje_Obszar-roboczy-1-1-768x420.jpg 768w, https:\/\/norsapharma.com\/sklep\/wp-content\/uploads\/2024\/04\/Enzygulten-ilustracje_Obszar-roboczy-1-1-350x191.jpg 350w, https:\/\/norsapharma.com\/sklep\/wp-content\/uploads\/2024\/04\/Enzygulten-ilustracje_Obszar-roboczy-1-1-680x371.jpg 680w\" sizes=\"(max-width: 549px) 100vw, 549px\" \/><\/p>\n<p><strong>Tolerase\u00aeG skuteczniej degraduje epitopy &#8211; fragmenty antygen\u00f3w glutenu wg badania &#8211; invitro. <sup>1<\/sup><\/strong><\/p>\n<p><img decoding=\"async\" class=\"alignnone wp-image-19981\" src=\"https:\/\/norsapharma.com\/sklep\/wp-content\/uploads\/2024\/04\/Enzygulten-ilustracje-02-1.jpg\" alt=\"\" width=\"367\" height=\"300\" srcset=\"https:\/\/norsapharma.com\/sklep\/wp-content\/uploads\/2024\/04\/Enzygulten-ilustracje-02-1.jpg 978w, https:\/\/norsapharma.com\/sklep\/wp-content\/uploads\/2024\/04\/Enzygulten-ilustracje-02-1-300x245.jpg 300w, https:\/\/norsapharma.com\/sklep\/wp-content\/uploads\/2024\/04\/Enzygulten-ilustracje-02-1-768x628.jpg 768w, https:\/\/norsapharma.com\/sklep\/wp-content\/uploads\/2024\/04\/Enzygulten-ilustracje-02-1-350x286.jpg 350w, https:\/\/norsapharma.com\/sklep\/wp-content\/uploads\/2024\/04\/Enzygulten-ilustracje-02-1-680x556.jpg 680w\" sizes=\"(max-width: 367px) 100vw, 367px\" \/><img decoding=\"async\" class=\"alignnone wp-image-19980\" src=\"https:\/\/norsapharma.com\/sklep\/wp-content\/uploads\/2024\/04\/Enzygulten-ilustracje-04-1.jpg\" alt=\"\" width=\"367\" height=\"300\" srcset=\"https:\/\/norsapharma.com\/sklep\/wp-content\/uploads\/2024\/04\/Enzygulten-ilustracje-04-1.jpg 978w, https:\/\/norsapharma.com\/sklep\/wp-content\/uploads\/2024\/04\/Enzygulten-ilustracje-04-1-300x245.jpg 300w, https:\/\/norsapharma.com\/sklep\/wp-content\/uploads\/2024\/04\/Enzygulten-ilustracje-04-1-768x628.jpg 768w, https:\/\/norsapharma.com\/sklep\/wp-content\/uploads\/2024\/04\/Enzygulten-ilustracje-04-1-350x286.jpg 350w, https:\/\/norsapharma.com\/sklep\/wp-content\/uploads\/2024\/04\/Enzygulten-ilustracje-04-1-680x556.jpg 680w\" sizes=\"(max-width: 367px) 100vw, 367px\" \/><\/p>\n<p>Enzygluten zosta\u0142 wzbogacony dodatkowo o enzymy trawienne rozk\u0142adaj\u0105ce makrosk\u0142adniki takie jak w\u0119glowodany, bia\u0142ka i t\u0142uszcze.<\/p>\n<h3><span style=\"font-weight: 400;\">Najwa\u017cniejsze zalety Enzyglutenu:<\/span><\/h3>\n<ul>\n<li style=\"font-weight: 400;\" aria-level=\"1\">Kompleksowe po\u0142\u0105czenie pi\u0119ciu enzym\u00f3w trawiennych wspieraj\u0105cych przew\u00f3d pokarmowy w trawieniu bia\u0142ek, w\u0119glowodan\u00f3w i t\u0142uszczy.<\/li>\n<li style=\"font-weight: 400;\" aria-level=\"1\">\u00a0Zawiera opatentowan\u0105 form\u0119 enzymu oligopeptydaz\u0119 prolilow\u0105 Toleraza\u00aeG, kt\u00f3rej dzia\u0142anie polega na rozk\u0142adzie glutenu resztkowego pozostaj\u0105cego w diecie bezglutenowej.<\/li>\n<li style=\"font-weight: 400;\" aria-level=\"1\">Toleraza\u00aeG znacz\u0105co zmniejsza nara\u017cenie na gluten w \u017co\u0142\u0105dku i dwunastnicy.<sup>2<\/sup><\/li>\n<li style=\"font-weight: 400;\" aria-level=\"1\">Oligopeptydaza prolilowa (Toleraza\u00aeG) jest odporna na niskie pH i trawienie przez pepsyn\u0119. <sup>3<\/sup><\/li>\n<\/ul>\n<p>&nbsp;<\/p>\n<h3><span style=\"font-weight: 400;\">W sk\u0142ad produktu Enzygluten wchodz\u0105:<\/span><\/h3>\n<p><strong>Enzymy trawienne<\/strong><\/p>\n<p>Substancje, kt\u00f3re umo\u017cliwiaj\u0105 prawid\u0142owy przebieg proces\u00f3w trawiennych w organizmie. To wielkocz\u0105steczkowe bia\u0142ka odpowiedzialne za rozk\u0142ad z\u0142o\u017conych zwi\u0105zk\u00f3w do prostszych postaci. Wydzielane s\u0105 naturalnie w uk\u0142adzie pokarmowym przez gruczo\u0142y trawienne i cho\u0107 ka\u017cdy narz\u0105d odpowiada za inny enzym, poszczeg\u00f3lne zwi\u0105zki wzajemnie si\u0119 uzupe\u0142niaj\u0105, dlatego te\u017c wa\u017cne jest, aby w ustroju nie zabrak\u0142o \u017cadnego z nich. Enzymy wyst\u0119puj\u0105 w organizmie w optymalnej ilo\u015bci, aby pe\u0142ni\u0107 funkcje niezb\u0119dne do \u017cycia i zdrowia.<sup>4<\/sup><\/p>\n<p><strong>Oligopeptydaza prolilowa (Toleraza\u00ae G)<\/strong><\/p>\n<p>Toleraza\u00aeG to opatentowany, innowacyjny i unikalny enzym trawienny specyficzny dla proliny, zaprojektowany tak, aby wykazywa\u0107 wspomaganie rozk\u0142adu glutenu resztkowego pozostaj\u0105cego w diecie bezglutenowej.<\/p>\n<p><img loading=\"lazy\" decoding=\"async\" class=\"wp-image-19979 alignnone\" src=\"https:\/\/norsapharma.com\/sklep\/wp-content\/uploads\/2024\/04\/Enzygulten-ilustracje_Obszar-roboczy-1-kopia-1.jpg\" alt=\"\" width=\"552\" height=\"301\" srcset=\"https:\/\/norsapharma.com\/sklep\/wp-content\/uploads\/2024\/04\/Enzygulten-ilustracje_Obszar-roboczy-1-kopia-1.jpg 800w, https:\/\/norsapharma.com\/sklep\/wp-content\/uploads\/2024\/04\/Enzygulten-ilustracje_Obszar-roboczy-1-kopia-1-300x164.jpg 300w, https:\/\/norsapharma.com\/sklep\/wp-content\/uploads\/2024\/04\/Enzygulten-ilustracje_Obszar-roboczy-1-kopia-1-768x419.jpg 768w, https:\/\/norsapharma.com\/sklep\/wp-content\/uploads\/2024\/04\/Enzygulten-ilustracje_Obszar-roboczy-1-kopia-1-350x191.jpg 350w, https:\/\/norsapharma.com\/sklep\/wp-content\/uploads\/2024\/04\/Enzygulten-ilustracje_Obszar-roboczy-1-kopia-1-680x371.jpg 680w\" sizes=\"(max-width: 552px) 100vw, 552px\" \/><\/p>\n<p>Enzym przeznaczony jest dla os\u00f3b wra\u017cliwych na gluten, kt\u00f3re przestrzegaj\u0105c zasad diety bezglutenowej, s\u0105 nara\u017cone na spo\u017cycie glutenu resztkowego, ukrytego w wielu produktach spo\u017cywczych.<\/p>\n<p><strong>Proteaza 3.0 i 4.5<\/strong><\/p>\n<p>Proteazy, proteinazy lub peptydazy to najwi\u0119ksza rodzina enzym\u00f3w proteolitycznych, kt\u00f3rych podstawow\u0105 funkcj\u0105 jest rozszczepianie bia\u0142ek na mniejsze fragmenty. Ze wzgl\u0119du na swoj\u0105 r\u00f3\u017cnorodno\u015b\u0107 strukturaln\u0105 i funkcjonaln\u0105, enzymy te pe\u0142ni\u0105 wiele funkcji, w tym wewn\u0105trzkom\u00f3rkowe tworzenie lub recykling bia\u0142ek, trawienie sk\u0142adnik\u00f3w od\u017cywczych i tworzenie kaskady uk\u0142adu odporno\u015bciowego.<sup>5<\/sup><\/p>\n<p><strong>Alfa Amylaza<\/strong><\/p>\n<p>Amylaza obecna w ludzkiej \u015blinie by\u0142a jednym z pierwszych poznanych enzym\u00f3w. Amylaza bierze udzia\u0142 w katalizowaniu polisacharyd\u00f3w \u2013 warunkuje rozk\u0142ad skrobi i glikogenu do cukr\u00f3w prostszych. W rezultacie zadzia\u0142ania omawianego enzymu na skrobi\u0119 nast\u0119puje jej stopniowa hydroliza i przechodzenie w dekstryny. Ostatecznie skrobia rozpada si\u0119 na mniejsze cz\u0105steczki maltozy, z kt\u00f3rych jest zbudowana. Proces trawienia skrobi rozpoczyna si\u0119 ju\u017c w jamie ustnej, gdzie alfa-amylaza obecna w \u015blinie zaczyna rozk\u0142ada\u0107 d\u0142ugie \u0142a\u0144cuchy skrobi na kr\u00f3tsze fragmenty. Enzym ten jest naturalnie wytwarzany przez ludzk\u0105 trzustk\u0119, gruczo\u0142y \u015blinowe i jelito cienkie, a tak\u017ce przez r\u00f3\u017cne mikroorganizmy, takie jak bakterie, dro\u017cd\u017ce i grzyby.<sup>6<\/sup><\/p>\n<p><strong>Lipaza<\/strong><\/p>\n<p>Lipaza to enzym trawienny, kt\u00f3ry rozk\u0142ada t\u0142uszcze zawarte w diecie, dzia\u0142a poprzez odci\u0119cie d\u0142ugo\u0142a\u0144cuchowych kwas\u00f3w t\u0142uszczowych po\u0142\u0105czonych ze szkieletem glicerynowym, kt\u00f3ry obejmuje struktur\u0119 lipid\u00f3w triglicerydowych. Usuni\u0119cie kwas\u00f3w t\u0142uszczowych z glicerolu umo\u017cliwia lepsze przetwarzanie \u0142a\u0144cuch\u00f3w kwas\u00f3w t\u0142uszczowych w kr\u00f3tko\u0142a\u0144cuchowe kwasy t\u0142uszczowe. Lipaza jest uwalniana g\u0142\u00f3wnie przez trzustk\u0119 w postaci lipazy trzustkowej, ale wyst\u0119puje r\u00f3wnie\u017c we krwi, sokach \u017co\u0142\u0105dkowych, sokach jelitowych i tkance t\u0142uszczowej. Poniewa\u017c lipaza jest potrzebna do prawid\u0142owego trawienia t\u0142uszcz\u00f3w, wp\u0142ywa na wiele funkcji organizmu, w tym wch\u0142anianie sk\u0142adnik\u00f3w od\u017cywczych czy regulacj\u0119 poziomu cholesterolu.<sup>7<\/sup><\/p>\n<p><strong>Betaina<\/strong><\/p>\n<p>Betaina przyczynia si\u0119 do prawid\u0142owego metabolizmu homocysteiny.<sup>8<\/sup><br \/>\nBetaina jest aminokwasem endogennym o udowodnionych w\u0142a\u015bciwo\u015bciach funkcjonalnych. Wykazuje dzia\u0142anie kardio- i neuroprotekcyjne oraz wspiera nefrologiczne i w\u0105trobowe mechanizmy ochronne.<sup>9<\/sup><\/p>\n<p>&nbsp;<\/p>\n<p><span style=\"font-size: 12px;\">Bibliografia:<br \/>\n1. Janssen G., Christis C., Kooy-Winkelaar Y. at al. Ineffective degradation of immunogenic gluten epitopes by currently available digestive enzyme supplements. PLoS One. 2015 Jun 1;10(6):e0128065.<br \/>\n2. K\u00f6nig J., Holster S., Bruins M.J. at al. Randomized clinical trial: Effective gluten degradation by Aspergillus niger-derived enzyme in a complex meal setting. Randomized Controlled Trial Sci Rep. 2017 Oct 12;7(1):13100.<br \/>\n3. Stepniak D., Spaenij-Dekking L., Mitea C. at al. Highly efficient gluten degradation with a newly identified prolyl endoprotease: implications for celiac disease. Am J Physiol Gastrointest Liver Physiol 291: G621\u2013G629, 2006.<br \/>\n<\/span><span style=\"font-size: 12px;\">4. Murray Robert K., Granner Daryl K., Rodwell Victo. BIOCHEMIA HARPERA. PZWL. 2012<br \/>\n5. Shankar, R., Upadhyay, P.K. &amp;amp; Kumar, M. Protease Enzymes: Highlights on Potential of Proteases as Therapeutics Agents. Int J Pept Res Ther 27, 1281\u20131296 (2021).<br \/>\n6. Peter J. Butterworth, Frederick J. Warren and Peter R. Ellis. Human \u03b1-amylase and starch digestion: An interesting marriage. Starch\/Sta \u0308rke2011,63, 395\u2013405.<br \/>\n7. Okada R, Okada A, Okada T, Okada T, Hamajima N. Elevated serum lipase levels in patients with dyspepsia of unknown cause in general practice. Med Princ Pract. 2009;18(2):130-6. doi: 10.1159\/000189811. Epub 2009 Feb 10. PMID: 19204432.<br \/>\n8. Scientific Opinion onthe substantiation of health claims related to betaine and contribution to normal homocysteine metabolism.. EFSA Journal 2011;9(4):2052.<br \/>\n9 .Dobrijevi\u0107 D., Pastor K., Nasti\u0107 N. at al. Betaine as a Functional Ingredient: Metabolism, Health-Promoting Attributes, Food Sources, Applications and Analysis Methods. Molecules. 2023 Jun; 28(12): 4824.<\/span><\/p>\n","protected":false},"excerpt":{"rendered":"<p><span style=\"font-weight: 400;\">Enzygluten to kompleks enzym\u00f3w trawiennych, wspomagaj\u0105cy rozk\u0142ad glutenu resztkowego w diecie bezglutenowej.<\/span><\/p>\n","protected":false},"featured_media":171924,"template":"","meta":{"om_disable_all_campaigns":false,"inline_featured_image":false,"_monsterinsights_skip_tracking":false,"_monsterinsights_sitenote_active":false,"_monsterinsights_sitenote_note":"","_monsterinsights_sitenote_category":0},"product_brand":[],"product_cat":[84,71],"product_tag":[],"class_list":{"0":"post-19419","1":"product","2":"type-product","3":"status-publish","4":"has-post-thumbnail","6":"product_cat-uklad-pokarmowy","7":"product_cat-watroba-i-metabolizm","9":"first","10":"instock","11":"taxable","12":"shipping-taxable","13":"purchasable","14":"product-type-simple"},"acf":[],"_links":{"self":[{"href":"https:\/\/norsapharma.com\/sklep\/wp-json\/wp\/v2\/product\/19419","targetHints":{"allow":["GET"]}}],"collection":[{"href":"https:\/\/norsapharma.com\/sklep\/wp-json\/wp\/v2\/product"}],"about":[{"href":"https:\/\/norsapharma.com\/sklep\/wp-json\/wp\/v2\/types\/product"}],"wp:featuredmedia":[{"embeddable":true,"href":"https:\/\/norsapharma.com\/sklep\/wp-json\/wp\/v2\/media\/171924"}],"wp:attachment":[{"href":"https:\/\/norsapharma.com\/sklep\/wp-json\/wp\/v2\/media?parent=19419"}],"wp:term":[{"taxonomy":"product_brand","embeddable":true,"href":"https:\/\/norsapharma.com\/sklep\/wp-json\/wp\/v2\/product_brand?post=19419"},{"taxonomy":"product_cat","embeddable":true,"href":"https:\/\/norsapharma.com\/sklep\/wp-json\/wp\/v2\/product_cat?post=19419"},{"taxonomy":"product_tag","embeddable":true,"href":"https:\/\/norsapharma.com\/sklep\/wp-json\/wp\/v2\/product_tag?post=19419"}],"curies":[{"name":"wp","href":"https:\/\/api.w.org\/{rel}","templated":true}]}}