{"id":2414,"date":"2022-08-02T10:44:33","date_gmt":"2022-08-02T08:44:33","guid":{"rendered":"https:\/\/norsapharma.com\/sklep\/?post_type=product&#038;p=2414"},"modified":"2026-03-05T00:11:16","modified_gmt":"2026-03-04T23:11:16","slug":"nucleozin-complete","status":"publish","type":"product","link":"https:\/\/norsapharma.com\/sklep\/produkt\/nucleozin-complete\/","title":{"rendered":"Nucleozin Complete (60 kapsu\u0142ek)"},"content":{"rendered":"<p><strong>Nucleozin Complete<\/strong>\u00a0to starannie opracowane po\u0142\u0105czenie kompleksu pi\u0119ciu czystych nukleotyd\u00f3w oraz dw\u00f3ch \u0142atwo przyswajalnych, organicznych form cynku (cytrynianu i glukonianu cynku).<\/p>\n<h3>Nucleozin Complete &#8211; dlaczego warto?<\/h3>\n<p>Sk\u0142adniki kompleksu Nucleozin Complete przyczyniaj\u0105 si\u0119 do<sup>1<\/sup>:<\/p>\n<ul>\n<li>utrzymania prawid\u0142owych funkcji poznawczych,<\/li>\n<li>prawid\u0142owej syntezy DNA,<\/li>\n<li>prawid\u0142owego funkcjonowania uk\u0142adu odporno\u015bciowego,<\/li>\n<li>ochrony kom\u00f3rek przed stresem oksydacyjnym,<\/li>\n<li>procesu podzia\u0142u kom\u00f3rek.<\/li>\n<\/ul>\n<h3>Najwa\u017cniejsze zalety Nucleozin Complete:<\/h3>\n<ul>\n<li>Nucleozin Complete zosta\u0142 opracowany jako uzupe\u0142nienie diety w sytuacji obci\u0105\u017cenia organizmu i zwi\u0119kszonego zapotrzebowania na nukleotydy.<\/li>\n<li>To\u00a0dedykowane po\u0142\u0105czenie czystych nukleotyd\u00f3w i\u00a0organicznych form cynku przeznaczone dla os\u00f3b wymagaj\u0105cych ich dodatkowej suplementacji.<\/li>\n<li>Nie zawiera glutenu, skrobi, pszenicy, soi, bia\u0142ek mlecznych, aromat\u00f3w i barwnik\u00f3w. Produkt jest odpowiedni dla wegan.<\/li>\n<\/ul>\n<h3>W sk\u0142ad produktu Nucleozin Complete wchodzi:<\/h3>\n<p><strong>Kompleks 5 czystych nukleotyd\u00f3w dietetycznych<\/strong><\/p>\n<p>Nukleotydy to organiczne zwi\u0105zki chemiczne z grupy estr\u00f3w fosforanowych. Pod wzgl\u0119dem budowy chemicznej s\u0105 to estry nukleozyd\u00f3w i kwasu fosforowego. Nukleotydy stanowi\u0105 podstawowe sk\u0142adniki kwas\u00f3w nukleinowych. Naj\u0142atwiejszym i najmniej energoch\u0142onnym sposobem pozyskania nukleotyd\u00f3w przez organizm jest pobranie ich z po\u017cywienia. Niestety zawarto\u015b\u0107 nukleotyd\u00f3w dietetycznych we wsp\u00f3\u0142czesnej diecie jest w istotnym stopniu ograniczona, dlatego suplementacja nukleotyd\u00f3w jest wsparciem proces\u00f3w odnowy kom\u00f3rkowej i dla uzupe\u0142nienia codziennej diety.<\/p>\n<p><strong>Cynk<\/strong><\/p>\n<p>Nucleozin Complete zosta\u0142 wzbogacony o\u00a0dwie organiczne formy cynku. Po\u0142\u0105czony z\u00a0kwasem cytrynowym \u2013 cytrynian cynku oraz\u00a0po\u0142\u0105czony z\u00a0kwasem glukonowym \u2013 glukonian cynku. Przewag\u0105 tych chelatowanych form jest poprawa stabilno\u015bci suplementu i\u00a0jego rozpuszczalno\u015bci, a\u00a0co\u00a0za\u00a0tym idzie skuteczniejszej absorpcji w\u00a0por\u00f3wnaniu z\u00a0s\u0142abiej rozpuszczalnymi nieorganicznymi zwi\u0105zkami cynku.<\/p>\n<p>Cynk zawarty w produkcie w dw\u00f3ch organicznych formach dzi\u0119ki bardzo wysokiej biodost\u0119pno\u015bci przyczynia si\u0119 do poprawy funkcjonowania wielu proces\u00f3w i uk\u0142ad\u00f3w w organizmie. Wspomaga prawid\u0142owy metabolizm kwasowo-zasadowy, metabolizm w\u0119glowodan\u00f3w, kwas\u00f3w t\u0142uszczowych, makrosk\u0142adnik\u00f3w od\u017cywczych. Cynk odgrywa rol\u0119 w procesie podzia\u0142u kom\u00f3rek i przyczynia si\u0119 do prawid\u0142owej syntezy DNA i bia\u0142ek, wspomaga prawid\u0142owe funkcje poznawcze. Pomaga w utrzymaniu zdrowych ko\u015bci, zdrowych w\u0142os\u00f3w, zdrowych paznokci i sk\u00f3ry. Cynk wspomaga prawid\u0142owe funkcjonowanie uk\u0142adu odporno\u015bciowego oraz pomaga w ochronie kom\u00f3rek przed stresem oksydacyjnym<sup>1<\/sup>.<\/p>\n<p>&nbsp;<\/p>\n<p><span style=\"font-size: 12px;\">1. EFSA Panel on Dietetic Products, Nutrition and Allergies (NDA); Scientific opinion on the substantiation of health claims related to zinc. Zinc contributes to normal DNA synthesis, contributes to normal cognitive function, contributes to normal protein synthesis, contributes to the maintenance of normal bones, normal hair, normal nails and normal skin, contributes to normal metabolism of fatty acids, contributes to normal metabolism of vitamin A, contributes to the normal function of the immune system, contributes to the protection of cells from oxidative stress, has a role in the process of cell division. Source: www.efsa.europa.eu<br \/>\n<\/span><\/p>\n<p>&nbsp;<\/p>\n","protected":false},"excerpt":{"rendered":"<p><strong>Suplement diety\u00a0<\/strong><\/p>\n<p><b>Nucleozin Complete<\/b>\u00a0to starannie opracowane po\u0142\u0105czenie kompleksu pi\u0119ciu czystych nukleotyd\u00f3w oraz dw\u00f3ch \u0142atwo przyswajalnych, organicznych form cynku (cytrynianu i glukonianu cynku).<\/p>\n<p>Nie zawiera glutenu, skrobi, pszenicy, soi, bia\u0142ek mlecznych, aromat\u00f3w i barwnik\u00f3w. Produkt jest odpowiedni dla wegan.<\/p>\n","protected":false},"featured_media":100786,"template":"","meta":{"om_disable_all_campaigns":false,"inline_featured_image":false,"_monsterinsights_skip_tracking":false,"_monsterinsights_sitenote_active":false,"_monsterinsights_sitenote_note":"","_monsterinsights_sitenote_category":0},"product_brand":[],"product_cat":[69,78,86],"product_tag":[],"class_list":{"0":"post-2414","1":"product","2":"type-product","3":"status-publish","4":"has-post-thumbnail","6":"product_cat-nukleotydy-dietetyczne","7":"product_cat-odpornosc","8":"product_cat-skora-i-paznokcie","10":"first","11":"instock","12":"taxable","13":"shipping-taxable","14":"purchasable","15":"product-type-simple"},"acf":[],"_links":{"self":[{"href":"https:\/\/norsapharma.com\/sklep\/wp-json\/wp\/v2\/product\/2414","targetHints":{"allow":["GET"]}}],"collection":[{"href":"https:\/\/norsapharma.com\/sklep\/wp-json\/wp\/v2\/product"}],"about":[{"href":"https:\/\/norsapharma.com\/sklep\/wp-json\/wp\/v2\/types\/product"}],"wp:featuredmedia":[{"embeddable":true,"href":"https:\/\/norsapharma.com\/sklep\/wp-json\/wp\/v2\/media\/100786"}],"wp:attachment":[{"href":"https:\/\/norsapharma.com\/sklep\/wp-json\/wp\/v2\/media?parent=2414"}],"wp:term":[{"taxonomy":"product_brand","embeddable":true,"href":"https:\/\/norsapharma.com\/sklep\/wp-json\/wp\/v2\/product_brand?post=2414"},{"taxonomy":"product_cat","embeddable":true,"href":"https:\/\/norsapharma.com\/sklep\/wp-json\/wp\/v2\/product_cat?post=2414"},{"taxonomy":"product_tag","embeddable":true,"href":"https:\/\/norsapharma.com\/sklep\/wp-json\/wp\/v2\/product_tag?post=2414"}],"curies":[{"name":"wp","href":"https:\/\/api.w.org\/{rel}","templated":true}]}}