{"id":2416,"date":"2022-08-02T10:51:23","date_gmt":"2022-08-02T08:51:23","guid":{"rendered":"https:\/\/norsapharma.com\/sklep\/?post_type=product&#038;p=2416"},"modified":"2026-02-26T06:44:56","modified_gmt":"2026-02-26T05:44:56","slug":"laktoferin-nucleo","status":"publish","type":"product","link":"https:\/\/norsapharma.com\/sklep\/produkt\/laktoferin-nucleo\/","title":{"rendered":"Laktoferin Nucleo (30 kapsu\u0142ek)"},"content":{"rendered":"<p><strong>Laktoferin NUCLEO<\/strong> to dedykowane po\u0142\u0105czenie pi\u0119ciu czystych nukleotyd\u00f3w, najwy\u017cszej jako\u015bci laktoferyny oraz \u0142agodnej witaminy C.<\/p>\n<h3>Laktoferin NUCLEO &#8211; dlaczego warto?<\/h3>\n<p>Laktoferin NUCLEO zawiera sk\u0142adniki, w kt\u00f3re warto uzupe\u0142nia\u0107 diet\u0119, aby<sup>1<\/sup>:<\/p>\n<ul>\n<li>intensywnie wspiera\u0107 prawid\u0142owe dzia\u0142anie uk\u0142adu odporno\u015bciowego w okresie, gdy wewn\u0119trzna ochrona mo\u017ce by\u0107 os\u0142abiona, np. po chorobie, w okresie infekcyjnym lub podczas os\u0142abienia organizmu,<\/li>\n<li>wspiera\u0107 funkcjonowanie uk\u0142adu pokarmowego,<\/li>\n<li>wspomaga\u0107 prawid\u0142owe funkcjonowanie uk\u0142adu nerwowego,<\/li>\n<li>zwi\u0119kszy\u0107 przyswajanie \u017celaza,<\/li>\n<li>zwi\u0119kszy\u0107 swoj\u0105 ochron\u0119 przed wolnymi rodnikami i wspomaga\u0107 zmniejszenie stan\u00f3w zapalnych,<\/li>\n<li>zapewni\u0107 odpowiedni metabolizm energetyczny,<\/li>\n<li>zmniejszy\u0107 uczucia zm\u0119czenia i znu\u017cenia.<\/li>\n<\/ul>\n<h3>Najwa\u017cniejsze zalety Laktoferin Nucleo:<\/h3>\n<ul>\n<li>Laktoferin Nucleo zawiera najwy\u017cszej jako\u015bci pierwotn\u0105 laktoferyn\u0119 otrzymywan\u0105 ze \u015bwie\u017cego mleka. W procesie jej otrzymywania wykorzystuje si\u0119 specjalny spos\u00f3b \u0142agodnego suszenia, co sprawia, \u017ce eliminowane jest zjawisko denaturacji bia\u0142ka i zachowuje ona swoje wszystkie korzystne w\u0142a\u015bciwo\u015bci.<\/li>\n<li>Dzi\u0119ki odpowiedniej zawarto\u015bci witaminy C w produkcie, Laktoferin Nucleo pomaga w prawid\u0142owym funkcjonowaniu uk\u0142adu odporno\u015bciowego oraz uk\u0142adu nerwowego, przyczynia si\u0119 do utrzymania prawid\u0142owego metabolizmu energetycznego i do zmniejszenia uczucia zm\u0119czenia i znu\u017cenia.<\/li>\n<li>Produkt ma czysty sk\u0142ad. Nie zawiera glutenu, skrobi, pszenicy, soi, zb\u0119dnych dodatk\u00f3w technologicznych, aromat\u00f3w i barwnik\u00f3w. Produkt odpowiedni dla wegetarian.<\/li>\n<\/ul>\n<h3>W sk\u0142ad produktu Laktoferin Nucleo wchodzi:<\/h3>\n<p><strong>Kompleks 5 czystych nukleotyd\u00f3w dietetycznych<\/strong><\/p>\n<p>Nukleotydy to organiczne zwi\u0105zki chemiczne z grupy estr\u00f3w fosforanowych. Pod wzgl\u0119dem budowy chemicznej s\u0105 to estry nukleozyd\u00f3w i kwasu fosforowego. Nukleotydy stanowi\u0105 podstawowe sk\u0142adniki kwas\u00f3w nukleinowych. Naj\u0142atwiejszym i najmniej energoch\u0142onnym sposobem pozyskania nukleotyd\u00f3w przez organizm jest pobranie ich z po\u017cywienia. Niestety zawarto\u015b\u0107 nukleotyd\u00f3w dietetycznych we wsp\u00f3\u0142czesnej diecie jest w istotnym stopniu ograniczona, dlatego suplementacja nukleotyd\u00f3w jest wsparciem proces\u00f3w odnowy kom\u00f3rkowej i dla uzupe\u0142nienia codziennej diety.<\/p>\n<p><strong>Laktoferyna<\/strong><\/p>\n<p>Laktoferyna jest niezwyk\u0142ym bia\u0142kiem multipotencjalnym. Dzi\u0119ki swoim zdolno\u015bciom do \u0142\u0105czenia jon\u00f3w \u017celaza, znajduje zastosowanie\u00a0 w walce z patogenami poniewa\u017c \u017celazo jest kluczowe dla rozwoju bakterii <sup>3, 4, 5, 6<\/sup>.\u00a0W okresie zwi\u0119kszonej podatno\u015bci na zaka\u017cenia, laktoferyna mo\u017ce wspom\u00f3c suplementacyjnie osoby o s\u0142abej odporno\u015bci czy w pocz\u0105tkowej fazie infekcji (celem przyspieszenia procesu zdrowienia i ograniczenia objaw\u00f3w) lub przy anemii z niedoboru \u017celaza.<\/p>\n<p>Laktoferyna stanowi jeden ze sk\u0142adnik\u00f3w p\u0142yn\u00f3w ustrojowych, wydzielin \u015bluzowych (uk\u0142adu pokarmowego, oddechowego oraz moczowo-p\u0142ciowego). Zawarta jest w mleku matki, \u0142zach, \u015blinie, woskowinie usznej, czyli wsz\u0119dzie tam, gdzie potrzebna szybka obrona przeciwdrobnoustrojowej. Bardzo du\u017ca ilo\u015b\u0107 tej glikoproteiny znajduje si\u0119 w siarze \u2013 mleku wydzielanym przez gruczo\u0142y mlekowe matki w kilku pierwszych dniach \u017cycia noworodka <sup>2,3,5<\/sup>.<\/p>\n<p><strong>Witamina C<\/strong><\/p>\n<p>Witamina C zwi\u0119ksza przyswajanie \u017celaza dzi\u0119ki czemu wspiera dzia\u0142anie laktoferyny. Zawarta w Laktoferin Nucleo witamina C jest w postaci soli mineralnej \u2013 askorbinianu sodu, kt\u00f3ra w przeciwie\u0144stwie do kwasu askorbinowego jest mniej kwasowa i w mniejszym stopniu oddzia\u0142uje niekorzystnie na b\u0142on\u0119 \u015bluzow\u0105 \u017co\u0142\u0105dka. Witamina C zawarta w Laktoferin Nukleo pomaga w ochronie kom\u00f3rek przed stresem oksydacyjnym*.<\/p>\n<p>&nbsp;<\/p>\n<p><span style=\"font-size: 12px;\">1. EFSA Panel on Dietetic Products, Nutrition and Allergies (NDA); Scientific opinion on the substantiation of health claims related to vitamin C. Vitamin C contributes to the normal function of the immune system, contributes to the protection of cells from oxidative stress, increases iron absorption, contributes to normal functioning of the nervous system, contributes to normal energy-yielding metabolism, contributes to the reduction of tiredness and fatigue. Source: www.efsa.europa.eu\u00a0<\/span><\/p>\n<p><span style=\"font-size: 12px;\">2. Artym J. Laktoferyna \u2013 stra\u017cnik proces\u00f3w przyswajania \u017celaza. Post\u0119py biologii kom\u00f3rki. 2015; 2, 283-308.<br \/>\n3. Puddu P et al. Immunomodulatory effects of lactoferrin on antigen presenting cells. Biochimie. 2009; 91, 11-18. 3.<br \/>\n4. Valenti P., Antonini G. Lactoferrin: an important host defence against microbial and viral attack. Cellular and Molecular Life Sciences. 2005.<br \/>\n5. Jamka M. Rys historyczny wiedzy o laktoferynie. Historical overview on knowledge about lactoferrin. Acta Medicorum Polonorum. 2017; 7.2.<br \/>\n6. Farnaud S., Evans R.W. Lactoferrin \u2013 a multifunctional protein with antimicrobial properties. Mol. Immunol. 2003; 40 (7): 395\u2013405.<\/span><\/p>\n<p>&nbsp;<\/p>\n<p>&nbsp;<\/p>\n<p>&nbsp;<\/p>\n","protected":false},"excerpt":{"rendered":"<p><strong>Suplement diety\u00a0<\/strong><\/p>\n<p><b>Laktoferin NUCLEO\u00a0<\/b>to dedykowane po\u0142\u0105czenie pi\u0119ciu czystych nukleotyd\u00f3w, najwy\u017cszej jako\u015bci laktoferyny oraz \u0142agodnej witaminy C.<\/p>\n<p>Laktoferin NUCLEO\u00a0zawiera wysokiej jako\u015bci pierwotn\u0105\u00a0laktoferyn\u0119 otrzymywan\u0105 ze \u015bwie\u017cego mleka. W procesie jej otrzymywania wykorzystuje si\u0119 innowacyjny spos\u00f3b \u0142agodnego suszenia, co sprawia, \u017ce eliminowane jest zjawisko denaturacji bia\u0142ka i zachowuje ona swoje wszystkie korzystne w\u0142a\u015bciwo\u015bci.<\/p>\n","protected":false},"featured_media":100785,"template":"","meta":{"om_disable_all_campaigns":false,"inline_featured_image":false,"_monsterinsights_skip_tracking":false,"_monsterinsights_sitenote_active":false,"_monsterinsights_sitenote_note":"","_monsterinsights_sitenote_category":0},"product_brand":[],"product_cat":[78,87,69],"product_tag":[],"class_list":{"0":"post-2416","1":"product","2":"type-product","3":"status-publish","4":"has-post-thumbnail","6":"product_cat-odpornosc","7":"product_cat-gospodarka-zelazowa","8":"product_cat-nukleotydy-dietetyczne","10":"first","11":"instock","12":"taxable","13":"shipping-taxable","14":"purchasable","15":"product-type-simple"},"acf":[],"_links":{"self":[{"href":"https:\/\/norsapharma.com\/sklep\/wp-json\/wp\/v2\/product\/2416","targetHints":{"allow":["GET"]}}],"collection":[{"href":"https:\/\/norsapharma.com\/sklep\/wp-json\/wp\/v2\/product"}],"about":[{"href":"https:\/\/norsapharma.com\/sklep\/wp-json\/wp\/v2\/types\/product"}],"wp:featuredmedia":[{"embeddable":true,"href":"https:\/\/norsapharma.com\/sklep\/wp-json\/wp\/v2\/media\/100785"}],"wp:attachment":[{"href":"https:\/\/norsapharma.com\/sklep\/wp-json\/wp\/v2\/media?parent=2416"}],"wp:term":[{"taxonomy":"product_brand","embeddable":true,"href":"https:\/\/norsapharma.com\/sklep\/wp-json\/wp\/v2\/product_brand?post=2416"},{"taxonomy":"product_cat","embeddable":true,"href":"https:\/\/norsapharma.com\/sklep\/wp-json\/wp\/v2\/product_cat?post=2416"},{"taxonomy":"product_tag","embeddable":true,"href":"https:\/\/norsapharma.com\/sklep\/wp-json\/wp\/v2\/product_tag?post=2416"}],"curies":[{"name":"wp","href":"https:\/\/api.w.org\/{rel}","templated":true}]}}