{"id":2418,"date":"2022-08-02T10:52:17","date_gmt":"2022-08-02T08:52:17","guid":{"rendered":"https:\/\/norsapharma.com\/sklep\/?post_type=product&#038;p=2418"},"modified":"2026-02-26T06:44:12","modified_gmt":"2026-02-26T05:44:12","slug":"nucleoplex","status":"publish","type":"product","link":"https:\/\/norsapharma.com\/sklep\/produkt\/nucleoplex\/","title":{"rendered":"Nucleoplex (45 kapsu\u0142ek)"},"content":{"rendered":"<p><strong>Nucleoplex\u00a0<\/strong>to dedykowany produkt przeznaczony dla os\u00f3b wymagaj\u0105cych dodatkowej suplementacji monofosforanu urydyny.<\/p>\n<h3>Nucleoplex \u2013 dlaczego warto?<\/h3>\n<p>W produkcie wykorzystano\u00a0synergi\u0119 dw\u00f3ch sk\u0142adnik\u00f3w.\u00a0Poza monofosforanem urydyny zawiera dodatkowo monofosforan cytydyny, kt\u00f3ry jest jej prekursorem.<\/p>\n<p>Nie zawiera glutenu, skrobi, pszenicy, soi, produkt\u00f3w mlecznych, aromat\u00f3w i barwnik\u00f3w. Produkt jest odpowiedni dla wegan.<\/p>\n<p>&nbsp;<\/p>\n","protected":false},"excerpt":{"rendered":"<p><strong>Suplement diety\u00a0<\/strong><\/p>\n<p><strong>Nucleoplex\u00a0<\/strong>to dedykowany produkt przeznaczony dla os\u00f3b wymagaj\u0105cych dodatkowej suplementacji monofosforanu urydyny. W produkcie wykorzystano\u00a0synergi\u0119 dw\u00f3ch sk\u0142adnik\u00f3w.\u00a0Poza monofosforanem urydyny zawiera dodatkowo monofosforan cytydyny, kt\u00f3ry jest jej prekursorem.<\/p>\n<p>Nie zawiera glutenu, skrobi, pszenicy, soi, produkt\u00f3w mlecznych, aromat\u00f3w i barwnik\u00f3w. Produkt jest odpowiedni dla wegan.<\/p>\n","protected":false},"featured_media":100243,"template":"","meta":{"om_disable_all_campaigns":false,"inline_featured_image":false,"_monsterinsights_skip_tracking":false,"_monsterinsights_sitenote_active":false,"_monsterinsights_sitenote_note":"","_monsterinsights_sitenote_category":0},"product_brand":[],"product_cat":[69,78],"product_tag":[],"class_list":{"0":"post-2418","1":"product","2":"type-product","3":"status-publish","4":"has-post-thumbnail","6":"product_cat-nukleotydy-dietetyczne","7":"product_cat-odpornosc","9":"first","10":"instock","11":"taxable","12":"shipping-taxable","13":"purchasable","14":"product-type-simple"},"acf":[],"_links":{"self":[{"href":"https:\/\/norsapharma.com\/sklep\/wp-json\/wp\/v2\/product\/2418","targetHints":{"allow":["GET"]}}],"collection":[{"href":"https:\/\/norsapharma.com\/sklep\/wp-json\/wp\/v2\/product"}],"about":[{"href":"https:\/\/norsapharma.com\/sklep\/wp-json\/wp\/v2\/types\/product"}],"wp:featuredmedia":[{"embeddable":true,"href":"https:\/\/norsapharma.com\/sklep\/wp-json\/wp\/v2\/media\/100243"}],"wp:attachment":[{"href":"https:\/\/norsapharma.com\/sklep\/wp-json\/wp\/v2\/media?parent=2418"}],"wp:term":[{"taxonomy":"product_brand","embeddable":true,"href":"https:\/\/norsapharma.com\/sklep\/wp-json\/wp\/v2\/product_brand?post=2418"},{"taxonomy":"product_cat","embeddable":true,"href":"https:\/\/norsapharma.com\/sklep\/wp-json\/wp\/v2\/product_cat?post=2418"},{"taxonomy":"product_tag","embeddable":true,"href":"https:\/\/norsapharma.com\/sklep\/wp-json\/wp\/v2\/product_tag?post=2418"}],"curies":[{"name":"wp","href":"https:\/\/api.w.org\/{rel}","templated":true}]}}