{"id":2420,"date":"2022-08-02T10:59:24","date_gmt":"2022-08-02T08:59:24","guid":{"rendered":"https:\/\/norsapharma.com\/sklep\/?post_type=product&#038;p=2420"},"modified":"2026-04-03T16:09:51","modified_gmt":"2026-04-03T14:09:51","slug":"thyroset","status":"publish","type":"product","link":"https:\/\/norsapharma.com\/sklep\/produkt\/thyroset\/","title":{"rendered":"Thyroset (3&#215;45 kapsu\u0142ek)"},"content":{"rendered":"<p><strong>Thyroset <\/strong>to trzystopniowa formu\u0142a obejmuj\u0105ca starannie wyselekcjonowane witaminy, sk\u0142adniki mineralne i kwasy t\u0142uszczowe omega-3. Zawiera sk\u0142adniki przeznaczone do uzupe\u0142niania diety os\u00f3b wymagaj\u0105cych szczeg\u00f3lnej dba\u0142o\u015bci o zdrowie tarczycy i prawid\u0142owe funkcjonowanie uk\u0142adu immunologicznego.<sup>*<\/sup><\/p>\n<p>Thyroset zosta\u0142 w przemy\u015blany spos\u00f3b podzielony na trzy kapsu\u0142ki, aby uwzgl\u0119dnia\u0107 korzystne synergie i eliminowa\u0107 negatywne oddzia\u0142ywania (antagonizmy) pomi\u0119dzy sk\u0142adnikami.<\/p>\n<p>Thyroset to inteligentne po\u0142\u0105czenie najwy\u017cszej jako\u015bci sk\u0142adnik\u00f3w stworzone w oparciu o najnowsze doniesienia naukowe.<\/p>\n<h3>Thyroset \u2013 dlaczego warto?<\/h3>\n<ul>\n<li>wysoka zawarto\u015b\u0107 witamin (C, B6, B12, D, E, K, biotyna, foliany) i sk\u0142adnik\u00f3w mineralnych (\u017celazo, cynk, selen)<\/li>\n<li>zawiera uznane za najbardziej biodost\u0119pne i wch\u0142anialne przez organizm formy witamin i mikroelement\u00f3w (sole organiczne, chelaty, metylowane formy witamin i aktywny kwas foliowy Quatrefolic\u00ae)<\/li>\n<li>optymalne przyswajanie \u2013 sk\u0142ady poszczeg\u00f3lnych kapsu\u0142ek skomponowane z uwzgl\u0119dnieniem synergii i antagonizm\u00f3w pomi\u0119dzy sk\u0142adnikami<\/li>\n<li>wygodne stosowanie \u2013 tylko 3 kapsu\u0142ki dziennie &#8211; rano, po po\u0142udniu i wieczorem<\/li>\n<li>produkt przyjazny dla os\u00f3b z nietolerancjami i alergiami<\/li>\n<li>wysoka czysto\u015b\u0107 sk\u0142adu \u2013 nie zawiera dwutlenku tytanu, glutenu, laktozy, bia\u0142ek mlecznych oraz konserwant\u00f3w<\/li>\n<\/ul>\n<p>Thyroset to specjalnie opracowany, gotowy protok\u00f3\u0142 suplementacyjny zawieraj\u0105cy witaminy, sk\u0142adniki mineralne i kwasy t\u0142uszczowe omega-3. Inteligentnie po\u0142\u0105czone sk\u0142adniki Thyroset mog\u0105 stanowi\u0107 doskona\u0142e uzupe\u0142nienie diety u os\u00f3b wymagaj\u0105cych szczeg\u00f3lnej dba\u0142o\u015bci o zdrowie tarczycy i prawid\u0142owe funkcjonowanie uk\u0142adu immunologicznego.<sup>*<\/sup><\/p>\n<p><sup>*\u017belazo, cynk, witamina C, witamina D, witamina B6, witamina B12, foliany pomagaj\u0105 w prawid\u0142owym funkcjonowaniu uk\u0142adu odporno\u015bciowego. Selen pomaga w prawid\u0142owym funkcjonowaniu tarczycy. Selen pomaga w prawid\u0142owym funkcjonowaniu uk\u0142adu odporno\u015bciowego.<\/sup><\/p>\n<h3>Najwa\u017cniejsze zalety Thyrosetu:<\/h3>\n<p>Thyroset to kompleks starannie dobranych sk\u0142adnik\u00f3w, kt\u00f3re przyczyniaj\u0105 si\u0119 do:<\/p>\n<ul>\n<li>prawid\u0142owego funkcjonowania tarczycy (selen)<\/li>\n<li>regulacji aktywno\u015bci hormonalnej (witamina B6)<\/li>\n<li>wzmocnienia i zachowania zdrowych w\u0142os\u00f3w i paznokci (selen, cynk) oraz sk\u00f3ry (biotyna, cynk)<\/li>\n<li>poprawy kondycji sk\u00f3ry (biotyna, cynk)<\/li>\n<li>zmniejszenia uczucia zm\u0119czenia i znu\u017cenia (\u017celazo, magnez + witamina C, B6, B12, foliany)<\/li>\n<li>prawid\u0142owego funkcjonowania uk\u0142adu odporno\u015bciowego (cynk, selen, \u017celazo + witaminy: C, D, B6, B12, foliany)<\/li>\n<li>prawid\u0142owych funkcji psychologicznych (magnez, witaminy: C, B6, B12, biotyna &#8211; witamina B7, foliany)<\/li>\n<li>utrzymania prawid\u0142owej p\u0142odno\u015bci i funkcji rozrodczych (cynk).<\/li>\n<\/ul>\n<h3>Dla kogo?<\/h3>\n<p>Thyroset zosta\u0142 opracowany, aby uzupe\u0142nia\u0107 podstawowe niedobory witamin i sk\u0142adnik\u00f3w mineralnych u os\u00f3b wymagaj\u0105cych szczeg\u00f3lnej dba\u0142o\u015bci o zdrowie tarczycy. Sprawdzi si\u0119 r\u00f3wnie\u017c jako holistyczne wsparcie ca\u0142ego organizmu: w\u0142os\u00f3w, sk\u00f3ry, paznokci, uk\u0142adu immunologicznego, nerwowego i hormonalnego.<\/p>\n<h3>Jak stosowa\u0107?<\/h3>\n<p>Suplementacja z Thyroset jest bardzo \u0142atwa w stosowaniu \u2013 opiera si\u0119 na przyjmowaniu odpowiednio skomponowanych kapsu\u0142ek 3 razy dziennie \u2013 rano, po po\u0142udniu oraz wieczorem. Pora przyjmowania poszczeg\u00f3lnych witamin i minera\u0142\u00f3w jest niezwykle istotna, dlatego Thyroset sk\u0142ada si\u0119 z trzech etap\u00f3w:<\/p>\n<p><strong>THYROSET #1 (RANO)<\/strong><br \/>\nSpecjalnie opracowana olejowa kapsu\u0142ka zawiera kluczowe dla prawid\u0142owego funkcjonowania organizmu witaminy rozpuszczalne w t\u0142uszczach:D3, E oraz K2 MK-7.<\/p>\n<p><strong>THYROSET #2 (PO\u0141UDNIE)<\/strong><br \/>\nStarannie skomponowany sk\u0142ad kapsu\u0142ki wspiera wch\u0142anianie \u017celaza, dzi\u0119ki zawarto\u015bci witaminy C. Przyswajanie selenu jest wspomagane obecno\u015bci\u0105 witaminy E. Zawiera metylowan\u0105 form\u0119 witaminy B12.<\/p>\n<p><strong>THYROSET# 3 (WIECZ\u00d3R)<\/strong><br \/>\nMagnez i cynk przyj\u0119ty w osobnej kapsu\u0142ce pozwala unikn\u0105\u0107 niepo\u017c\u0105danej interakcji z selenem, dzi\u0119ki czemu sk\u0142adniki mog\u0105 by\u0107 lepiej wykorzystane. Magnez jest po\u0142\u0105czony z witamin\u0105 B6, co wspomaga jego przyswajanie. Zawiera du\u017c\u0105 ilo\u015b\u0107 biotyny i metylowan\u0105 form\u0119 kwasu foliowego (Quatrefolic).<\/p>\n<h3>Uwzgl\u0119dnia synergie i antagonizmy<\/h3>\n<p>Preparat zosta\u0142 podzielony na 3 kapsu\u0142ki, aby uwzgl\u0119dnia\u0107 korzystne interakcje (synergie) i redukowa\u0107 niekorzystne wzajemne oddzia\u0142ywanie (antagonizmy) pomi\u0119dzy poszczeg\u00f3lnymi sk\u0142adnikami. Wszystko po to, by zoptymalizowa\u0107 ich przyswajanie.<\/p>\n<p>Przyk\u0142ady synergii: Selen + witamina E; \u017belazo + witamina C; Magnez + B6; Kwasy omega-3 + witaminy rozpuszczalne w t\u0142uszczach D, E, K; D3+K2 MK-7. Przyk\u0142ady antagonizm\u00f3w: Selen \u2013 cynk; Magnez, Cynk &#8211; \u017belazo.<\/p>\n","protected":false},"excerpt":{"rendered":"<p><strong>Suplement diety<\/strong><\/p>\n<p><strong>Thyroset<\/strong> to trzystopniowa formu\u0142a obejmuj\u0105ca starannie wyselekcjonowane witaminy, sk\u0142adniki mineralne i kwasy t\u0142uszczowe omega-3. Zawiera sk\u0142adniki przeznaczone do uzupe\u0142niania diety os\u00f3b wymagaj\u0105cych szczeg\u00f3lnej dba\u0142o\u015bci o zdrowie tarczycy i prawid\u0142owe funkcjonowanie uk\u0142adu immunologicznego.*<\/p>\n<p>Thyroset zosta\u0142 w przemy\u015blany spos\u00f3b podzielony na trzy kapsu\u0142ki, aby uwzgl\u0119dnia\u0107 korzystne synergie i eliminowa\u0107 negatywne oddzia\u0142ywania (antagonizmy) pomi\u0119dzy sk\u0142adnikami.<\/p>\n<p>Thyroset to inteligentne po\u0142\u0105czenie najwy\u017cszej jako\u015bci sk\u0142adnik\u00f3w stworzone w oparciu o najnowsze doniesienia naukowe.<\/p>\n","protected":false},"featured_media":187709,"template":"","meta":{"om_disable_all_campaigns":false,"inline_featured_image":false,"_monsterinsights_skip_tracking":false,"_monsterinsights_sitenote_active":false,"_monsterinsights_sitenote_note":"","_monsterinsights_sitenote_category":0},"product_brand":[],"product_cat":[70,87],"product_tag":[],"class_list":{"0":"post-2420","1":"product","2":"type-product","3":"status-publish","4":"has-post-thumbnail","6":"product_cat-tarczyca-i-uklad-hormonalny","7":"product_cat-gospodarka-zelazowa","9":"first","10":"instock","11":"taxable","12":"shipping-taxable","13":"purchasable","14":"product-type-simple"},"acf":[],"_links":{"self":[{"href":"https:\/\/norsapharma.com\/sklep\/wp-json\/wp\/v2\/product\/2420","targetHints":{"allow":["GET"]}}],"collection":[{"href":"https:\/\/norsapharma.com\/sklep\/wp-json\/wp\/v2\/product"}],"about":[{"href":"https:\/\/norsapharma.com\/sklep\/wp-json\/wp\/v2\/types\/product"}],"wp:featuredmedia":[{"embeddable":true,"href":"https:\/\/norsapharma.com\/sklep\/wp-json\/wp\/v2\/media\/187709"}],"wp:attachment":[{"href":"https:\/\/norsapharma.com\/sklep\/wp-json\/wp\/v2\/media?parent=2420"}],"wp:term":[{"taxonomy":"product_brand","embeddable":true,"href":"https:\/\/norsapharma.com\/sklep\/wp-json\/wp\/v2\/product_brand?post=2420"},{"taxonomy":"product_cat","embeddable":true,"href":"https:\/\/norsapharma.com\/sklep\/wp-json\/wp\/v2\/product_cat?post=2420"},{"taxonomy":"product_tag","embeddable":true,"href":"https:\/\/norsapharma.com\/sklep\/wp-json\/wp\/v2\/product_tag?post=2420"}],"curies":[{"name":"wp","href":"https:\/\/api.w.org\/{rel}","templated":true}]}}