{"id":2516,"date":"2022-08-05T09:34:41","date_gmt":"2022-08-05T07:34:41","guid":{"rendered":"https:\/\/norsapharma.com\/sklep\/?post_type=product&#038;p=2516"},"modified":"2026-04-22T11:21:04","modified_gmt":"2026-04-22T09:21:04","slug":"hepaset-pro","status":"publish","type":"product","link":"https:\/\/norsapharma.com\/sklep\/produkt\/hepaset-pro\/","title":{"rendered":"Hepaset PRO (60 kapsu\u0142ek)"},"content":{"rendered":"<p><strong>Hepaset PRO &#8211; Zaawansowane wsparcie w\u0105troby<\/strong><\/p>\n<p><strong>Hepaset PRO<\/strong> to profesjonalna formu\u0142a \u0142\u0105cz\u0105ca 14 sk\u0142adnik\u00f3w aktywnych, opracowana dla os\u00f3b, kt\u00f3re chc\u0105 kompleksowo zadba\u0107 o zdrowie i prawid\u0142owe funkcjonowanie w\u0105troby (cholina)*. Sk\u0142ad produktu bazuje na uznanych danych naukowych i wykorzystuje wysoko przyswajalne, aktywne biologicznie formy sk\u0142adnik\u00f3w.<\/p>\n<h3>Dlaczego Hepaset PRO?<\/h3>\n<ul>\n<li><strong>Czysty sk\u0142ad:<\/strong>\u00a0Bez glutenu, laktozy, bia\u0142ek mlecznych i zb\u0119dnych dodatk\u00f3w.<\/li>\n<li><strong>Wsparcie metaboliczne:<\/strong>\u00a0Po\u0142\u0105czenie choliny, witamin z grupy B oraz aminokwas\u00f3w wspieraj\u0105cych naturalne procesy zachodz\u0105ce w w\u0105trobie.<\/li>\n<li><strong>Wysoka biodost\u0119pno\u015b\u0107:<\/strong>\u00a0Zastosowanie metylowanych form witaminy B12 i kwasu foliowego.<\/li>\n<\/ul>\n<p>Hepaset PRO ma czysty sk\u0142ad, jest produktem bezglutenowym, odpowiednim dla wegan, nie zawiera bia\u0142ek mlecznych i laktozy. Produkt charakteryzuje minimalny udzia\u0142 dodatk\u00f3w do \u017cywno\u015bci.<\/p>\n<p>Podstawowym za\u0142o\u017ceniem przy opracowywaniu Hepaset PRO by\u0142 brak kompromis\u00f3w w kwestii najwy\u017cszej jako\u015bci i doboru odpowiednich, aktywnych biologicznie form sk\u0142adnik\u00f3w.<\/p>\n<h3>Funkcje sk\u0142adnik\u00f3w aktywnych<\/h3>\n<p><strong>L-CHOLINA<\/strong><\/p>\n<p>Cholina jest kluczowym sk\u0142adnikiem dla zdrowia w\u0105troby. Przyczynia si\u0119 do\u00a0<strong>utrzymania prawid\u0142owego funkcjonowania w\u0105troby<\/strong>\u00a0oraz wspiera prawid\u0142owy\u00a0<strong>metabolizm t\u0142uszcz\u00f3w i cholesterolu<\/strong>.<sup>1<\/sup><\/p>\n<p><strong>EKSTRAKT Z OSTROPESTU PLAMISTEGO (SYLIMARYNA)<\/strong><\/p>\n<p>Standaryzowany ekstrakt z nasion ostropestu plamistego (min. 80% sylimaryny) to jeden z najlepiej przebadanych sk\u0142adnik\u00f3w ro\u015blinnych. Dzi\u0119ki sylimarynie ostropest\u00a0<strong>wspomaga zdrowie w\u0105troby<\/strong>.<sup>2,3<\/sup><\/p>\n<p><strong>KOMPLEKS AMINOKWAS\u00d3W (METIONINA, ORNITYNA, TAURYNA, NAC)<\/strong><\/p>\n<p>Hepaset PRO dostarcza cennych aminokwas\u00f3w siarkowych i endogennych (L-metionina, L-asparaginian L-ornityny, N-acetylo L-cysteina, L-tauryna). Stanowi\u0105 one\u00a0<strong>wsparcie \u017cywieniowe dla organizmu<\/strong> i s\u0105 istotnymi elementami proces\u00f3w metabolicznych zachodz\u0105cych w kom\u00f3rkach w\u0105troby (hepatocytach).<sup>4,5,6<\/sup><\/p>\n<p><strong>MINERA\u0141Y (SELEN, MOLIBDEN)<\/strong><\/p>\n<ul>\n<li><strong>Molibden:<\/strong> Przyczynia si\u0119 do utrzymania prawid\u0142owego metabolizmu aminokwas\u00f3w siarkowych.<sup>7,8<\/sup><\/li>\n<li><strong>Selen:<\/strong> Pomaga w ochronie kom\u00f3rek przed stresem oksydacyjnym.<sup>7,9<\/sup><\/li>\n<\/ul>\n<p><strong>KOMPLEKS WITAMIN Z GRUPY B<\/strong><\/p>\n<p>Hepaset PRO zawiera precyzyjnie dobrany zestaw sze\u015bciu witamin z grupy B, kt\u00f3re stanowi\u0105 niezb\u0119dne kofaktory w procesach metabolicznych organizmu. Zastosowanie\u00a0<strong>metylowanych form witaminy B12 oraz kwasu foliowego <\/strong>zapewnia ich wy\u017csz\u0105 biodost\u0119pno\u015b\u0107.<\/p>\n<p>Witaminy z grupy B zawarte w Hepaset PRO przyczyniaj\u0105 si\u0119 do:<\/p>\n<ul>\n<li><strong>Metabolizmu homocysteiny i cysteiny:<\/strong>\u00a0Witaminy\u00a0<strong>B6<\/strong>,\u00a0<strong>B12<\/strong>\u00a0oraz\u00a0<strong>kwas foliowy<\/strong>\u00a0pomagaj\u0105 w utrzymaniu prawid\u0142owego metabolizmu homocysteiny. Dodatkowo witamina\u00a0<strong>B6<\/strong>\u00a0przyczynia si\u0119 do prawid\u0142owej syntezy cysteiny \u2013 aminokwasu siarkowego istotnego dla proces\u00f3w wewn\u0105trzkom\u00f3rkowych\u00b9\u00b2,\u00b9\u2074.<\/li>\n<li><strong>Wsparcia energetycznego i redukcji zm\u0119czenia:<\/strong>\u00a0Witaminy\u00a0<strong>B2<\/strong>,\u00a0<strong>B3<\/strong>,\u00a0<strong>B6<\/strong>\u00a0i\u00a0<strong>B12<\/strong>\u00a0przyczyniaj\u0105 si\u0119 do utrzymania prawid\u0142owego metabolizmu energetycznego oraz pomagaj\u0105 w zmniejszeniu uczucia zm\u0119czenia i znu\u017cenia\u00b9\u00b9,\u00b9\u00b3,\u00b9\u2075.<\/li>\n<li><strong>Ochrony i regeneracji:<\/strong>\u00a0Ryboflawina (<strong>B2<\/strong>) pomaga w ochronie kom\u00f3rek przed stresem oksydacyjnym oraz w utrzymaniu prawid\u0142owego stanu b\u0142on \u015bluzowych\u00b9\u00b9.<\/li>\n<li><strong>Metabolizmu bia\u0142ek i glikogenu:<\/strong>\u00a0Witamina\u00a0<strong>B6<\/strong>\u00a0przyczynia si\u0119 do utrzymania prawid\u0142owego metabolizmu bia\u0142ka i glikogenu, co ma bezpo\u015brednie znaczenie dla pracy w\u0105troby\u00b9\u00b2.<\/li>\n<\/ul>\n<p><span style=\"font-size: 12px;\"><br \/>\n<sup>1<\/sup> Panel on Dietetic Products, Nutrition and Allergies (NDA); Scientific Opinion on the substantiation of health claims related to choline and maintenance of normal liver function, contribution to normal lipid metabolism and maintenance of normal homocysteine metabolism. <i>EFSA Journal<\/i> 2011; 9(4):2056.<br \/>\n<sup>2<\/sup> European Food Safety Authority (EFSA); Register of Questions &#8211; ID 3821, 4141 (<i>Silybum marianum<\/i>). Status: Pending.<br \/>\n<sup>3<\/sup> Vargas-Mendoza N., i in.; Hepatoprotective effect of silymarin. <i>World Journal of Hepatology<\/i>, 2014; 6(3): 144\u2013149.<br \/>\n<sup>4<\/sup> PubChem Database; Compound Summary for Methionine and Taurine. National Center for Biotechnology Information (NCBI).<br \/>\n<sup>5<\/sup> Queiroz de Andrade K., i in.; Oxidative Stress and Inflammation in Hepatic Diseases: Therapeutic Possibilities of N-Acetylcysteine. <i>International Journal of Molecular Sciences<\/i>, 2015; 16: 30269\u201330308.<br \/>\n<sup>6<\/sup> Liska D.; The Detoxification Enzyme Systems. <i>Alternative Medicine Review: A Journal of Clinical Therapeutics<\/i>, 1998; 3(3): 187\u2013198.<br \/>\n<sup>7<\/sup> Rozporz\u0105dzenie Komisji (UE) nr 432\/2012 z dnia 16 maja 2012 r.<br \/>\n<sup>8<\/sup> EFSA Panel on Dietetic Products, Nutrition and Allergies (NDA); Scientific Opinion on the substantiation of health claims related to molybdenum and normal amino acid metabolism. <i>EFSA Journal<\/i> 2010; 8(10):1745.<br \/>\n<sup>9<\/sup> EFSA Panel on Dietetic Products, Nutrition and Allergies (NDA); Scientific Opinion on the substantiation of health claims related to selenium and protection of DNA, proteins and lipids from oxidative damage. <i>EFSA Journal<\/i> 2009; 7(9):1220.<br \/>\n<sup>10<\/sup> <i>EFSA Journal<\/i> 2009; 7(9):1222.<br \/>\n<sup>11<\/sup> <i>EFSA Journal<\/i> 2010; 8(10):1814.<br \/>\n<sup>12<\/sup> <i>EFSA Journal<\/i> 2009; 7(9):1225 oraz 2010; 8(10):1759.<br \/>\n<sup>13<\/sup> <i>EFSA Journal<\/i> 2009; 7(9):1223 oraz 2010; 8(10):1756.<br \/>\n<sup>14<\/sup> <i>EFSA Journal<\/i> 2009; 7(9):1213.<br \/>\n<sup>15<\/sup> <i>EFSA Journal<\/i> 2009; 7(9):1224.<\/span><\/p>\n","protected":false},"excerpt":{"rendered":"<p><strong>Suplement diety\u00a0<\/strong><\/p>\n<p><strong>Hepaset PRO<\/strong> to profesjonalnie opracowana formu\u0142a dla os\u00f3b wymagaj\u0105cych szczeg\u00f3lnej dba\u0142o\u015bci o zdrowie i prawid\u0142owe funkcjonowanie w\u0105troby.*<\/p>\n<p>Sk\u0142ad Hepaset PRO zosta\u0142 opracowany przez multidyscyplinarny zesp\u00f3\u0142 specjalist\u00f3w i dietetyk\u00f3w w oparciu o uznane dane naukowe. Hepaset PRO ma czysty sk\u0142ad, jest produktem bezglutenowym, odpowiednim dla wegan, nie zawiera bia\u0142ek mlecznych i laktozy. Produkt charakteryzuje minimalny udzia\u0142 dodatk\u00f3w do \u017cywno\u015bci.<\/p>\n","protected":false},"featured_media":3696,"template":"","meta":{"om_disable_all_campaigns":false,"inline_featured_image":false,"_monsterinsights_skip_tracking":false,"_monsterinsights_sitenote_active":false,"_monsterinsights_sitenote_note":"","_monsterinsights_sitenote_category":0},"product_brand":[],"product_cat":[84,87,70,71],"product_tag":[],"class_list":{"0":"post-2516","1":"product","2":"type-product","3":"status-publish","4":"has-post-thumbnail","6":"product_cat-uklad-pokarmowy","7":"product_cat-gospodarka-zelazowa","8":"product_cat-tarczyca-i-uklad-hormonalny","9":"product_cat-watroba-i-metabolizm","11":"first","12":"instock","13":"taxable","14":"shipping-taxable","15":"purchasable","16":"product-type-simple"},"acf":[],"_links":{"self":[{"href":"https:\/\/norsapharma.com\/sklep\/wp-json\/wp\/v2\/product\/2516","targetHints":{"allow":["GET"]}}],"collection":[{"href":"https:\/\/norsapharma.com\/sklep\/wp-json\/wp\/v2\/product"}],"about":[{"href":"https:\/\/norsapharma.com\/sklep\/wp-json\/wp\/v2\/types\/product"}],"wp:featuredmedia":[{"embeddable":true,"href":"https:\/\/norsapharma.com\/sklep\/wp-json\/wp\/v2\/media\/3696"}],"wp:attachment":[{"href":"https:\/\/norsapharma.com\/sklep\/wp-json\/wp\/v2\/media?parent=2516"}],"wp:term":[{"taxonomy":"product_brand","embeddable":true,"href":"https:\/\/norsapharma.com\/sklep\/wp-json\/wp\/v2\/product_brand?post=2516"},{"taxonomy":"product_cat","embeddable":true,"href":"https:\/\/norsapharma.com\/sklep\/wp-json\/wp\/v2\/product_cat?post=2516"},{"taxonomy":"product_tag","embeddable":true,"href":"https:\/\/norsapharma.com\/sklep\/wp-json\/wp\/v2\/product_tag?post=2516"}],"curies":[{"name":"wp","href":"https:\/\/api.w.org\/{rel}","templated":true}]}}