{"id":3586,"date":"2023-04-14T10:01:40","date_gmt":"2023-04-14T08:01:40","guid":{"rendered":"https:\/\/norsapharma.com\/sklep\/?post_type=product&#038;p=3586"},"modified":"2026-04-22T11:30:57","modified_gmt":"2026-04-22T09:30:57","slug":"nucleobutin-forte","status":"publish","type":"product","link":"https:\/\/norsapharma.com\/sklep\/produkt\/nucleobutin-forte\/","title":{"rendered":"Nucleobutin Forte (60 kapsu\u0142ek)"},"content":{"rendered":"<p><strong>Nucleobutin FORTE<\/strong> to suplement diety \u0142\u0105cz\u0105cy wysok\u0105 porcj\u0119 otoczkowanego ma\u015blanu sodu oraz kompleks pi\u0119ciu czystych nukleotyd\u00f3w dietetycznych. Dzi\u0119ki zastosowaniu kapsu\u0142ek dojelitowych, sk\u0142adniki aktywne s\u0105 chronione przed dzia\u0142aniem soku \u017co\u0142\u0105dkowego.<\/p>\n<h3 style=\"text-align: left;\">Nucleobutin FORTE\u2013 dlaczego warto?<\/h3>\n<ul style=\"text-align: left;\">\n<li><strong>Wysoka koncentracja:<\/strong>\u00a0Dzienna porcja (3 kapsu\u0142ki) dostarcza a\u017c 1380 mg ma\u015blanu sodu, w tym 1089 mg czystego kwasu mas\u0142owego.<\/li>\n<li><strong>Precyzyjne uwalnianie:<\/strong>\u00a0Kapsu\u0142ka dojelitowa zapewnia bezpieczny pasa\u017c przez \u017co\u0142\u0105dek do jelit.<\/li>\n<li><strong>Czysta receptura:<\/strong>\u00a0Bez oleju palmowego (otoczkowanie skrobi\u0105 pre\u017celowan\u0105), barwnik\u00f3w, aromat\u00f3w i substancji s\u0142odz\u0105cych.<\/li>\n<li><strong>Kompleksowe wsparcie:<\/strong>\u00a0Unikalne po\u0142\u0105czenie kr\u00f3tko\u0142a\u0144cuchowych kwas\u00f3w t\u0142uszczowych (SCFA) z nukleotydami.<\/li>\n<\/ul>\n<h3 style=\"text-align: left;\">W sk\u0142ad produktu Nucleobutin FORTE wchodz\u0105:<\/h3>\n<h5><strong>Kwas<\/strong> <strong>mas\u0142owy (jako ma\u015blan sodu)<\/strong><\/h5>\n<p>Kwas mas\u0142owy nale\u017cy do grupy kr\u00f3tko\u0142a\u0144cuchowych kwas\u00f3w t\u0142uszczowych (SCFA), kt\u00f3re naturalnie powstaj\u0105 w jelicie grubym w wyniku fermentacji b\u0142onnika pokarmowego przez mikrobiot\u0119 jelitow\u0105. Jest on uznawany za\u00a0<strong>g\u0142\u00f3wne \u017ar\u00f3d\u0142o energii dla kolonocyt\u00f3w<\/strong> \u2013 kom\u00f3rek nab\u0142onka jelita grubego.<sup>1,2,3<\/sup><\/p>\n<p>W Nucleobutin FORTE zastosowano nowoczesn\u0105 form\u0119 otoczkowanego ma\u015blanu sodu. Proces mikroenkapsulacji zapobiega przedwczesnemu wch\u0142oni\u0119ciu kwasu mas\u0142owego w g\u00f3rnym odcinku przewodu pokarmowego oraz skutecznie niweluje jego charakterystyczny zapach.<\/p>\n<h5><strong>Kompleks 5 nukleotyd\u00f3w dietetycznych<\/strong><\/h5>\n<p>Nukleotydy to naturalne zwi\u0105zki o niskiej masie cz\u0105steczkowej, b\u0119d\u0105ce <strong>podstawowymi elementami budulcowymi kwas\u00f3w nukleinowych (DNA i RNA)<\/strong>. Bior\u0105 one udzia\u0142 w kluczowych procesach fizjologicznych organizmu jako prekursory syntezy kom\u00f3rkowej. Ich obecno\u015b\u0107 w formule Nucleobutin FORTE stanowi cenne uzupe\u0142nienie diety.<sup>4,5<\/sup><\/p>\n<p><span style=\"font-size: 12px;\"><br \/>\n<sup>1<\/sup> Lewandowski K., i wsp.; The effectiveness of microencapsulated sodium butyrate at reducing symptoms in patients with irritable bowel syndrome, <i>Gastroenterology Rev<\/i> 2022; 17(1): 28\u201334.<br \/>\n<sup>2<\/sup> Liu H., i wsp.; Butyrate: A Double-Edged Sword for Health?, <i>Adv Nutr.<\/i> 2018; 9(1): 21\u201329.<br \/>\n<sup>3<\/sup> Banasiewicz T., i wsp.; Butyric acid in bowel inflammations, <i>Przegl\u0105d Gastroenterologiczny<\/i> 2010; 5(5): 251\u2013257.<br \/>\n<sup>4<\/sup> Hess J.R., Greenberg N.A.; The Role of Nucleotides in the Immune and Gastrointestinal Systems: Potential Clinical Applications, <i>Nutrition in Clinical Practice<\/i>, 2012; 27(2): 281\u2013294.<br \/>\n<sup>5<\/sup> Carver J.D., Walker W.A.; The role of nucleotides in human nutrition. <i>J. Nutr. Biochem.<\/i> 1995; 6: 58\u201372.<\/span><\/p>\n","protected":false},"excerpt":{"rendered":"<p><strong>Suplement diety<\/strong><\/p>\n<p>Nucleobutin Forte to specjalnie opracowane po\u0142\u0105czenie otoczkowanego ma\u015blanu sodu oraz kompleksu pi\u0119ciu nukleotyd\u00f3w dietetycznych.<\/p>\n<p>Nucleobutin Forte zawiera a\u017c 1380 mg ma\u015blanu sodu w dziennej porcji, w tym 1089 mg sk\u0142adnika aktywnego \u2013 kwasu mas\u0142owego.<\/p>\n","protected":false},"featured_media":100242,"template":"","meta":{"om_disable_all_campaigns":false,"inline_featured_image":false,"_monsterinsights_skip_tracking":false,"_monsterinsights_sitenote_active":false,"_monsterinsights_sitenote_note":"","_monsterinsights_sitenote_category":0},"product_brand":[],"product_cat":[84,87,69,78],"product_tag":[],"class_list":{"0":"post-3586","1":"product","2":"type-product","3":"status-publish","4":"has-post-thumbnail","6":"product_cat-uklad-pokarmowy","7":"product_cat-gospodarka-zelazowa","8":"product_cat-nukleotydy-dietetyczne","9":"product_cat-odpornosc","11":"first","12":"instock","13":"taxable","14":"shipping-taxable","15":"purchasable","16":"product-type-simple"},"acf":[],"_links":{"self":[{"href":"https:\/\/norsapharma.com\/sklep\/wp-json\/wp\/v2\/product\/3586","targetHints":{"allow":["GET"]}}],"collection":[{"href":"https:\/\/norsapharma.com\/sklep\/wp-json\/wp\/v2\/product"}],"about":[{"href":"https:\/\/norsapharma.com\/sklep\/wp-json\/wp\/v2\/types\/product"}],"wp:featuredmedia":[{"embeddable":true,"href":"https:\/\/norsapharma.com\/sklep\/wp-json\/wp\/v2\/media\/100242"}],"wp:attachment":[{"href":"https:\/\/norsapharma.com\/sklep\/wp-json\/wp\/v2\/media?parent=3586"}],"wp:term":[{"taxonomy":"product_brand","embeddable":true,"href":"https:\/\/norsapharma.com\/sklep\/wp-json\/wp\/v2\/product_brand?post=3586"},{"taxonomy":"product_cat","embeddable":true,"href":"https:\/\/norsapharma.com\/sklep\/wp-json\/wp\/v2\/product_cat?post=3586"},{"taxonomy":"product_tag","embeddable":true,"href":"https:\/\/norsapharma.com\/sklep\/wp-json\/wp\/v2\/product_tag?post=3586"}],"curies":[{"name":"wp","href":"https:\/\/api.w.org\/{rel}","templated":true}]}}