{"id":37294,"date":"2024-09-30T15:43:55","date_gmt":"2024-09-30T13:43:55","guid":{"rendered":"https:\/\/norsapharma.com\/sklep\/?post_type=product&#038;p=37294"},"modified":"2026-03-05T00:15:45","modified_gmt":"2026-03-04T23:15:45","slug":"witamina-d3","status":"publish","type":"product","link":"https:\/\/norsapharma.com\/sklep\/produkt\/witamina-d3\/","title":{"rendered":"Witamina D3+K2 (50 ml)"},"content":{"rendered":"<p><strong>Witamina D3+K2<\/strong> to po\u0142\u0105czenie witaminy<strong> D z lanoliny<\/strong> Quali\u00ae-D oraz witaminy <strong>K z ciecierzycy<\/strong> MenaQ7\u00ae w<strong> naturalnym oleju<\/strong> MCT z kokosa. Produkt nie zawiera dodatk\u00f3w smakowych, barwnik\u00f3w, aromat\u00f3w i substancji s\u0142odz\u0105cych. Wolny od alergen\u00f3w, bezglutenowy, bez laktozy.<\/p>\n<h3><span style=\"font-weight: 400;\">Witamina D3+K2 \u2013 <\/span><span style=\"font-weight: 400;\">dlaczego warto?<\/span><\/h3>\n<p><b>Sk\u0142adniki zawarte w Witamina D3+K2 przyczyniaj\u0105 si\u0119 do:<\/b><\/p>\n<ul>\n<li><span style=\"font-weight: 400;\">utrzymania zdrowych ko\u015bci (witamina K, witamina D),<\/span><sup>1, <\/sup><sup>2<\/sup><\/li>\n<li><span style=\"font-weight: 400;\">prawid\u0142owego krzepni\u0119cia krwi (witamina K),<\/span><sup>1<\/sup><\/li>\n<li><span style=\"font-weight: 400;\">prawid\u0142owego funkcjonowania uk\u0142adu odporno\u015bciowego (witamina D),<\/span><sup>2<\/sup><\/li>\n<li><span style=\"font-weight: 400;\">wsparcia prawid\u0142owego funkcjonowania mi\u0119\u015bni (witamina D),<\/span><sup>2<\/sup><\/li>\n<li><span style=\"font-weight: 400;\">prawid\u0142owego wch\u0142aniania wapnia i fosforu oraz utrzymania prawid\u0142owego poziomu wapnia we krwi (witamina D),<\/span><sup>2<\/sup><\/li>\n<li><span style=\"font-weight: 400;\">podzia\u0142u kom\u00f3rek (witamina D).<\/span><sup>2<\/sup><\/li>\n<\/ul>\n<h3><span style=\"font-weight: 400;\">Najwa\u017cniejsze zalety Witaminy D3+K2:<\/span><\/h3>\n<ul>\n<li style=\"font-weight: 400;\" aria-level=\"1\"><strong>Zawiera wy\u0142\u0105cznie naturalne sk\u0142adniki.<\/strong><\/li>\n<li style=\"font-weight: 400;\" aria-level=\"1\">Zawarta w produkcie naturalna witamina <strong>D3 to najwy\u017cszej jako\u015bci witamina D<\/strong> pozyskiwana z lanoliny, we\u0142ny \u017cywych i zdrowych owiec, \u017cyj\u0105cych na australijskich i nowozelandzkich pastwiskach. Quali\u00ae-D to drobno rozproszone cz\u0105steczki o bardzo stabilnej formie, pozyskiwane w specjalistycznych, szwajcarskich laboratoriach.<\/li>\n<li style=\"font-weight: 400;\" aria-level=\"1\">Zawarta naturalna witamina K2 (MenaQ7\u00ae) to <strong>witamina K z ciecierzycy o w\u0142a\u015bciwo\u015bciach potwierdzonych w badaniach klinicznych<\/strong>. MenaQ7\u00ae posiada liczne certyfikaty: Non-GMO, Vegan, Kosher, Halal, GRAS, Novel Food oraz akceptacj\u0119 European Food Safety Authority. MenaQ7\u00ae uzyska\u0142 pozytywny wynik w te\u015bcie HPLC \u2013 <strong>\u015bwiadczy on o czysto\u015bci i bezpiecze\u0144stwie produktu<\/strong>.<\/li>\n<li style=\"font-weight: 400;\" aria-level=\"1\">Opakowanie zosta\u0142o wyposa\u017cone w <strong>specjalny aplikator<\/strong>, kt\u00f3ry umo\u017cliwia wygodny i bardziej precyzyjny spos\u00f3b dozowanie dawek.<\/li>\n<li style=\"font-weight: 400;\" aria-level=\"1\">Baza w postaci oleju MCT z kokosa <strong>u\u0142atwia wch\u0142anianie<\/strong> rozpuszczalnych w t\u0142uszczach witamin D oraz K.<\/li>\n<li style=\"font-weight: 400;\" aria-level=\"1\">Suplement nie zawiera dodatk\u00f3w smakowych, barwnik\u00f3w, aromat\u00f3w i substancji s\u0142odz\u0105cych.<\/li>\n<li style=\"font-weight: 400;\" aria-level=\"1\">Neutralny i bez aromat\u00f3w smak sprawia, \u017ce Witamina D3+K2 jest wyj\u0105tkowo <strong>\u0142agodna dla prze\u0142yku i przewodu pokarmowego.<\/strong><\/li>\n<li style=\"font-weight: 400;\" aria-level=\"1\">Celowe opracowanie dziennej porcji w 2 aplikacjach, kt\u00f3ra przek\u0142ada si\u0119 na 2000 UI \u2013 pozwala na wi\u0119ksz\u0105 <strong>uniwersalno\u015b\u0107 suplementacji dla ca\u0142ej rodziny<\/strong>.<\/li>\n<\/ul>\n<p>&nbsp;<\/p>\n<h3><span style=\"font-weight: 400;\">W sk\u0142ad produktu Witamina D3+K2 wchodz\u0105:<\/span><\/h3>\n<p><span style=\"font-weight: 400;\"><strong>Witamina D<\/strong><\/span><\/p>\n<p><span style=\"font-weight: 400;\">To najwy\u017cszej jako\u015bci witamina D pozyskiwana z lanoliny, we\u0142ny \u017cywych i zdrowych owiec, \u017cyj\u0105cych na australijskich i nowozelandzkich pastwiskach. Quali\u00ae-D to drobno rozproszone cz\u0105steczki o bardzo stabilnej formie, pozyskiwane w specjalistycznych, szwajcarskich laboratoriach.<\/span><\/p>\n<p><span style=\"font-weight: 400;\"><strong>Witamina K2<\/strong> <\/span><\/p>\n<p><span style=\"font-weight: 400;\">MenaQ7\u00ae to witamina K z ciecierzycy o w\u0142a\u015bciwo\u015bciach potwierdzonych w badaniach klinicznych. MenaQ7\u00ae posiada liczne certyfikaty: Non-GMO, Vegan, Kosher, Halal, GRAS, Novel Food oraz akceptacj\u0119 European Food Safety Authority. MenaQ7\u00ae uzyska\u0142 pozytywny wynik w te\u015bcie HPLC \u2013 \u015bwiadczy on o czysto\u015bci i bezpiecze\u0144stwie produktu.<\/span><\/p>\n<p>&nbsp;<\/p>\n<p><span style=\"font-size: 12px;\">Informacje dodatkowe:<br \/>\nMenaQ7\u00ae jest zarejestrowanym znakiem handlowym NattoPharma AS, Norway.<br \/>\nQuali\u00ae jest zarejestrowanym znakiem handlowym DSM Nutritional Products Ltd.<\/span><\/p>\n<p><span style=\"font-size: 12px;\"><br \/>\nBibliografia:<br \/>\n1 &#8211; Scientific Opinion on the substantiation of health claims related to vitamin K. EFSA Journal 2009;7(9):1228.<br \/>\n2 &#8211; Scientific Opinion on the substantiation of health claims related to vitamin D. EFSA Journal 2010;8(2):1468.<br \/>\n<\/span><\/p>\n","protected":false},"excerpt":{"rendered":"<p>Witamina D3+K2<span style=\"font-weight: 400;\"> to po\u0142\u0105czenie witaminy D z lanoliny oraz witaminy K z ciecierzycy w naturalnym oleju MTC z kokosa. Produkt wolny od alergen\u00f3w, bezglutenowy, bez laktozy.<\/span><\/p>\n","protected":false},"featured_media":37303,"template":"","meta":{"om_disable_all_campaigns":false,"inline_featured_image":false,"_monsterinsights_skip_tracking":false,"_monsterinsights_sitenote_active":false,"_monsterinsights_sitenote_note":"","_monsterinsights_sitenote_category":0},"product_brand":[],"product_cat":[78,86],"product_tag":[],"class_list":{"0":"post-37294","1":"product","2":"type-product","3":"status-publish","4":"has-post-thumbnail","6":"product_cat-odpornosc","7":"product_cat-skora-i-paznokcie","9":"first","10":"instock","11":"taxable","12":"shipping-taxable","13":"purchasable","14":"product-type-simple"},"acf":[],"_links":{"self":[{"href":"https:\/\/norsapharma.com\/sklep\/wp-json\/wp\/v2\/product\/37294","targetHints":{"allow":["GET"]}}],"collection":[{"href":"https:\/\/norsapharma.com\/sklep\/wp-json\/wp\/v2\/product"}],"about":[{"href":"https:\/\/norsapharma.com\/sklep\/wp-json\/wp\/v2\/types\/product"}],"wp:featuredmedia":[{"embeddable":true,"href":"https:\/\/norsapharma.com\/sklep\/wp-json\/wp\/v2\/media\/37303"}],"wp:attachment":[{"href":"https:\/\/norsapharma.com\/sklep\/wp-json\/wp\/v2\/media?parent=37294"}],"wp:term":[{"taxonomy":"product_brand","embeddable":true,"href":"https:\/\/norsapharma.com\/sklep\/wp-json\/wp\/v2\/product_brand?post=37294"},{"taxonomy":"product_cat","embeddable":true,"href":"https:\/\/norsapharma.com\/sklep\/wp-json\/wp\/v2\/product_cat?post=37294"},{"taxonomy":"product_tag","embeddable":true,"href":"https:\/\/norsapharma.com\/sklep\/wp-json\/wp\/v2\/product_tag?post=37294"}],"curies":[{"name":"wp","href":"https:\/\/api.w.org\/{rel}","templated":true}]}}