{"id":6475,"date":"2023-10-13T10:23:51","date_gmt":"2023-10-13T08:23:51","guid":{"rendered":"https:\/\/norsapharma.com\/sklep\/?post_type=product&#038;p=6475"},"modified":"2026-02-18T08:23:19","modified_gmt":"2026-02-18T07:23:19","slug":"ascorbyl-palmitate","status":"publish","type":"product","link":"https:\/\/norsapharma.com\/sklep\/produkt\/ascorbyl-palmitate\/","title":{"rendered":"Ascorbyl Palmitate (90 kapsu\u0142ek)"},"content":{"rendered":"<p><strong>Ascorbyl Palmitate<\/strong> to witamina C w wysoce stabilnej formie estrowej, kt\u00f3ra jest po\u0142\u0105czeniem kwasu palmitynowego z kwasem askorbinowym.<\/p>\n<h3>Ascorbyl Palmitate &#8211; dlaczego warto?<\/h3>\n<p>Witamina C zawarta w Ascorbyl Palmitate<br \/>\nprzyczynia si\u0119 do<sup>1<\/sup>:<\/p>\n<ul>\n<li>\u00a0prawid\u0142owego funkcjonowania uk\u0142adu odporno\u015bciowego<\/li>\n<li>ochrony kom\u00f3rek przed stresem oksydacyjnym<\/li>\n<li>utrzymania prawid\u0142owego metabolizmu energetycznego<\/li>\n<li>prawid\u0142owego funkcjonowania uk\u0142adu nerwowego<\/li>\n<li>utrzymania prawid\u0142owych funkcji psychologicznych<\/li>\n<li>zmniejszenia uczucia zm\u0119czenia i znu\u017cenia<\/li>\n<li>zwi\u0119kszenia przyswajania \u017celaza<\/li>\n<li>prawid\u0142owej produkcji kolagenu w celu zapewnienia prawid\u0142owego funkcjonowania naczy\u0144 krwiono\u015bnych, ko\u015bci, chrz\u0105stki, dzi\u0105se\u0142, sk\u00f3ry, z\u0119b\u00f3w<\/li>\n<li>regeneracji zredukowanej formy witaminy E<\/li>\n<\/ul>\n<h3>Najwa\u017cniejsze zalety Ascorbyl Palmitate:<\/h3>\n<ul>\n<li>Ascorbyl Palmitate to po\u0142\u0105czenie estrowe kwasu palmitynowego z kwasem askorbinowym o wi\u0119kszej stabilno\u015bci ni\u017c powszechnie stosowany kwas askorbinowy. Cecha ta ma istotny wp\u0142yw na szerokie mo\u017cliwo\u015bci zastosowania produktu w efektywnej suplementacji.<\/li>\n<li>Nie zawiera dodatk\u00f3w smakowych, barwnik\u00f3w, aromat\u00f3w i substancji s\u0142odz\u0105cych.<\/li>\n<\/ul>\n<p>W sk\u0142ad produktu Ascorbyl Palmitate wchodzi:<\/p>\n<p><strong>Palmitynian askorbylu<\/strong> \u2013 estrowa posta\u0107 witaminy C o udowodnionej, podwy\u017cszonej stabilno\u015bci w por\u00f3wnaniu do popularnego kwasu askorbinowego. \u0141a\u0144cuchy palmitynianowe, charakterystyczne dla tej formy witaminy C, pozwalaj\u0105 \u0142atwiej przenika\u0107 do kom\u00f3rki oraz maj\u0105 lepsz\u0105 zdolno\u015b\u0107 do ochrony lipid\u00f3w i innych sk\u0142adnik\u00f3w kom\u00f3rki przed peroksydacj\u0105 (utlenianiem) prowadz\u0105c\u0105 do powstawania niekorzystnych wolnych rodnik\u00f3w.<sup>2<\/sup><\/p>\n<p><span style=\"font-size: 12px;\">1. EFSA Panel on Dietetic Products, Nutrition and Allergies (NDA); Scientific opinion on the substantiation of health claims related to vitamin C. Vitamin C contributes to the normal function of the immune system, contributes to the protection of cells from oxidative stress, increases iron absorption, contributes to normal functioning of the nervous system, contributes to normal energy-yielding metabolism, contributes to the reduction of tiredness and fatigue. Source: www.efsa.europa.eu<br \/>\n2. Paneva D, Manolova N, Argirova M, Rashkov I (2011) Antibacterial electrospun poly (\u03b5-caprolactone)\/ascorbyl palmitate nanofibrous materials. Int J Pharm 416:346\u2013355.<br \/>\n<\/span><\/p>\n","protected":false},"excerpt":{"rendered":"<p>Ascorbyl Palmitate to witamina C w wysoce stabilnej formie estrowej, kt\u00f3ra jest po\u0142\u0105czeniem kwasu palmitynowego z kwasem askorbinowym.<\/p>\n","protected":false},"featured_media":6586,"template":"","meta":{"om_disable_all_campaigns":false,"inline_featured_image":false,"_monsterinsights_skip_tracking":false,"_monsterinsights_sitenote_active":false,"_monsterinsights_sitenote_note":"","_monsterinsights_sitenote_category":0},"product_brand":[],"product_cat":[78,87],"product_tag":[],"class_list":{"0":"post-6475","1":"product","2":"type-product","3":"status-publish","4":"has-post-thumbnail","6":"product_cat-odpornosc","7":"product_cat-gospodarka-zelazowa","9":"first","10":"instock","11":"taxable","12":"shipping-taxable","13":"purchasable","14":"product-type-simple"},"acf":[],"_links":{"self":[{"href":"https:\/\/norsapharma.com\/sklep\/wp-json\/wp\/v2\/product\/6475","targetHints":{"allow":["GET"]}}],"collection":[{"href":"https:\/\/norsapharma.com\/sklep\/wp-json\/wp\/v2\/product"}],"about":[{"href":"https:\/\/norsapharma.com\/sklep\/wp-json\/wp\/v2\/types\/product"}],"wp:featuredmedia":[{"embeddable":true,"href":"https:\/\/norsapharma.com\/sklep\/wp-json\/wp\/v2\/media\/6586"}],"wp:attachment":[{"href":"https:\/\/norsapharma.com\/sklep\/wp-json\/wp\/v2\/media?parent=6475"}],"wp:term":[{"taxonomy":"product_brand","embeddable":true,"href":"https:\/\/norsapharma.com\/sklep\/wp-json\/wp\/v2\/product_brand?post=6475"},{"taxonomy":"product_cat","embeddable":true,"href":"https:\/\/norsapharma.com\/sklep\/wp-json\/wp\/v2\/product_cat?post=6475"},{"taxonomy":"product_tag","embeddable":true,"href":"https:\/\/norsapharma.com\/sklep\/wp-json\/wp\/v2\/product_tag?post=6475"}],"curies":[{"name":"wp","href":"https:\/\/api.w.org\/{rel}","templated":true}]}}