{"id":6502,"date":"2023-10-13T13:37:37","date_gmt":"2023-10-13T11:37:37","guid":{"rendered":"https:\/\/norsapharma.com\/sklep\/?post_type=product&#038;p=6502"},"modified":"2026-03-05T00:14:30","modified_gmt":"2026-03-04T23:14:30","slug":"complemag","status":"publish","type":"product","link":"https:\/\/norsapharma.com\/sklep\/produkt\/complemag\/","title":{"rendered":"CompleMag (90 kapsu\u0142ek)"},"content":{"rendered":"<p><strong>CompleMag<\/strong> to kompleksowe po\u0142\u0105czenie czterech organicznych form magnezu, potasu oraz witamin z grupy B. Nie zawiera dodatk\u00f3w smakowych, barwnik\u00f3w, aromat\u00f3w i substancji s\u0142odz\u0105cych.<\/p>\n<h3>CompleMag &#8211; dlaczego warto?<\/h3>\n<p>Sk\u0142adniki zawarte w CompleMag przyczyniaj\u0105 si\u0119 do<sup>1<\/sup>:<\/p>\n<ul>\n<li>utrzymania prawid\u0142owego metabolizmu energetycznego (magnez, tiamina, ryboflawina, witamina B6)<\/li>\n<li>zmniejszenia uczucia zme\u0328czenia i znuz\u0307enia (magnez, ryboflawina, witamina B6)<\/li>\n<li>prawid\u0142owego funkcjonowania uk\u0142adu nerwowego (magnez, tiamina, ryboflawina, witamina B6)<\/li>\n<li>utrzymania prawid\u0142owych funkcji psychologicznych (magnez, tiamina, witamina B6)<\/li>\n<li>utrzymania zdrowych kos\u0301ci (magnez)<\/li>\n<li>utrzymania r\u00f3wnowagi elektrolitowej (magnez)<\/li>\n<\/ul>\n<h3>Najwa\u017cniejsze zalety CompleMag:<\/h3>\n<ul>\n<li>CompleMag to cztery uzupe\u0142niaj\u0105ce si\u0119 \u017ar\u00f3d\u0142a magnezu pochodzenia organicznego o wysokiej biodost\u0119pno\u015bci.<\/li>\n<li>CompleMag zawiera wy\u0142\u0105cznie organiczne zwi\u0105zki magnezu, kt\u00f3re wch\u0142aniaj\u0105 si\u0119 znacznie lepiej od powszechnie dost\u0119pnych form nieorganicznych. Wch\u0142anialno\u015b\u0107 zastosowanych w CompleMag postaci magnezu si\u0119ga nawet do 90 %.<sup>2<\/sup><\/li>\n<li>CompleMag zawiera dodatkowo kompleks witamin z grupy B i potas, kt\u00f3re wraz z magnezem uczestnicz\u0105 w wielu reakcjach enzymatycznych.<\/li>\n<li>CompleMag to inteligentne i holistyczne rozwi\u0105zanie dla os\u00f3b wymagaj\u0105cych suplementacji magnezu.<\/li>\n<li>Nie zawiera dodatk\u00f3w smakowych, barwnik\u00f3w, aromat\u00f3w i substancji s\u0142odz\u0105cych.<\/li>\n<\/ul>\n<p>W sk\u0142ad produktu produktu CompleMag wchodz\u0105:<\/p>\n<p><strong>Taurynian magnezu &#8211; <\/strong>jest form\u0105 chemiczn\u0105, kt\u00f3ra dociera do uk\u0142adu nerwowego ze wzgl\u0119du na obecno\u015b\u0107 uk\u0142adu transportu tauryny w kom\u00f3rkach \u015br\u00f3db\u0142onka naczy\u0144 w\u0142osowatych bariery krew-m\u00f3zg.<sup>3<\/sup><\/p>\n<p><strong>Cytrynian magnezu \u2013 <\/strong>cechuje si\u0119 dobr\u0105 rozpuszczalno\u015bci\u0105 w \u015brodowisku wodnym, stabilno\u015bci\u0105 i wysok\u0105 wch\u0142anialno\u015bci\u0105, co udokumentowano naukowo w badaniach in vivo. Cytrynian magnezu, w por\u00f3wnaniu z innymi zwi\u0105zkami, jest najcz\u0119\u015bciej stosowan\u0105 form\u0105 chemiczn\u0105 magnezu, zar\u00f3wno w suplementacji dora\u017anej, jak i d\u0142ugofalowej.<sup>4<\/sup><\/p>\n<p><strong>Diglicynian magnezu &#8211;<\/strong> sk\u0142ada si\u0119 z dw\u00f3ch cz\u0105steczek glicyny zwi\u0105zanych kowalencyjnie z magnezem. Wi\u0105zanie to jest na tyle mocne, \u017ce zapobiega dysocjowaniu magnezu w g\u00f3rnym odcinku przewodu pokarmowego, a tym samym tworzeniu kompleks\u00f3w ze sk\u0142adnikami antyod\u017cywczymi hamuj\u0105cymi wch\u0142anianie.<sup>5<\/sup><\/p>\n<p><strong>Jab\u0142czan magnezu<\/strong> \u2013 stanowi po\u0142\u0105czenie magnezu z kwasem jab\u0142kowym. Jest stosunkowo \u0142atwo trawiony i mo\u017ce utrzymywa\u0107 si\u0119 w organizmie d\u0142u\u017cej ni\u017c inne formy magnezu.<sup>6<\/sup><\/p>\n<p><strong>Witamina B6<\/strong> &#8211; wsp\u00f3\u0142pracuje z magnezem w wielu uk\u0142adach enzymatycznych i zwi\u0119ksza akumulacj\u0119 wewn\u0105trzkom\u00f3rkowego magnezu.<sup>7<\/sup><\/p>\n<p><strong>Witamina B2 &#8211;<\/strong> bierze udzia\u0142 w\u00a0 metabolizmie witaminy B6. Usprawnia \u015bcie\u017cki konwersji witaminy B6 do jej aktywnej formy.<sup>8<\/sup><\/p>\n<p><strong>Witamina B1<\/strong>&#8211; Tiamina i magnez s\u0105 blisko powi\u0105zane ze sob\u0105 biochemicznie, gdy\u017c magnez bierze bezpo\u015bredni lub po\u015bredni udzia\u0142 w dzia\u0142aniu wielu enzym\u00f3w zale\u017cnych od tiaminy. Magnez jest niezb\u0119dny do przekszta\u0142cenia dietetycznej witaminy B1 w aktywn\u0105 posta\u0107 pirofosforanu tiaminy (TPP), kt\u00f3ra uczestniczy w funkcjach enzymatycznych zwi\u0105zanych z metabolizmem w\u0119glowodan\u00f3w, aminokwas\u00f3w o rozga\u0142\u0119zionych \u0142a\u0144cuchach i kwas\u00f3w t\u0142uszczowych.<sup>9,10<\/sup><\/p>\n<p><strong>Potas<\/strong> \u2013 wraz z magnezem stanowi\u0105 dwa najobficiej wyst\u0119puj\u0105ce kationy wewn\u0105trzkom\u00f3rkowe w organizmie. <sup>11<\/sup> Odgrywaj\u0105 istotn\u0105 rol\u0119 w funkcjonowaniu tkanek pobudliwych, takich jak nerwy, mi\u0119\u015bnie szkieletowe i mi\u0119sie\u0144 sercowy. <sup>12<\/sup> Odgrywaj\u0105 tak\u017ce kluczow\u0105 rol\u0119 w wielu innych istotnych procesach biologicznych, takich jak metabolizm energii kom\u00f3rkowej, replikacja kom\u00f3rek i synteza bia\u0142ek.<sup>13,14<\/sup><\/p>\n<p>&nbsp;<\/p>\n<p><span style=\"font-size: 12px;\">1. Scientific Opinion on the substantiation of health claims related to magnesium. EFSA Journal;2010, 8(10):1807.<br \/>\n2. Iskra, M., Krasi\u0144ska, B., &amp; Tykarski, A. (2013). Magnesium\u2014physiological role, clinical importance of deficiency in hypertension and related diseases, and possibility of supplementation in the human body. Arterial Hypertension, 17(6), 447-459.<br \/>\n3. Diana Fiorentini et al. Magnesium: Biochemistry, Nutrition, Detection, and Social Impact of Diseases Linked to Its Deficiency. Nutrients 2021, 13(4), 1136; https:\/\/doi.org\/10.3390\/nu13041136.<br \/>\n4. Maria Iskra I wsp\u00f3\u0142. Magnesium \u2014 physiological role, clinical importance of deficiency in hypertension and related diseases, and possibility of supplementation in the human body. Arterial Hypertension 2013, vol. 17, no 6, pages: 447\u2013459.<br \/>\n5. Bortz J. Challenges with magnesium bioavailability studies, magnesium salts, chelates and caco2 cell uptake studies. Albion Laboratories. 2017<br \/>\n6. Nazan Uysal et al. Timeline (Bioavailability) of Magnesium Compounds in Hours: Which Magnesium Compound Works Best? Biol Trace Elem Res. 2019;187(1):128-136. doi: 10.1007\/s12011-018-1351-9.<br \/>\n7. Bie\u0144kowski, P. Commentary on: Pouteau et al. Superiority of magnesium and vitamin B6 over magnesium alone on severe stress in healthy adults with low magnessemia: A randomized, single-blind clinical trial. PLoS ONE 2018, 13, e0208454<br \/>\n8. Jungert A., McNulty H., Hoey L., Riboflavin Is an Important Determinant of Vitamin B-6 Status in Healthy Adults, J Nutr 2020 Oct 12;150(10):2699-2706.<br \/>\n9. Lonsdale D., A Review of the Biochemistry, Metabolism and Clinical Benefits of Thiamin(e) and Its Derivatives, Evid Based Complement Alternat Med. 2006 Mar; 3(1): 49\u201359.<br \/>\n10. Panov A., Scarpa A., Independent modulation of the activity of alpha-ketoglutarate dehydrogenase complex by Ca2+ and Mg2+, Biochemistry 1996 Jan 16;35(2):427-32.<br \/>\n11. Swaminathan R., Magnesium Metabolism and its Disorders, Clin Biochem wersja 2003 maj; 24 ust. 2: 47\u201366.<br \/>\n12. Parthasarathy S., M. Ravishankar M., Potassium Ion and Anaesthetic Implications, J Anesth Clin Pharmacology 2007; 23(2): 129-144.<br \/>\n13. Kraft M.D., Btaiche I.F., Sacks G.S. i wsp. Treatment of electrolyte disorders in adult patients in the intensive care unit. Am J Heal Pharm. 2005;62(16):1663\u20131682.<br \/>\n14. Jahnen-Dechent W., Ketteler M., Magnesium basics. Clin Kidney J [Internet] 2012 Mar 2;5(Suppl 1).<br \/>\n<\/span><\/p>\n","protected":false},"excerpt":{"rendered":"<p><strong>CompleMag <\/strong>to kompleksowe po\u0142\u0105czenie czterech organicznych form magnezu, potasu oraz witamin z grupy B. CompleMag zawiera wy\u0142\u0105cznie organiczne zwi\u0105zki magnezu, kt\u00f3re wch\u0142aniaj\u0105 si\u0119 znacznie lepiej od powszechnie dost\u0119pnych form nieorganicznych.<\/p>\n","protected":false},"featured_media":6571,"template":"","meta":{"om_disable_all_campaigns":false,"inline_featured_image":false,"_monsterinsights_skip_tracking":false,"_monsterinsights_sitenote_active":false,"_monsterinsights_sitenote_note":"","_monsterinsights_sitenote_category":0},"product_brand":[],"product_cat":[78,83],"product_tag":[],"class_list":{"0":"post-6502","1":"product","2":"type-product","3":"status-publish","4":"has-post-thumbnail","6":"product_cat-odpornosc","7":"product_cat-uklad-nerwowy","9":"first","10":"instock","11":"taxable","12":"shipping-taxable","13":"purchasable","14":"product-type-simple"},"acf":[],"_links":{"self":[{"href":"https:\/\/norsapharma.com\/sklep\/wp-json\/wp\/v2\/product\/6502","targetHints":{"allow":["GET"]}}],"collection":[{"href":"https:\/\/norsapharma.com\/sklep\/wp-json\/wp\/v2\/product"}],"about":[{"href":"https:\/\/norsapharma.com\/sklep\/wp-json\/wp\/v2\/types\/product"}],"wp:featuredmedia":[{"embeddable":true,"href":"https:\/\/norsapharma.com\/sklep\/wp-json\/wp\/v2\/media\/6571"}],"wp:attachment":[{"href":"https:\/\/norsapharma.com\/sklep\/wp-json\/wp\/v2\/media?parent=6502"}],"wp:term":[{"taxonomy":"product_brand","embeddable":true,"href":"https:\/\/norsapharma.com\/sklep\/wp-json\/wp\/v2\/product_brand?post=6502"},{"taxonomy":"product_cat","embeddable":true,"href":"https:\/\/norsapharma.com\/sklep\/wp-json\/wp\/v2\/product_cat?post=6502"},{"taxonomy":"product_tag","embeddable":true,"href":"https:\/\/norsapharma.com\/sklep\/wp-json\/wp\/v2\/product_tag?post=6502"}],"curies":[{"name":"wp","href":"https:\/\/api.w.org\/{rel}","templated":true}]}}