{"id":87730,"date":"2025-05-16T15:52:19","date_gmt":"2025-05-16T13:52:19","guid":{"rendered":"https:\/\/norsapharma.com\/sklep\/?post_type=product&#038;p=87730"},"modified":"2026-03-24T21:34:28","modified_gmt":"2026-03-24T20:34:28","slug":"omegasense-arctic-oil","status":"publish","type":"product","link":"https:\/\/norsapharma.com\/sklep\/produkt\/omegasense-arctic-oil\/","title":{"rendered":"Omegasense Arctic Oil (250 ml)"},"content":{"rendered":"<p><b>Omegasense Arctic Oil<\/b><span style=\"font-weight: 400;\"> to suplement diety zawieraj\u0105cy olej pozyskiwany z w\u0105troby dzikiego dorsza atlantyckiego (<\/span><i><span style=\"font-weight: 400;\">Gadus morhua<\/span><\/i><span style=\"font-weight: 400;\">) po\u0142awianego w spos\u00f3b zr\u00f3wnowa\u017cony.\u00a0<\/span><\/p>\n<p><span style=\"font-weight: 400;\">Omegasense Arctic Oil ma wysok\u0105 zawarto\u015b\u0107 niezb\u0119dnych d\u0142ugo\u0142a\u0144cuchowych wielonienasyconych kwas\u00f3w t\u0142uszczowych omega-3 w formie naturalnych tr\u00f3jgliceryd\u00f3w &#8211; w tym kwasu eikozapentaenowego (EPA) i dokozaheksaenowego (DHA). Produkt ma \u0142agodny, cytrynowy aromat.<\/span><\/p>\n<p><span style=\"font-weight: 400;\">Omegasense Arctic Oil to produkt przeznaczony jako uzupe\u0142nienie codziennej diety w\u00a0 wielonasycone kwasy t\u0142uszczowe Omega-3, w tym\u00a0 EPA i DHA.<\/span><\/p>\n<h3><b>Omegasense Arctic Oil \u2013 dlaczego warto?<\/b><\/h3>\n<p>Omegasense Arctic Oil zawiera DHA i EPA, kt\u00f3re przyczyniaj\u0105 si\u0119 do <span style=\"font-weight: 400;\"><sup>1,2,*<\/sup>:<\/span><\/p>\n<p>&#8211; utrzymania prawid\u0142owego funkcjonowania m\u00f3zgu (DHA)<sup>1<\/sup><br \/>\n&#8211; utrzymania prawid\u0142owego widzenia (DHA)<sup>1<\/sup><br \/>\n&#8211; prawid\u0142owego funkcjonowania serca (EPA, DHA)<sup>2<\/sup><\/p>\n<h3><b>Najwa\u017cniejsze zalety Omegasense Arctic Oil:<\/b><\/h3>\n<ul>\n<li style=\"font-weight: 400;\" aria-level=\"1\"><b>Naturalna forma tr\u00f3jgliceryd\u00f3w<\/b><span style=\"font-weight: 400;\"> \u2013 zapewnia wysok\u0105 biodost\u0119pno\u015b\u0107 i skuteczne wch\u0142anianie kwas\u00f3w omega-3.<\/span><\/li>\n<li style=\"font-weight: 400;\" aria-level=\"1\"><span style=\"font-weight: 400;\">Wska\u017anik <\/span><b>TOTOX poni\u017cej 4 <\/b><span style=\"font-weight: 400;\">\u015bwiadczy o wysokiej \u015bwie\u017co\u015bci i jako\u015bci zastosowanego oleju rybiego.<\/span><\/li>\n<li style=\"font-weight: 400;\" aria-level=\"1\"><span style=\"font-weight: 400;\">Surowiec <\/span><b>pozyskiwany z w\u0105troby dzikiego dorsza atlantyckiego<\/b><span style=\"font-weight: 400;\"> \u2013 po\u0142awianego u wybrze\u017cy Norwegii, wy\u0142\u0105cznie w \u015bci\u015ble <\/span><b>kontrolowanych obszarach i sezonach po\u0142owowych<\/b><span style=\"font-weight: 400;\">. Po\u0142\u00f3w odbywa si\u0119 na niewielkich jednostkach, w pobli\u017cu wybrze\u017ca, a wykorzystanie ca\u0142ej ryby sprawia, \u017ce proces ten jest szczeg\u00f3lnie zr\u00f3wnowa\u017cony i przyjazny \u015brodowisku.<\/span><\/li>\n<li style=\"font-weight: 400;\" aria-level=\"1\"><span style=\"font-weight: 400;\">Pochodzenie oleju: Norwegia \u2013 kraj s\u0142yn\u0105cy z czystych, ch\u0142odnych w\u00f3d i wysokich standard\u00f3w jako\u015bci.<\/span><\/li>\n<li style=\"font-weight: 400;\" aria-level=\"1\"><b>Pakowany w atmosferze ochronnej azotu<\/b><span style=\"font-weight: 400;\"> \u2013 co chroni produkt przed utlenianiem i utrat\u0105 \u015bwie\u017co\u015bci.<\/span><\/li>\n<li style=\"font-weight: 400;\" aria-level=\"1\"><span style=\"font-weight: 400;\">Specjalnie dobrane, <\/span><b>ciemne szk\u0142o dodatkowo chroni produkt<\/b><span style=\"font-weight: 400;\"> przed utlenianiem i degradacj\u0105 kwas\u00f3w Omega-3.\u00a0<\/span><\/li>\n<li style=\"font-weight: 400;\" aria-level=\"1\"><b>Delikatny i \u015bwie\u017cy cytrynowy smak<\/b><span style=\"font-weight: 400;\"> \u2013 dzi\u0119ki wysokiej jako\u015bci produktu i naturalnym\u00a0 aromatom produkt praktycznie nie zostawia rybiego posmaku i nie powoduje nieprzyjemnego odbijania.<\/span><\/li>\n<li style=\"font-weight: 400;\" aria-level=\"1\"><b>Czysty sk\u0142ad<\/b> \u2014 bez\u00a0sztucznych barwnik\u00f3w, konserwant\u00f3w i zb\u0119dnych dodatk\u00f3w<\/li>\n<\/ul>\n<h3><strong>W sk\u0142ad produktu Omegasense Arctic Oil\u00a0 wchodzi:<\/strong><\/h3>\n<p>Olej uzyskany ze <strong>\u015bwie\u017cego surowca dorsza arktycznego<\/strong> (<i>Gadus morhua<\/i>) o wysokiej zawarto\u015bci zdrowych, d\u0142ugo\u0142a\u0144cuchowych, wielonienasyconych kwas\u00f3w t\u0142uszczowych omega-3, z kt\u00f3rych najwa\u017cniejsze s\u0105 EPA i DHA.<\/p>\n<p><b>W dziennej porcji (5 ml) suplementu diety Omegasense Arctic Oil znajduje si\u0119:<\/b><\/p>\n<p>&#8211; <strong>920 mg kwas\u00f3w t\u0142uszczowych Omega-3<\/strong>, w tym:<\/p>\n<ul>\n<li>440 mg DHA<\/li>\n<li>320 mg EPA<\/li>\n<\/ul>\n<p>&nbsp;<\/p>\n<p style=\"font-weight: 400;\"><strong>Bibliografia:<\/strong><\/p>\n<p><sup>1 Korzystne dzia\u0142anie wyst\u0119puje przy dziennym spo\u017cyciu 250 mg DHA dziennie.*<br \/>\n2 Korzystne dzia\u0142anie wyst\u0119puje przy dziennym spo\u017cyciu 250 mg DHA i EPA dziennie.*<\/sup><\/p>\n<p><sup>* Nr dziennika EFSA 2010;8(10):1734, 2011;9(4):2078<\/sup><\/p>\n<p>&nbsp;<\/p>\n","protected":false},"excerpt":{"rendered":"<p><strong>Suplement diety<\/strong><\/p>\n<p><span style=\"font-weight: 400;\">Omegasense Arctic Oil ma <strong>wysok\u0105 zawarto\u015b\u0107 niezb\u0119dnych d\u0142ugo\u0142a\u0144cuchowych wielonienasyconych kwas\u00f3w t\u0142uszczowych omega-3<\/strong> w formie naturalnych tr\u00f3jgliceryd\u00f3w &#8211; w tym kwasu eikozapentaenowego (EPA) i dokozaheksaenowego (DHA). Produkt ma \u0142agodny, cytrynowy aromat.<\/span><\/p>\n","protected":false},"featured_media":169971,"template":"","meta":{"om_disable_all_campaigns":false,"inline_featured_image":false,"_monsterinsights_skip_tracking":false,"_monsterinsights_sitenote_active":false,"_monsterinsights_sitenote_note":"","_monsterinsights_sitenote_category":0},"product_brand":[],"product_cat":[78,70,83,71,86],"product_tag":[],"class_list":{"0":"post-87730","1":"product","2":"type-product","3":"status-publish","4":"has-post-thumbnail","6":"product_cat-odpornosc","7":"product_cat-tarczyca-i-uklad-hormonalny","8":"product_cat-uklad-nerwowy","9":"product_cat-watroba-i-metabolizm","10":"product_cat-skora-i-paznokcie","12":"first","13":"instock","14":"taxable","15":"shipping-taxable","16":"purchasable","17":"product-type-simple"},"acf":[],"_links":{"self":[{"href":"https:\/\/norsapharma.com\/sklep\/wp-json\/wp\/v2\/product\/87730","targetHints":{"allow":["GET"]}}],"collection":[{"href":"https:\/\/norsapharma.com\/sklep\/wp-json\/wp\/v2\/product"}],"about":[{"href":"https:\/\/norsapharma.com\/sklep\/wp-json\/wp\/v2\/types\/product"}],"wp:featuredmedia":[{"embeddable":true,"href":"https:\/\/norsapharma.com\/sklep\/wp-json\/wp\/v2\/media\/169971"}],"wp:attachment":[{"href":"https:\/\/norsapharma.com\/sklep\/wp-json\/wp\/v2\/media?parent=87730"}],"wp:term":[{"taxonomy":"product_brand","embeddable":true,"href":"https:\/\/norsapharma.com\/sklep\/wp-json\/wp\/v2\/product_brand?post=87730"},{"taxonomy":"product_cat","embeddable":true,"href":"https:\/\/norsapharma.com\/sklep\/wp-json\/wp\/v2\/product_cat?post=87730"},{"taxonomy":"product_tag","embeddable":true,"href":"https:\/\/norsapharma.com\/sklep\/wp-json\/wp\/v2\/product_tag?post=87730"}],"curies":[{"name":"wp","href":"https:\/\/api.w.org\/{rel}","templated":true}]}}